{"id":9964,"date":"2025-03-07T12:17:04","date_gmt":"2025-03-07T12:17:04","guid":{"rendered":"https:\/\/www.footgolf.sport\/merci-de-votre-attention\/"},"modified":"2025-11-14T08:20:25","modified_gmt":"2025-11-14T08:20:25","slug":"merci-de-votre-attention","status":"publish","type":"page","link":"https:\/\/www.footgolf.sport\/fr\/merci-de-votre-attention\/","title":{"rendered":"Merci de votre attention"},"content":{"rendered":"<div class=\"swpm-ty-page-registration\"><div class=\"swpm-ty-page-registration-link swpm-no-user-found swpm-yellow-box\">Si vous venez de faire un paiement pour un abonnement, votre paiement est actuellement en traitement. Veuillez v\u00e9rifier \u00e0 nouveau dans quelques minutes. Un e-mail vous sera prochainement envoy\u00e9 avec tous les d\u00e9tails.<\/div><\/div>\n","protected":false},"excerpt":{"rendered":"","protected":false},"author":1,"featured_media":0,"parent":0,"menu_order":0,"comment_status":"closed","ping_status":"closed","template":"","meta":{"footnotes":""},"class_list":["post-9964","page","type-page","status-publish","hentry"],"_links":{"self":[{"href":"https:\/\/www.footgolf.sport\/fr\/wp-json\/wp\/v2\/pages\/9964","targetHints":{"allow":["GET"]}}],"collection":[{"href":"https:\/\/www.footgolf.sport\/fr\/wp-json\/wp\/v2\/pages"}],"about":[{"href":"https:\/\/www.footgolf.sport\/fr\/wp-json\/wp\/v2\/types\/page"}],"author":[{"embeddable":true,"href":"https:\/\/www.footgolf.sport\/fr\/wp-json\/wp\/v2\/users\/1"}],"replies":[{"embeddable":true,"href":"https:\/\/www.footgolf.sport\/fr\/wp-json\/wp\/v2\/comments?post=9964"}],"version-history":[{"count":1,"href":"https:\/\/www.footgolf.sport\/fr\/wp-json\/wp\/v2\/pages\/9964\/revisions"}],"predecessor-version":[{"id":9966,"href":"https:\/\/www.footgolf.sport\/fr\/wp-json\/wp\/v2\/pages\/9964\/revisions\/9966"}],"wp:attachment":[{"href":"https:\/\/www.footgolf.sport\/fr\/wp-json\/wp\/v2\/media?parent=9964"}],"curies":[{"name":"wp","href":"https:\/\/api.w.org\/{rel}","templated":true}]}}