{"id":10906,"date":"2024-10-08T09:40:09","date_gmt":"2024-10-08T09:40:09","guid":{"rendered":"https:\/\/www.footgolf.sport\/nouvelles-fifg\/"},"modified":"2025-11-14T22:54:52","modified_gmt":"2025-11-14T22:54:52","slug":"nouvelles-fifg","status":"publish","type":"page","link":"https:\/\/www.footgolf.sport\/fr\/nouvelles-fifg\/","title":{"rendered":"Nouvelles Fifg"},"content":{"rendered":"\t\t<div data-elementor-type=\"wp-page\" data-elementor-id=\"10906\" class=\"elementor elementor-10906 elementor-4598\" data-elementor-post-type=\"page\">\n\t\t\t\t<div class=\"elementor-element elementor-element-41f4769 e-con-full e-flex e-con e-parent\" data-id=\"41f4769\" data-element_type=\"container\" data-e-type=\"container\">\n\t\t\t\t<div class=\"elementor-element elementor-element-b27666a elementor-widget__width-initial elementor-absolute sc_fly_static elementor-widget elementor-widget-shortcode\" data-id=\"b27666a\" data-element_type=\"widget\" data-e-type=\"widget\" data-settings=\"{&quot;_position&quot;:&quot;absolute&quot;}\" data-widget_type=\"shortcode.default\">\n\t\t\t\t<div class=\"elementor-widget-container\">\n\t\t\t\t\t\t\t<div class=\"elementor-shortcode\">Germany To Host The Youth World Cup 2026\n<\/div>\n\t\t\t\t\t\t<\/div>\n\t\t\t\t<\/div>\n\t\t\t\t<div class=\"elementor-element elementor-element-30909aa elementor-widget__width-initial elementor-absolute sc_fly_static elementor-widget elementor-widget-shortcode\" data-id=\"30909aa\" data-element_type=\"widget\" data-e-type=\"widget\" data-settings=\"{&quot;_position&quot;:&quot;absolute&quot;}\" data-widget_type=\"shortcode.default\">\n\t\t\t\t<div class=\"elementor-widget-container\">\n\t\t\t\t\t\t\t<div class=\"elementor-shortcode\">About the Selection Process Following the initial bid round, the FIFG Youth Committee and Board carefully reviewed all applications. Unfortunately,\u2026<\/div>\n\t\t\t\t\t\t<\/div>\n\t\t\t\t<\/div>\n\t\t\t\t<\/div>\n\t\t<div class=\"elementor-element elementor-element-eaea91b e-con-full sc_layouts_hide_on_wide sc_layouts_hide_on_desktop sc_layouts_hide_on_notebook sc_layouts_hide_on_tablet sc_layouts_hide_on_mobile e-flex e-con e-parent\" data-id=\"eaea91b\" data-element_type=\"container\" data-e-type=\"container\">\n\t\t\t\t<\/div>\n\t\t<div class=\"elementor-element elementor-element-d08fb42 e-con-full e-flex e-con e-parent\" data-id=\"d08fb42\" data-element_type=\"container\" data-e-type=\"container\">\n\t\t\t\t<div class=\"elementor-element elementor-element-e228c46 sc_fly_static elementor-widget elementor-widget-image\" data-id=\"e228c46\" data-element_type=\"widget\" data-e-type=\"widget\" data-widget_type=\"image.default\">\n\t\t\t\t<div class=\"elementor-widget-container\">\n\t\t\t\t\t\t\t\t\t\t\t\t\t\t\t\t<a href=\"https:\/\/www.footgolf.sport\/fr\/blog\/la-fifg-met-en-oeuvre-avec-succes-un-projet-pilote-antidopage\/\">\n\t\t\t\t\t\t\t<img fetchpriority=\"high\" decoding=\"async\" width=\"1024\" height=\"769\" src=\"https:\/\/www.footgolf.sport\/wp-content\/uploads\/2025\/11\/193053_bd616526f7954862810a04960-1-1024x769.webp\" class=\"attachment-large size-large wp-image-11457\" alt=\"\" srcset=\"https:\/\/www.footgolf.sport\/wp-content\/uploads\/2025\/11\/193053_bd616526f7954862810a04960-1-1024x769.webp 1024w, https:\/\/www.footgolf.sport\/wp-content\/uploads\/2025\/11\/193053_bd616526f7954862810a04960-1-300x225.webp 300w, https:\/\/www.footgolf.sport\/wp-content\/uploads\/2025\/11\/193053_bd616526f7954862810a04960-1-768x577.webp 768w, https:\/\/www.footgolf.sport\/wp-content\/uploads\/2025\/11\/193053_bd616526f7954862810a04960-1-1536x1153.webp 1536w, https:\/\/www.footgolf.sport\/wp-content\/uploads\/2025\/11\/193053_bd616526f7954862810a04960-1-370x278.webp 370w, https:\/\/www.footgolf.sport\/wp-content\/uploads\/2025\/11\/193053_bd616526f7954862810a04960-1-818x614.webp 818w, https:\/\/www.footgolf.sport\/wp-content\/uploads\/2025\/11\/193053_bd616526f7954862810a04960-1-406x305.webp 406w, https:\/\/www.footgolf.sport\/wp-content\/uploads\/2025\/11\/193053_bd616526f7954862810a04960-1-500x375.webp 500w, https:\/\/www.footgolf.sport\/wp-content\/uploads\/2025\/11\/193053_bd616526f7954862810a04960-1-400x300.webp 400w, https:\/\/www.footgolf.sport\/wp-content\/uploads\/2025\/11\/193053_bd616526f7954862810a04960-1-32x24.webp 32w, https:\/\/www.footgolf.sport\/wp-content\/uploads\/2025\/11\/193053_bd616526f7954862810a04960-1.webp 1598w\" sizes=\"(max-width: 1024px) 100vw, 1024px\" \/>\t\t\t\t\t\t\t\t<\/a>\n\t\t\t\t\t\t\t\t\t\t\t\t\t\t\t<\/div>\n\t\t\t\t<\/div>\n\t\t<div class=\"elementor-element elementor-element-0ada027 e-transform e-flex e-con-boxed e-con e-child\" data-id=\"0ada027\" data-element_type=\"container\" data-e-type=\"container\" data-settings=\"{&quot;position&quot;:&quot;absolute&quot;,&quot;_transform_translateY_effect&quot;:{&quot;unit&quot;:&quot;%&quot;,&quot;size&quot;:-70,&quot;sizes&quot;:[]},&quot;_transform_translateY_effect_tablet&quot;:{&quot;unit&quot;:&quot;%&quot;,&quot;size&quot;:&quot;&quot;,&quot;sizes&quot;:[]},&quot;_transform_translateY_effect_mobile&quot;:{&quot;unit&quot;:&quot;%&quot;,&quot;size&quot;:&quot;&quot;,&quot;sizes&quot;:[]},&quot;_transform_translateX_effect&quot;:{&quot;unit&quot;:&quot;px&quot;,&quot;size&quot;:&quot;&quot;,&quot;sizes&quot;:[]},&quot;_transform_translateX_effect_tablet&quot;:{&quot;unit&quot;:&quot;px&quot;,&quot;size&quot;:&quot;&quot;,&quot;sizes&quot;:[]},&quot;_transform_translateX_effect_mobile&quot;:{&quot;unit&quot;:&quot;px&quot;,&quot;size&quot;:&quot;&quot;,&quot;sizes&quot;:[]}}\">\n\t\t\t\t\t<div class=\"e-con-inner\">\n\t\t\t\t<div class=\"elementor-element elementor-element-424b215 sc_fly_static elementor-widget elementor-widget-button\" data-id=\"424b215\" data-element_type=\"widget\" data-e-type=\"widget\" data-widget_type=\"button.default\">\n\t\t\t\t<div class=\"elementor-widget-container\">\n\t\t\t\t\t\t\t\t\t<div class=\"elementor-button-wrapper\">\n\t\t\t\t\t<a class=\"elementor-button elementor-size-sm\" role=\"button\">\n\t\t\t\t\t\t<span class=\"elementor-button-content-wrapper\">\n\t\t\t\t\t\t\t\t\t<span class=\"elementor-button-text\">FIFG NEWS<\/span>\n\t\t\t\t\t<\/span>\n\t\t\t\t\t<\/a>\n\t\t\t\t<\/div>\n\t\t\t\t\t\t\t\t<\/div>\n\t\t\t\t<\/div>\n\t\t\t\t<div class=\"elementor-element elementor-element-643cc45 elementor-widget__width-initial sc_fly_static elementor-widget elementor-widget-heading\" data-id=\"643cc45\" data-element_type=\"widget\" data-e-type=\"widget\" data-widget_type=\"heading.default\">\n\t\t\t\t<div class=\"elementor-widget-container\">\n\t\t\t\t\t<h2 class=\"elementor-heading-title elementor-size-default\"><a href=\"https:\/\/www.footgolf.sport\/fr\/blog\/la-fifg-met-en-oeuvre-avec-succes-un-projet-pilote-antidopage\/\">La FIFG met en \u0153uvre avec succ\u00e8s un projet pilote antidopage<\/a><\/h2>\t\t\t\t<\/div>\n\t\t\t\t<\/div>\n\t\t\t\t<div class=\"elementor-element elementor-element-a2b9f50 elementor-widget__width-initial sc_fly_static elementor-widget elementor-widget-text-editor\" data-id=\"a2b9f50\" data-element_type=\"widget\" data-e-type=\"widget\" data-widget_type=\"text-editor.default\">\n\t\t\t\t<div class=\"elementor-widget-container\">\n\t\t\t\t\t\t\t\t\t<p>La Federaci\u00f3n Internacional de FootGolf (IFOP) se complace en anunciar su asociaci\u00f3n con la Agencia Internacional de Pruebas (ITA ) para una iniciativa innovadora en materia de educaci\u00f3n y pruebas<\/p>\t\t\t\t\t\t\t\t<\/div>\n\t\t\t\t<\/div>\n\t\t\t\t<div class=\"elementor-element elementor-element-d2a1222 sc_fly_static elementor-widget elementor-widget-button\" data-id=\"d2a1222\" data-element_type=\"widget\" data-e-type=\"widget\" data-widget_type=\"button.default\">\n\t\t\t\t<div class=\"elementor-widget-container\">\n\t\t\t\t\t\t\t\t\t<div class=\"elementor-button-wrapper\">\n\t\t\t\t\t<a class=\"elementor-button elementor-button-link elementor-size-sm\" href=\"https:\/\/www.footgolf.sport\/fr\/blog\/la-fifg-met-en-oeuvre-avec-succes-un-projet-pilote-antidopage\/\">\n\t\t\t\t\t\t<span class=\"elementor-button-content-wrapper\">\n\t\t\t\t\t\t\t\t\t<span class=\"elementor-button-text\">LIRE LA SUITE<\/span>\n\t\t\t\t\t<\/span>\n\t\t\t\t\t<\/a>\n\t\t\t\t<\/div>\n\t\t\t\t\t\t\t\t<\/div>\n\t\t\t\t<\/div>\n\t\t\t\t\t<\/div>\n\t\t\t\t<\/div>\n\t\t\t\t<\/div>\n\t\t<div class=\"elementor-element elementor-element-9b1cd62 e-flex e-con-boxed e-con e-parent\" data-id=\"9b1cd62\" data-element_type=\"container\" data-e-type=\"container\">\n\t\t\t\t\t<div class=\"e-con-inner\">\n\t\t\t\t\t<\/div>\n\t\t\t\t<\/div>\n\t\t\t\t<\/div>\n\t\t","protected":false},"excerpt":{"rendered":"<p>FIFG NEWS La FIFG met en \u0153uvre avec succ\u00e8s un projet pilote antidopage La Federaci\u00f3n Internacional de FootGolf (IFOP) se&hellip;<\/p>\n","protected":false},"author":1,"featured_media":0,"parent":0,"menu_order":0,"comment_status":"closed","ping_status":"closed","template":"","meta":{"footnotes":""},"class_list":["post-10906","page","type-page","status-publish","hentry"],"_links":{"self":[{"href":"https:\/\/www.footgolf.sport\/fr\/wp-json\/wp\/v2\/pages\/10906","targetHints":{"allow":["GET"]}}],"collection":[{"href":"https:\/\/www.footgolf.sport\/fr\/wp-json\/wp\/v2\/pages"}],"about":[{"href":"https:\/\/www.footgolf.sport\/fr\/wp-json\/wp\/v2\/types\/page"}],"author":[{"embeddable":true,"href":"https:\/\/www.footgolf.sport\/fr\/wp-json\/wp\/v2\/users\/1"}],"replies":[{"embeddable":true,"href":"https:\/\/www.footgolf.sport\/fr\/wp-json\/wp\/v2\/comments?post=10906"}],"version-history":[{"count":5,"href":"https:\/\/www.footgolf.sport\/fr\/wp-json\/wp\/v2\/pages\/10906\/revisions"}],"predecessor-version":[{"id":11464,"href":"https:\/\/www.footgolf.sport\/fr\/wp-json\/wp\/v2\/pages\/10906\/revisions\/11464"}],"wp:attachment":[{"href":"https:\/\/www.footgolf.sport\/fr\/wp-json\/wp\/v2\/media?parent=10906"}],"curies":[{"name":"wp","href":"https:\/\/api.w.org\/{rel}","templated":true}]}}