{"id":10813,"date":"2018-11-19T09:43:45","date_gmt":"2018-11-19T09:43:45","guid":{"rendered":"https:\/\/www.footgolf.sport\/politique-de-confidentialite\/"},"modified":"2025-11-14T08:24:48","modified_gmt":"2025-11-14T08:24:48","slug":"politique-de-confidentialite","status":"publish","type":"page","link":"https:\/\/www.footgolf.sport\/fr\/politique-de-confidentialite\/","title":{"rendered":"Politique de confidentialit\u00e9"},"content":{"rendered":"\t\t<div data-elementor-type=\"wp-post\" data-elementor-id=\"10813\" class=\"elementor elementor-10813 elementor-129\" data-elementor-post-type=\"page\">\n\t\t\t\t\t\t<section class=\"elementor-section elementor-top-section elementor-element elementor-element-3a1d82e0 elementor-section-boxed elementor-section-height-default elementor-section-height-default\" data-id=\"3a1d82e0\" data-element_type=\"section\" data-e-type=\"section\" data-settings=\"{&quot;background_background&quot;:&quot;classic&quot;}\">\n\t\t\t\t\t\t<div class=\"elementor-container elementor-column-gap-extended\">\n\t\t\t\t\t<div class=\"elementor-column elementor-col-100 elementor-top-column elementor-element elementor-element-17d28fcd sc_inner_width_none sc_layouts_column_icons_position_left\" data-id=\"17d28fcd\" data-element_type=\"column\" data-e-type=\"column\">\n\t\t\t<div class=\"elementor-widget-wrap elementor-element-populated\">\n\t\t\t\t\t\t<div class=\"elementor-element elementor-element-79746625 sc_fly_static elementor-widget elementor-widget-text-editor\" data-id=\"79746625\" data-element_type=\"widget\" data-e-type=\"widget\" data-widget_type=\"text-editor.default\">\n\t\t\t\t<div class=\"elementor-widget-container\">\n\t\t\t\t\t\t\t\t\t<h5>POLITIQUE DES MAGASINS<\/h5><h5>Service client\u00e8le<\/h5><p>Je suis une section consacr\u00e9e \u00e0 l&rsquo;assistance \u00e0 la client\u00e8le. C&rsquo;est l&rsquo;endroit id\u00e9al pour r\u00e9diger un long texte sur votre entreprise et vos services et, surtout, sur la mani\u00e8re de contacter votre magasin pour poser des questions. La r\u00e9daction d&rsquo;une politique d&rsquo;assistance \u00e0 la client\u00e8le d\u00e9taill\u00e9e est un excellent moyen d&rsquo;instaurer la confiance et de rassurer vos clients sur le fait qu&rsquo;ils peuvent acheter en toute confiance.  <\/p><p>Je suis le deuxi\u00e8me paragraphe de votre section sur l&rsquo;assistance \u00e0 la client\u00e8le. Cliquez ici pour ajouter votre propre texte et me modifier. C&rsquo;est tr\u00e8s simple. Il vous suffit de cliquer sur \u00ab\u00a0Modifier le texte\u00a0\u00bb ou de double-cliquer sur moi pour ajouter des d\u00e9tails sur votre politique et modifier la police de caract\u00e8res. Je suis l&rsquo;endroit id\u00e9al pour raconter une histoire et permettre \u00e0 vos utilisateurs d&rsquo;en savoir un peu plus sur vous.    <\/p><h5>Vie priv\u00e9e et s\u00e9curit\u00e9<\/h5><p>Je suis une section consacr\u00e9e \u00e0 la politique de confidentialit\u00e9 et de s\u00e9curit\u00e9. C&rsquo;est l&rsquo;endroit id\u00e9al pour informer vos clients de la mani\u00e8re dont vous utilisez, stockez et prot\u00e9gez leurs informations personnelles. Ajoutez des d\u00e9tails tels que la fa\u00e7on dont vous utilisez des services bancaires tiers pour v\u00e9rifier les paiements, la fa\u00e7on dont vous collectez les donn\u00e9es ou le moment o\u00f9 vous contacterez les utilisateurs apr\u00e8s que leur achat a \u00e9t\u00e9 effectu\u00e9 avec succ\u00e8s.  <\/p><p>La protection de la vie priv\u00e9e de vos utilisateurs est de la plus haute importance pour votre entreprise. Prenez donc le temps de r\u00e9diger une politique pr\u00e9cise et d\u00e9taill\u00e9e. Utilisez un langage simple pour gagner leur confiance et vous assurer qu&rsquo;ils reviendront sur votre site ! <\/p><h5>Demandes de renseignements sur le commerce de gros<\/h5><p>Je suis une section r\u00e9serv\u00e9e aux demandes de renseignements des grossistes. C&rsquo;est un endroit id\u00e9al pour informer d&rsquo;autres d\u00e9taillants sur la mani\u00e8re dont ils peuvent vendre vos magnifiques produits. Utilisez un langage clair et donnez autant d&rsquo;informations que possible afin de promouvoir votre entreprise et de la faire passer \u00e0 la vitesse sup\u00e9rieure.  <\/p><p>niveau suivant !<\/p><p>Je suis le deuxi\u00e8me paragraphe de votre section sur les demandes de prix de gros. Cliquez ici pour ajouter votre propre texte et me modifier. C&rsquo;est tr\u00e8s simple. Il vous suffit de cliquer sur \u00ab\u00a0Modifier le texte\u00a0\u00bb ou de double-cliquer sur moi pour ajouter des d\u00e9tails sur votre politique et modifier la police de caract\u00e8res. Je suis l&rsquo;endroit id\u00e9al pour raconter une histoire et permettre \u00e0 vos utilisateurs d&rsquo;en savoir un peu plus sur vous.    <\/p><h5>Modes de paiement<\/h5><p>&#8211; Cartes de cr\u00e9dit \/ d\u00e9bit<br>&#8211; PAYPAL<\/p><p>&#8211; Paiements hors ligne<\/p>\t\t\t\t\t\t\t\t<\/div>\n\t\t\t\t<\/div>\n\t\t\t\t<div class=\"elementor-element elementor-element-6c97aa68 sc_fly_static elementor-widget elementor-widget-spacer\" data-id=\"6c97aa68\" data-element_type=\"widget\" data-e-type=\"widget\" data-widget_type=\"spacer.default\">\n\t\t\t\t<div class=\"elementor-widget-container\">\n\t\t\t\t\t\t\t<div class=\"elementor-spacer\">\n\t\t\t<div class=\"elementor-spacer-inner\"><\/div>\n\t\t<\/div>\n\t\t\t\t\t\t<\/div>\n\t\t\t\t<\/div>\n\t\t\t\t\t<\/div>\n\t\t<\/div>\n\t\t\t\t\t<\/div>\n\t\t<\/section>\n\t\t\t\t<\/div>\n\t\t","protected":false},"excerpt":{"rendered":"<p>POLITIQUE DES MAGASINS Service client\u00e8le Je suis une section consacr\u00e9e \u00e0 l&rsquo;assistance \u00e0 la client\u00e8le. C&rsquo;est l&rsquo;endroit id\u00e9al pour r\u00e9diger&hellip;<\/p>\n","protected":false},"author":1,"featured_media":0,"parent":0,"menu_order":0,"comment_status":"closed","ping_status":"closed","template":"","meta":{"footnotes":""},"class_list":["post-10813","page","type-page","status-publish","hentry"],"_links":{"self":[{"href":"https:\/\/www.footgolf.sport\/fr\/wp-json\/wp\/v2\/pages\/10813","targetHints":{"allow":["GET"]}}],"collection":[{"href":"https:\/\/www.footgolf.sport\/fr\/wp-json\/wp\/v2\/pages"}],"about":[{"href":"https:\/\/www.footgolf.sport\/fr\/wp-json\/wp\/v2\/types\/page"}],"author":[{"embeddable":true,"href":"https:\/\/www.footgolf.sport\/fr\/wp-json\/wp\/v2\/users\/1"}],"replies":[{"embeddable":true,"href":"https:\/\/www.footgolf.sport\/fr\/wp-json\/wp\/v2\/comments?post=10813"}],"version-history":[{"count":2,"href":"https:\/\/www.footgolf.sport\/fr\/wp-json\/wp\/v2\/pages\/10813\/revisions"}],"predecessor-version":[{"id":10819,"href":"https:\/\/www.footgolf.sport\/fr\/wp-json\/wp\/v2\/pages\/10813\/revisions\/10819"}],"wp:attachment":[{"href":"https:\/\/www.footgolf.sport\/fr\/wp-json\/wp\/v2\/media?parent=10813"}],"curies":[{"name":"wp","href":"https:\/\/api.w.org\/{rel}","templated":true}]}}