{"id":10393,"date":"2024-11-01T11:01:51","date_gmt":"2024-11-01T11:01:51","guid":{"rendered":"https:\/\/www.footgolf.sport\/guide-des-obstacles\/"},"modified":"2025-11-14T08:49:29","modified_gmt":"2025-11-14T08:49:29","slug":"guide-des-obstacles","status":"publish","type":"page","link":"https:\/\/www.footgolf.sport\/fr\/guide-des-obstacles\/","title":{"rendered":"Guide des obstacles"},"content":{"rendered":"\t\t<div data-elementor-type=\"wp-page\" data-elementor-id=\"10393\" class=\"elementor elementor-10393 elementor-6767\" data-elementor-post-type=\"page\">\n\t\t\t\t<div class=\"elementor-element elementor-element-78c4dfb e-con-full e-flex e-con e-parent\" data-id=\"78c4dfb\" data-element_type=\"container\" data-e-type=\"container\">\n\t\t\t\t<div class=\"elementor-element elementor-element-d69191d elementor--h-position-center elementor--v-position-middle sc_fly_static elementor-widget elementor-widget-slides\" data-id=\"d69191d\" data-element_type=\"widget\" data-e-type=\"widget\" data-settings=\"{&quot;navigation&quot;:&quot;none&quot;,&quot;transition&quot;:&quot;slide&quot;,&quot;transition_speed&quot;:500}\" data-widget_type=\"slides.default\">\n\t\t\t\t<div class=\"elementor-widget-container\">\n\t\t\t\t\t\t\t\t\t<div class=\"elementor-swiper\">\n\t\t\t\t\t<div class=\"elementor-slides-wrapper elementor-main-swiper swiper\" role=\"region\" aria-roledescription=\"carousel\" aria-label=\"Diapositives\" dir=\"ltr\" data-animation=\"\">\n\t\t\t\t<div class=\"swiper-wrapper elementor-slides\">\n\t\t\t\t\t\t\t\t\t\t<div class=\"elementor-repeater-item-8c5efd9 swiper-slide\" role=\"group\" aria-roledescription=\"slide\"><div class=\"swiper-slide-bg\" role=\"img\" aria-label=\"Un joueur de footGolf s&#039;appr\u00eate \u00e0 frapper la balle sur un parcours vert avec d&#039;autres balles visibles.\"><\/div><div class=\"elementor-background-overlay\"><\/div><div class=\"swiper-slide-inner\" ><div class=\"swiper-slide-contents\"><div class=\"elementor-slide-heading\">Guide des obstacles<\/div><\/div><\/div><\/div>\t\t\t\t<\/div>\n\t\t\t\t\t\t\t<\/div>\n\t\t\t\t<\/div>\n\t\t\t\t\t\t\t\t<\/div>\n\t\t\t\t<\/div>\n\t\t\t\t<\/div>\n\t\t<div class=\"elementor-element elementor-element-b9b4c74 e-flex e-con-boxed e-con e-parent\" data-id=\"b9b4c74\" data-element_type=\"container\" data-e-type=\"container\">\n\t\t\t\t\t<div class=\"e-con-inner\">\n\t\t\t\t<div class=\"elementor-element elementor-element-8f7781f sc_fly_static elementor-widget elementor-widget-image\" data-id=\"8f7781f\" data-element_type=\"widget\" data-e-type=\"widget\" data-widget_type=\"image.default\">\n\t\t\t\t<div class=\"elementor-widget-container\">\n\t\t\t\t\t\t\t\t\t\t\t\t\t\t\t<img fetchpriority=\"high\" decoding=\"async\" width=\"1960\" height=\"948\" src=\"https:\/\/www.footgolf.sport\/wp-content\/uploads\/2024\/11\/FIFG_obstructions_guide_2023_1.webp\" class=\"attachment-full size-full wp-image-10395\" alt=\"Diagramme de FootGolf expliquant comment g\u00e9rer les obstacles libres.\" srcset=\"https:\/\/www.footgolf.sport\/wp-content\/uploads\/2024\/11\/FIFG_obstructions_guide_2023_1.webp 1960w, https:\/\/www.footgolf.sport\/wp-content\/uploads\/2024\/11\/FIFG_obstructions_guide_2023_1-300x145.webp 300w, https:\/\/www.footgolf.sport\/wp-content\/uploads\/2024\/11\/FIFG_obstructions_guide_2023_1-1024x495.webp 1024w, https:\/\/www.footgolf.sport\/wp-content\/uploads\/2024\/11\/FIFG_obstructions_guide_2023_1-768x371.webp 768w, https:\/\/www.footgolf.sport\/wp-content\/uploads\/2024\/11\/FIFG_obstructions_guide_2023_1-1536x743.webp 1536w, https:\/\/www.footgolf.sport\/wp-content\/uploads\/2024\/11\/FIFG_obstructions_guide_2023_1-370x179.webp 370w, https:\/\/www.footgolf.sport\/wp-content\/uploads\/2024\/11\/FIFG_obstructions_guide_2023_1-818x396.webp 818w, https:\/\/www.footgolf.sport\/wp-content\/uploads\/2024\/11\/FIFG_obstructions_guide_2023_1-406x196.webp 406w, https:\/\/www.footgolf.sport\/wp-content\/uploads\/2024\/11\/FIFG_obstructions_guide_2023_1-500x242.webp 500w, https:\/\/www.footgolf.sport\/wp-content\/uploads\/2024\/11\/FIFG_obstructions_guide_2023_1-400x193.webp 400w, https:\/\/www.footgolf.sport\/wp-content\/uploads\/2024\/11\/FIFG_obstructions_guide_2023_1-32x15.webp 32w\" sizes=\"(max-width: 1960px) 100vw, 1960px\" \/>\t\t\t\t\t\t\t\t\t\t\t\t\t\t\t<\/div>\n\t\t\t\t<\/div>\n\t\t\t\t<div class=\"elementor-element elementor-element-afaf005 sc_fly_static elementor-widget elementor-widget-image\" data-id=\"afaf005\" data-element_type=\"widget\" data-e-type=\"widget\" data-widget_type=\"image.default\">\n\t\t\t\t<div class=\"elementor-widget-container\">\n\t\t\t\t\t\t\t\t\t\t\t\t\t\t\t<img decoding=\"async\" width=\"1960\" height=\"896\" src=\"https:\/\/www.footgolf.sport\/wp-content\/uploads\/2024\/11\/FIFG_obstructions_guide_2023_2.webp\" class=\"attachment-full size-full wp-image-10396\" alt=\"Sch\u00e9ma FootGolf expliquant comment g\u00e9rer les obstacles mobiles.\" srcset=\"https:\/\/www.footgolf.sport\/wp-content\/uploads\/2024\/11\/FIFG_obstructions_guide_2023_2.webp 1960w, https:\/\/www.footgolf.sport\/wp-content\/uploads\/2024\/11\/FIFG_obstructions_guide_2023_2-300x137.webp 300w, https:\/\/www.footgolf.sport\/wp-content\/uploads\/2024\/11\/FIFG_obstructions_guide_2023_2-1024x468.webp 1024w, https:\/\/www.footgolf.sport\/wp-content\/uploads\/2024\/11\/FIFG_obstructions_guide_2023_2-768x351.webp 768w, https:\/\/www.footgolf.sport\/wp-content\/uploads\/2024\/11\/FIFG_obstructions_guide_2023_2-1536x702.webp 1536w, https:\/\/www.footgolf.sport\/wp-content\/uploads\/2024\/11\/FIFG_obstructions_guide_2023_2-370x169.webp 370w, https:\/\/www.footgolf.sport\/wp-content\/uploads\/2024\/11\/FIFG_obstructions_guide_2023_2-818x374.webp 818w, https:\/\/www.footgolf.sport\/wp-content\/uploads\/2024\/11\/FIFG_obstructions_guide_2023_2-406x186.webp 406w, https:\/\/www.footgolf.sport\/wp-content\/uploads\/2024\/11\/FIFG_obstructions_guide_2023_2-500x229.webp 500w, https:\/\/www.footgolf.sport\/wp-content\/uploads\/2024\/11\/FIFG_obstructions_guide_2023_2-400x183.webp 400w, https:\/\/www.footgolf.sport\/wp-content\/uploads\/2024\/11\/FIFG_obstructions_guide_2023_2-32x15.webp 32w\" sizes=\"(max-width: 1960px) 100vw, 1960px\" \/>\t\t\t\t\t\t\t\t\t\t\t\t\t\t\t<\/div>\n\t\t\t\t<\/div>\n\t\t\t\t<div class=\"elementor-element elementor-element-10fc60e sc_fly_static elementor-widget elementor-widget-image\" data-id=\"10fc60e\" data-element_type=\"widget\" data-e-type=\"widget\" data-widget_type=\"image.default\">\n\t\t\t\t<div class=\"elementor-widget-container\">\n\t\t\t\t\t\t\t\t\t\t\t\t\t\t\t<img decoding=\"async\" width=\"1960\" height=\"900\" src=\"https:\/\/www.footgolf.sport\/wp-content\/uploads\/2024\/11\/FIFG_obstructions_guide_2023_6.webp\" class=\"attachment-full size-full wp-image-10397\" alt=\"Diagramme FootGolf expliquant les options de secours en cas de conditions anormales sur le parcours.\" srcset=\"https:\/\/www.footgolf.sport\/wp-content\/uploads\/2024\/11\/FIFG_obstructions_guide_2023_6.webp 1960w, https:\/\/www.footgolf.sport\/wp-content\/uploads\/2024\/11\/FIFG_obstructions_guide_2023_6-300x138.webp 300w, https:\/\/www.footgolf.sport\/wp-content\/uploads\/2024\/11\/FIFG_obstructions_guide_2023_6-1024x470.webp 1024w, https:\/\/www.footgolf.sport\/wp-content\/uploads\/2024\/11\/FIFG_obstructions_guide_2023_6-768x353.webp 768w, https:\/\/www.footgolf.sport\/wp-content\/uploads\/2024\/11\/FIFG_obstructions_guide_2023_6-1536x705.webp 1536w, https:\/\/www.footgolf.sport\/wp-content\/uploads\/2024\/11\/FIFG_obstructions_guide_2023_6-370x170.webp 370w, https:\/\/www.footgolf.sport\/wp-content\/uploads\/2024\/11\/FIFG_obstructions_guide_2023_6-818x376.webp 818w, https:\/\/www.footgolf.sport\/wp-content\/uploads\/2024\/11\/FIFG_obstructions_guide_2023_6-406x186.webp 406w, https:\/\/www.footgolf.sport\/wp-content\/uploads\/2024\/11\/FIFG_obstructions_guide_2023_6-500x230.webp 500w, https:\/\/www.footgolf.sport\/wp-content\/uploads\/2024\/11\/FIFG_obstructions_guide_2023_6-400x184.webp 400w, https:\/\/www.footgolf.sport\/wp-content\/uploads\/2024\/11\/FIFG_obstructions_guide_2023_6-32x15.webp 32w\" sizes=\"(max-width: 1960px) 100vw, 1960px\" \/>\t\t\t\t\t\t\t\t\t\t\t\t\t\t\t<\/div>\n\t\t\t\t<\/div>\n\t\t\t\t<div class=\"elementor-element elementor-element-1115f93 sc_fly_static elementor-widget elementor-widget-image\" data-id=\"1115f93\" data-element_type=\"widget\" data-e-type=\"widget\" data-widget_type=\"image.default\">\n\t\t\t\t<div class=\"elementor-widget-container\">\n\t\t\t\t\t\t\t\t\t\t\t\t\t\t\t<img loading=\"lazy\" decoding=\"async\" width=\"1960\" height=\"900\" src=\"https:\/\/www.footgolf.sport\/wp-content\/uploads\/2024\/11\/FIFG_obstructions_guide_2023_5.webp\" class=\"attachment-full size-full wp-image-10398\" alt=\"Le diagramme des r\u00e8gles de FootGolf pour les conditions de parcours dangereuses.\" srcset=\"https:\/\/www.footgolf.sport\/wp-content\/uploads\/2024\/11\/FIFG_obstructions_guide_2023_5.webp 1960w, https:\/\/www.footgolf.sport\/wp-content\/uploads\/2024\/11\/FIFG_obstructions_guide_2023_5-300x138.webp 300w, https:\/\/www.footgolf.sport\/wp-content\/uploads\/2024\/11\/FIFG_obstructions_guide_2023_5-1024x470.webp 1024w, https:\/\/www.footgolf.sport\/wp-content\/uploads\/2024\/11\/FIFG_obstructions_guide_2023_5-768x353.webp 768w, https:\/\/www.footgolf.sport\/wp-content\/uploads\/2024\/11\/FIFG_obstructions_guide_2023_5-1536x705.webp 1536w, https:\/\/www.footgolf.sport\/wp-content\/uploads\/2024\/11\/FIFG_obstructions_guide_2023_5-370x170.webp 370w, https:\/\/www.footgolf.sport\/wp-content\/uploads\/2024\/11\/FIFG_obstructions_guide_2023_5-818x376.webp 818w, https:\/\/www.footgolf.sport\/wp-content\/uploads\/2024\/11\/FIFG_obstructions_guide_2023_5-406x186.webp 406w, https:\/\/www.footgolf.sport\/wp-content\/uploads\/2024\/11\/FIFG_obstructions_guide_2023_5-500x230.webp 500w, https:\/\/www.footgolf.sport\/wp-content\/uploads\/2024\/11\/FIFG_obstructions_guide_2023_5-400x184.webp 400w, https:\/\/www.footgolf.sport\/wp-content\/uploads\/2024\/11\/FIFG_obstructions_guide_2023_5-32x15.webp 32w\" sizes=\"(max-width: 1960px) 100vw, 1960px\" \/>\t\t\t\t\t\t\t\t\t\t\t\t\t\t\t<\/div>\n\t\t\t\t<\/div>\n\t\t\t\t<div class=\"elementor-element elementor-element-20b5004 sc_fly_static elementor-widget elementor-widget-image\" data-id=\"20b5004\" data-element_type=\"widget\" data-e-type=\"widget\" data-widget_type=\"image.default\">\n\t\t\t\t<div class=\"elementor-widget-container\">\n\t\t\t\t\t\t\t\t\t\t\t\t\t\t\t<img loading=\"lazy\" decoding=\"async\" width=\"1960\" height=\"900\" src=\"https:\/\/www.footgolf.sport\/wp-content\/uploads\/2024\/11\/FIFG_obstructions_guide_2023_4.webp\" class=\"attachment-full size-full wp-image-10399\" alt=\"Le diagramme des r\u00e8gles du FootGolf pour les obstacles inamovibles.\" srcset=\"https:\/\/www.footgolf.sport\/wp-content\/uploads\/2024\/11\/FIFG_obstructions_guide_2023_4.webp 1960w, https:\/\/www.footgolf.sport\/wp-content\/uploads\/2024\/11\/FIFG_obstructions_guide_2023_4-300x138.webp 300w, https:\/\/www.footgolf.sport\/wp-content\/uploads\/2024\/11\/FIFG_obstructions_guide_2023_4-1024x470.webp 1024w, https:\/\/www.footgolf.sport\/wp-content\/uploads\/2024\/11\/FIFG_obstructions_guide_2023_4-768x353.webp 768w, https:\/\/www.footgolf.sport\/wp-content\/uploads\/2024\/11\/FIFG_obstructions_guide_2023_4-1536x705.webp 1536w, https:\/\/www.footgolf.sport\/wp-content\/uploads\/2024\/11\/FIFG_obstructions_guide_2023_4-370x170.webp 370w, https:\/\/www.footgolf.sport\/wp-content\/uploads\/2024\/11\/FIFG_obstructions_guide_2023_4-818x376.webp 818w, https:\/\/www.footgolf.sport\/wp-content\/uploads\/2024\/11\/FIFG_obstructions_guide_2023_4-406x186.webp 406w, https:\/\/www.footgolf.sport\/wp-content\/uploads\/2024\/11\/FIFG_obstructions_guide_2023_4-500x230.webp 500w, https:\/\/www.footgolf.sport\/wp-content\/uploads\/2024\/11\/FIFG_obstructions_guide_2023_4-400x184.webp 400w, https:\/\/www.footgolf.sport\/wp-content\/uploads\/2024\/11\/FIFG_obstructions_guide_2023_4-32x15.webp 32w\" sizes=\"(max-width: 1960px) 100vw, 1960px\" \/>\t\t\t\t\t\t\t\t\t\t\t\t\t\t\t<\/div>\n\t\t\t\t<\/div>\n\t\t\t\t<div class=\"elementor-element elementor-element-22540c7 sc_fly_static elementor-widget elementor-widget-image\" data-id=\"22540c7\" data-element_type=\"widget\" data-e-type=\"widget\" data-widget_type=\"image.default\">\n\t\t\t\t<div class=\"elementor-widget-container\">\n\t\t\t\t\t\t\t\t\t\t\t\t\t\t\t<img loading=\"lazy\" decoding=\"async\" width=\"1960\" height=\"900\" src=\"https:\/\/www.footgolf.sport\/wp-content\/uploads\/2024\/11\/FIFG_obstructions_guide_2023_3.webp\" class=\"attachment-full size-full wp-image-10401\" alt=\"Un guide visuel des r\u00e8gles de FootGolf concernant le d\u00e9gagement des marqueurs de d\u00e9part et le hors-limites.\" srcset=\"https:\/\/www.footgolf.sport\/wp-content\/uploads\/2024\/11\/FIFG_obstructions_guide_2023_3.webp 1960w, https:\/\/www.footgolf.sport\/wp-content\/uploads\/2024\/11\/FIFG_obstructions_guide_2023_3-300x138.webp 300w, https:\/\/www.footgolf.sport\/wp-content\/uploads\/2024\/11\/FIFG_obstructions_guide_2023_3-1024x470.webp 1024w, https:\/\/www.footgolf.sport\/wp-content\/uploads\/2024\/11\/FIFG_obstructions_guide_2023_3-768x353.webp 768w, https:\/\/www.footgolf.sport\/wp-content\/uploads\/2024\/11\/FIFG_obstructions_guide_2023_3-1536x705.webp 1536w, https:\/\/www.footgolf.sport\/wp-content\/uploads\/2024\/11\/FIFG_obstructions_guide_2023_3-370x170.webp 370w, https:\/\/www.footgolf.sport\/wp-content\/uploads\/2024\/11\/FIFG_obstructions_guide_2023_3-818x376.webp 818w, https:\/\/www.footgolf.sport\/wp-content\/uploads\/2024\/11\/FIFG_obstructions_guide_2023_3-406x186.webp 406w, https:\/\/www.footgolf.sport\/wp-content\/uploads\/2024\/11\/FIFG_obstructions_guide_2023_3-500x230.webp 500w, https:\/\/www.footgolf.sport\/wp-content\/uploads\/2024\/11\/FIFG_obstructions_guide_2023_3-400x184.webp 400w, https:\/\/www.footgolf.sport\/wp-content\/uploads\/2024\/11\/FIFG_obstructions_guide_2023_3-32x15.webp 32w\" sizes=\"(max-width: 1960px) 100vw, 1960px\" \/>\t\t\t\t\t\t\t\t\t\t\t\t\t\t\t<\/div>\n\t\t\t\t<\/div>\n\t\t\t\t\t<\/div>\n\t\t\t\t<\/div>\n\t\t\t\t<\/div>\n\t\t","protected":false},"excerpt":{"rendered":"<p>Guide des obstacles<\/p>\n","protected":false},"author":1,"featured_media":0,"parent":0,"menu_order":0,"comment_status":"closed","ping_status":"closed","template":"","meta":{"footnotes":""},"class_list":["post-10393","page","type-page","status-publish","hentry"],"_links":{"self":[{"href":"https:\/\/www.footgolf.sport\/fr\/wp-json\/wp\/v2\/pages\/10393","targetHints":{"allow":["GET"]}}],"collection":[{"href":"https:\/\/www.footgolf.sport\/fr\/wp-json\/wp\/v2\/pages"}],"about":[{"href":"https:\/\/www.footgolf.sport\/fr\/wp-json\/wp\/v2\/types\/page"}],"author":[{"embeddable":true,"href":"https:\/\/www.footgolf.sport\/fr\/wp-json\/wp\/v2\/users\/1"}],"replies":[{"embeddable":true,"href":"https:\/\/www.footgolf.sport\/fr\/wp-json\/wp\/v2\/comments?post=10393"}],"version-history":[{"count":3,"href":"https:\/\/www.footgolf.sport\/fr\/wp-json\/wp\/v2\/pages\/10393\/revisions"}],"predecessor-version":[{"id":11146,"href":"https:\/\/www.footgolf.sport\/fr\/wp-json\/wp\/v2\/pages\/10393\/revisions\/11146"}],"wp:attachment":[{"href":"https:\/\/www.footgolf.sport\/fr\/wp-json\/wp\/v2\/media?parent=10393"}],"curies":[{"name":"wp","href":"https:\/\/api.w.org\/{rel}","templated":true}]}}