{"id":10360,"date":"2024-11-04T11:19:20","date_gmt":"2024-11-04T11:19:20","guid":{"rendered":"https:\/\/www.footgolf.sport\/amerique-du-nord\/"},"modified":"2025-11-14T08:57:02","modified_gmt":"2025-11-14T08:57:02","slug":"amerique-du-nord","status":"publish","type":"page","link":"https:\/\/www.footgolf.sport\/fr\/amerique-du-nord\/","title":{"rendered":"Am\u00e9rique du Nord"},"content":{"rendered":"\t\t<div data-elementor-type=\"wp-page\" data-elementor-id=\"10360\" class=\"elementor elementor-10360 elementor-6852\" data-elementor-post-type=\"page\">\n\t\t\t\t<div class=\"elementor-element elementor-element-d0952cf e-con-full e-flex e-con e-parent\" data-id=\"d0952cf\" data-element_type=\"container\" data-e-type=\"container\">\n\t\t\t\t<div class=\"elementor-element elementor-element-7327797 elementor--h-position-center elementor--v-position-middle sc_fly_static elementor-widget elementor-widget-slides\" data-id=\"7327797\" data-element_type=\"widget\" data-e-type=\"widget\" data-settings=\"{&quot;navigation&quot;:&quot;none&quot;,&quot;transition&quot;:&quot;slide&quot;,&quot;transition_speed&quot;:500}\" data-widget_type=\"slides.default\">\n\t\t\t\t<div class=\"elementor-widget-container\">\n\t\t\t\t\t\t\t\t\t<div class=\"elementor-swiper\">\n\t\t\t\t\t<div class=\"elementor-slides-wrapper elementor-main-swiper swiper\" role=\"region\" aria-roledescription=\"carousel\" aria-label=\"Slides\" dir=\"ltr\" data-animation=\"\">\n\t\t\t\t<div class=\"swiper-wrapper elementor-slides\">\n\t\t\t\t\t\t\t\t\t\t<div class=\"elementor-repeater-item-8c5efd9 swiper-slide\" role=\"group\" aria-roledescription=\"slide\"><div class=\"swiper-slide-bg\" role=\"img\" aria-label=\"Un homme de l&#039;\u00e9quipe am\u00e9ricaine sur un terrain de golf apr\u00e8s avoir frapp\u00e9 le ballon.\"><\/div><div class=\"elementor-background-overlay\"><\/div><div class=\"swiper-slide-inner\" ><div class=\"swiper-slide-contents\"><div class=\"elementor-slide-heading\">Nord - CENTRAL<br>Am\u00e9rique et Cara\u00efbes<br>nations<\/div><\/div><\/div><\/div>\t\t\t\t<\/div>\n\t\t\t\t\t\t\t<\/div>\n\t\t\t\t<\/div>\n\t\t\t\t\t\t\t\t<\/div>\n\t\t\t\t<\/div>\n\t\t\t\t<\/div>\n\t\t<div class=\"elementor-element elementor-element-5e1d343 reveal e-flex e-con-boxed e-con e-parent\" data-id=\"5e1d343\" data-element_type=\"container\" data-e-type=\"container\">\n\t\t\t\t\t<div class=\"e-con-inner\">\n\t\t<div class=\"elementor-element elementor-element-dc7b5c9 e-con-full e-flex e-con e-child\" data-id=\"dc7b5c9\" data-element_type=\"container\" data-e-type=\"container\" data-settings=\"{&quot;background_background&quot;:&quot;classic&quot;}\">\n\t\t\t\t<div class=\"elementor-element elementor-element-7770695 sc_fly_static elementor-widget elementor-widget-image\" data-id=\"7770695\" data-element_type=\"widget\" data-e-type=\"widget\" data-widget_type=\"image.default\">\n\t\t\t\t<div class=\"elementor-widget-container\">\n\t\t\t\t\t\t\t\t\t\t\t\t\t\t\t<img fetchpriority=\"high\" decoding=\"async\" width=\"1000\" height=\"667\" src=\"https:\/\/www.footgolf.sport\/wp-content\/uploads\/2024\/11\/canada-flag-waving-medium.png\" class=\"attachment-large size-large wp-image-10366\" alt=\"Image du drapeau canadien flottant.\" srcset=\"https:\/\/www.footgolf.sport\/wp-content\/uploads\/2024\/11\/canada-flag-waving-medium.png 1000w, https:\/\/www.footgolf.sport\/wp-content\/uploads\/2024\/11\/canada-flag-waving-medium-300x200.png 300w, https:\/\/www.footgolf.sport\/wp-content\/uploads\/2024\/11\/canada-flag-waving-medium-768x512.png 768w, https:\/\/www.footgolf.sport\/wp-content\/uploads\/2024\/11\/canada-flag-waving-medium-370x247.png 370w, https:\/\/www.footgolf.sport\/wp-content\/uploads\/2024\/11\/canada-flag-waving-medium-818x546.png 818w, https:\/\/www.footgolf.sport\/wp-content\/uploads\/2024\/11\/canada-flag-waving-medium-406x271.png 406w, https:\/\/www.footgolf.sport\/wp-content\/uploads\/2024\/11\/canada-flag-waving-medium-500x334.png 500w, https:\/\/www.footgolf.sport\/wp-content\/uploads\/2024\/11\/canada-flag-waving-medium-400x267.png 400w, https:\/\/www.footgolf.sport\/wp-content\/uploads\/2024\/11\/canada-flag-waving-medium-32x21.png 32w\" sizes=\"(max-width: 1000px) 100vw, 1000px\" \/>\t\t\t\t\t\t\t\t\t\t\t\t\t\t\t<\/div>\n\t\t\t\t<\/div>\n\t\t\t\t<div class=\"elementor-element elementor-element-7077ad4 sc_fly_static elementor-widget elementor-widget-heading\" data-id=\"7077ad4\" data-element_type=\"widget\" data-e-type=\"widget\" data-widget_type=\"heading.default\">\n\t\t\t\t<div class=\"elementor-widget-container\">\n\t\t\t\t\t<h2 class=\"elementor-heading-title elementor-size-default\">Canada<\/h2>\t\t\t\t<\/div>\n\t\t\t\t<\/div>\n\t\t\t\t<div class=\"elementor-element elementor-element-fd025e8 sc_fly_static elementor-widget elementor-widget-heading\" data-id=\"fd025e8\" data-element_type=\"widget\" data-e-type=\"widget\" data-widget_type=\"heading.default\">\n\t\t\t\t<div class=\"elementor-widget-container\">\n\t\t\t\t\t<h2 class=\"elementor-heading-title elementor-size-default\">Am\u00e9rique du Nord<\/h2>\t\t\t\t<\/div>\n\t\t\t\t<\/div>\n\t\t\t\t<div class=\"elementor-element elementor-element-6d410bc elementor-align-left elementor-mobile-align-justify sc_fly_static elementor-widget elementor-widget-button\" data-id=\"6d410bc\" data-element_type=\"widget\" data-e-type=\"widget\" data-widget_type=\"button.default\">\n\t\t\t\t<div class=\"elementor-widget-container\">\n\t\t\t\t\t\t\t\t\t<div class=\"elementor-button-wrapper\">\n\t\t\t\t\t<a class=\"elementor-button elementor-button-link elementor-size-sm\" href=\"https:\/\/www.footgolf.sport\/fr\/amerique-du-nord\/canada\/\">\n\t\t\t\t\t\t<span class=\"elementor-button-content-wrapper\">\n\t\t\t\t\t\t<span class=\"elementor-button-icon\">\n\t\t\t\t<i aria-hidden=\"true\" class=\"fas fa-arrow-right\"><\/i>\t\t\t<\/span>\n\t\t\t\t\t\t\t\t\t<span class=\"elementor-button-text\">en savoir plus<\/span>\n\t\t\t\t\t<\/span>\n\t\t\t\t\t<\/a>\n\t\t\t\t<\/div>\n\t\t\t\t\t\t\t\t<\/div>\n\t\t\t\t<\/div>\n\t\t\t\t<\/div>\n\t\t<div class=\"elementor-element elementor-element-9697ab6 e-con-full e-flex e-con e-child\" data-id=\"9697ab6\" data-element_type=\"container\" data-e-type=\"container\" data-settings=\"{&quot;background_background&quot;:&quot;classic&quot;}\">\n\t\t\t\t<div class=\"elementor-element elementor-element-a745096 sc_fly_static elementor-widget elementor-widget-image\" data-id=\"a745096\" data-element_type=\"widget\" data-e-type=\"widget\" data-widget_type=\"image.default\">\n\t\t\t\t<div class=\"elementor-widget-container\">\n\t\t\t\t\t\t\t\t\t\t\t\t\t\t\t<img decoding=\"async\" width=\"1000\" height=\"667\" src=\"https:\/\/www.footgolf.sport\/wp-content\/uploads\/2025\/08\/dominican-republic-flag-waving-medium.png\" class=\"attachment-large size-large wp-image-10372\" alt=\"\" srcset=\"https:\/\/www.footgolf.sport\/wp-content\/uploads\/2025\/08\/dominican-republic-flag-waving-medium.png 1000w, https:\/\/www.footgolf.sport\/wp-content\/uploads\/2025\/08\/dominican-republic-flag-waving-medium-300x200.png 300w, https:\/\/www.footgolf.sport\/wp-content\/uploads\/2025\/08\/dominican-republic-flag-waving-medium-768x512.png 768w, https:\/\/www.footgolf.sport\/wp-content\/uploads\/2025\/08\/dominican-republic-flag-waving-medium-370x247.png 370w, https:\/\/www.footgolf.sport\/wp-content\/uploads\/2025\/08\/dominican-republic-flag-waving-medium-818x546.png 818w, https:\/\/www.footgolf.sport\/wp-content\/uploads\/2025\/08\/dominican-republic-flag-waving-medium-406x271.png 406w, https:\/\/www.footgolf.sport\/wp-content\/uploads\/2025\/08\/dominican-republic-flag-waving-medium-500x334.png 500w, https:\/\/www.footgolf.sport\/wp-content\/uploads\/2025\/08\/dominican-republic-flag-waving-medium-400x267.png 400w, https:\/\/www.footgolf.sport\/wp-content\/uploads\/2025\/08\/dominican-republic-flag-waving-medium-32x21.png 32w\" sizes=\"(max-width: 1000px) 100vw, 1000px\" \/>\t\t\t\t\t\t\t\t\t\t\t\t\t\t\t<\/div>\n\t\t\t\t<\/div>\n\t\t\t\t<div class=\"elementor-element elementor-element-d3574df sc_fly_static elementor-widget elementor-widget-heading\" data-id=\"d3574df\" data-element_type=\"widget\" data-e-type=\"widget\" data-widget_type=\"heading.default\">\n\t\t\t\t<div class=\"elementor-widget-container\">\n\t\t\t\t\t<h2 class=\"elementor-heading-title elementor-size-default\">R\u00e9publique dominicaine<\/h2>\t\t\t\t<\/div>\n\t\t\t\t<\/div>\n\t\t\t\t<div class=\"elementor-element elementor-element-9a74424 sc_fly_static elementor-widget elementor-widget-heading\" data-id=\"9a74424\" data-element_type=\"widget\" data-e-type=\"widget\" data-widget_type=\"heading.default\">\n\t\t\t\t<div class=\"elementor-widget-container\">\n\t\t\t\t\t<h2 class=\"elementor-heading-title elementor-size-default\">Am\u00e9rique du Nord<\/h2>\t\t\t\t<\/div>\n\t\t\t\t<\/div>\n\t\t\t\t<div class=\"elementor-element elementor-element-bcd4199 elementor-align-left elementor-mobile-align-justify sc_fly_static elementor-widget elementor-widget-button\" data-id=\"bcd4199\" data-element_type=\"widget\" data-e-type=\"widget\" data-widget_type=\"button.default\">\n\t\t\t\t<div class=\"elementor-widget-container\">\n\t\t\t\t\t\t\t\t\t<div class=\"elementor-button-wrapper\">\n\t\t\t\t\t<a class=\"elementor-button elementor-button-link elementor-size-sm\" href=\"https:\/\/www.footgolf.sport\/fr\/?page_id=9983\">\n\t\t\t\t\t\t<span class=\"elementor-button-content-wrapper\">\n\t\t\t\t\t\t<span class=\"elementor-button-icon\">\n\t\t\t\t<i aria-hidden=\"true\" class=\"fas fa-arrow-right\"><\/i>\t\t\t<\/span>\n\t\t\t\t\t\t\t\t\t<span class=\"elementor-button-text\">en savoir plus<\/span>\n\t\t\t\t\t<\/span>\n\t\t\t\t\t<\/a>\n\t\t\t\t<\/div>\n\t\t\t\t\t\t\t\t<\/div>\n\t\t\t\t<\/div>\n\t\t\t\t<\/div>\n\t\t<div class=\"elementor-element elementor-element-acd4fb2 e-con-full e-flex e-con e-child\" data-id=\"acd4fb2\" data-element_type=\"container\" data-e-type=\"container\" data-settings=\"{&quot;background_background&quot;:&quot;classic&quot;}\">\n\t\t\t\t<div class=\"elementor-element elementor-element-18408ac sc_fly_static elementor-widget elementor-widget-image\" data-id=\"18408ac\" data-element_type=\"widget\" data-e-type=\"widget\" data-widget_type=\"image.default\">\n\t\t\t\t<div class=\"elementor-widget-container\">\n\t\t\t\t\t\t\t\t\t\t\t\t\t\t\t<img decoding=\"async\" width=\"1000\" height=\"667\" src=\"https:\/\/www.footgolf.sport\/wp-content\/uploads\/2024\/11\/honduras-flag-waving-medium.png\" class=\"attachment-large size-large wp-image-10368\" alt=\"Image du drapeau hondurien agit\u00e9.\" srcset=\"https:\/\/www.footgolf.sport\/wp-content\/uploads\/2024\/11\/honduras-flag-waving-medium.png 1000w, https:\/\/www.footgolf.sport\/wp-content\/uploads\/2024\/11\/honduras-flag-waving-medium-300x200.png 300w, https:\/\/www.footgolf.sport\/wp-content\/uploads\/2024\/11\/honduras-flag-waving-medium-768x512.png 768w, https:\/\/www.footgolf.sport\/wp-content\/uploads\/2024\/11\/honduras-flag-waving-medium-370x247.png 370w, https:\/\/www.footgolf.sport\/wp-content\/uploads\/2024\/11\/honduras-flag-waving-medium-818x546.png 818w, https:\/\/www.footgolf.sport\/wp-content\/uploads\/2024\/11\/honduras-flag-waving-medium-406x271.png 406w, https:\/\/www.footgolf.sport\/wp-content\/uploads\/2024\/11\/honduras-flag-waving-medium-500x334.png 500w, https:\/\/www.footgolf.sport\/wp-content\/uploads\/2024\/11\/honduras-flag-waving-medium-400x267.png 400w, https:\/\/www.footgolf.sport\/wp-content\/uploads\/2024\/11\/honduras-flag-waving-medium-32x21.png 32w\" sizes=\"(max-width: 1000px) 100vw, 1000px\" \/>\t\t\t\t\t\t\t\t\t\t\t\t\t\t\t<\/div>\n\t\t\t\t<\/div>\n\t\t\t\t<div class=\"elementor-element elementor-element-f07e548 sc_fly_static elementor-widget elementor-widget-heading\" data-id=\"f07e548\" data-element_type=\"widget\" data-e-type=\"widget\" data-widget_type=\"heading.default\">\n\t\t\t\t<div class=\"elementor-widget-container\">\n\t\t\t\t\t<h2 class=\"elementor-heading-title elementor-size-default\">HONDURAS<\/h2>\t\t\t\t<\/div>\n\t\t\t\t<\/div>\n\t\t\t\t<div class=\"elementor-element elementor-element-228ab59 sc_fly_static elementor-widget elementor-widget-heading\" data-id=\"228ab59\" data-element_type=\"widget\" data-e-type=\"widget\" data-widget_type=\"heading.default\">\n\t\t\t\t<div class=\"elementor-widget-container\">\n\t\t\t\t\t<h2 class=\"elementor-heading-title elementor-size-default\">AM\u00c9RIQUE CENTRALE<\/h2>\t\t\t\t<\/div>\n\t\t\t\t<\/div>\n\t\t\t\t<div class=\"elementor-element elementor-element-1c5ee59 elementor-align-left elementor-mobile-align-justify sc_fly_static elementor-widget elementor-widget-button\" data-id=\"1c5ee59\" data-element_type=\"widget\" data-e-type=\"widget\" data-widget_type=\"button.default\">\n\t\t\t\t<div class=\"elementor-widget-container\">\n\t\t\t\t\t\t\t\t\t<div class=\"elementor-button-wrapper\">\n\t\t\t\t\t<a class=\"elementor-button elementor-button-link elementor-size-sm\" href=\"https:\/\/www.footgolf.sport\/fr\/amerique-du-nord\/honduras\/\">\n\t\t\t\t\t\t<span class=\"elementor-button-content-wrapper\">\n\t\t\t\t\t\t<span class=\"elementor-button-icon\">\n\t\t\t\t<i aria-hidden=\"true\" class=\"fas fa-arrow-right\"><\/i>\t\t\t<\/span>\n\t\t\t\t\t\t\t\t\t<span class=\"elementor-button-text\">en savoir plus<\/span>\n\t\t\t\t\t<\/span>\n\t\t\t\t\t<\/a>\n\t\t\t\t<\/div>\n\t\t\t\t\t\t\t\t<\/div>\n\t\t\t\t<\/div>\n\t\t\t\t<\/div>\n\t\t<div class=\"elementor-element elementor-element-890a83b e-con-full e-flex e-con e-child\" data-id=\"890a83b\" data-element_type=\"container\" data-e-type=\"container\" data-settings=\"{&quot;background_background&quot;:&quot;classic&quot;}\">\n\t\t\t\t<div class=\"elementor-element elementor-element-d6933cf sc_fly_static elementor-widget elementor-widget-image\" data-id=\"d6933cf\" data-element_type=\"widget\" data-e-type=\"widget\" data-widget_type=\"image.default\">\n\t\t\t\t<div class=\"elementor-widget-container\">\n\t\t\t\t\t\t\t\t\t\t\t\t\t\t\t<img loading=\"lazy\" decoding=\"async\" width=\"1000\" height=\"667\" src=\"https:\/\/www.footgolf.sport\/wp-content\/uploads\/2024\/11\/mexico-flag-waving-medium.png\" class=\"attachment-large size-large wp-image-10370\" alt=\"Image du drapeau mexicain agit\u00e9.\" srcset=\"https:\/\/www.footgolf.sport\/wp-content\/uploads\/2024\/11\/mexico-flag-waving-medium.png 1000w, https:\/\/www.footgolf.sport\/wp-content\/uploads\/2024\/11\/mexico-flag-waving-medium-300x200.png 300w, https:\/\/www.footgolf.sport\/wp-content\/uploads\/2024\/11\/mexico-flag-waving-medium-768x512.png 768w, https:\/\/www.footgolf.sport\/wp-content\/uploads\/2024\/11\/mexico-flag-waving-medium-370x247.png 370w, https:\/\/www.footgolf.sport\/wp-content\/uploads\/2024\/11\/mexico-flag-waving-medium-818x546.png 818w, https:\/\/www.footgolf.sport\/wp-content\/uploads\/2024\/11\/mexico-flag-waving-medium-406x271.png 406w, https:\/\/www.footgolf.sport\/wp-content\/uploads\/2024\/11\/mexico-flag-waving-medium-500x334.png 500w, https:\/\/www.footgolf.sport\/wp-content\/uploads\/2024\/11\/mexico-flag-waving-medium-400x267.png 400w, https:\/\/www.footgolf.sport\/wp-content\/uploads\/2024\/11\/mexico-flag-waving-medium-32x21.png 32w\" sizes=\"(max-width: 1000px) 100vw, 1000px\" \/>\t\t\t\t\t\t\t\t\t\t\t\t\t\t\t<\/div>\n\t\t\t\t<\/div>\n\t\t\t\t<div class=\"elementor-element elementor-element-276d22f sc_fly_static elementor-widget elementor-widget-heading\" data-id=\"276d22f\" data-element_type=\"widget\" data-e-type=\"widget\" data-widget_type=\"heading.default\">\n\t\t\t\t<div class=\"elementor-widget-container\">\n\t\t\t\t\t<h2 class=\"elementor-heading-title elementor-size-default\">MEXIQUE<\/h2>\t\t\t\t<\/div>\n\t\t\t\t<\/div>\n\t\t\t\t<div class=\"elementor-element elementor-element-3800d39 sc_fly_static elementor-widget elementor-widget-heading\" data-id=\"3800d39\" data-element_type=\"widget\" data-e-type=\"widget\" data-widget_type=\"heading.default\">\n\t\t\t\t<div class=\"elementor-widget-container\">\n\t\t\t\t\t<h2 class=\"elementor-heading-title elementor-size-default\">AM\u00c9RIQUE DU NORD<\/h2>\t\t\t\t<\/div>\n\t\t\t\t<\/div>\n\t\t\t\t<div class=\"elementor-element elementor-element-84e9953 elementor-align-left elementor-mobile-align-justify sc_fly_static elementor-widget elementor-widget-button\" data-id=\"84e9953\" data-element_type=\"widget\" data-e-type=\"widget\" data-widget_type=\"button.default\">\n\t\t\t\t<div class=\"elementor-widget-container\">\n\t\t\t\t\t\t\t\t\t<div class=\"elementor-button-wrapper\">\n\t\t\t\t\t<a class=\"elementor-button elementor-button-link elementor-size-sm\" href=\"https:\/\/www.footgolf.sport\/fr\/amerique-du-nord\/mexique\/\">\n\t\t\t\t\t\t<span class=\"elementor-button-content-wrapper\">\n\t\t\t\t\t\t<span class=\"elementor-button-icon\">\n\t\t\t\t<i aria-hidden=\"true\" class=\"fas fa-arrow-right\"><\/i>\t\t\t<\/span>\n\t\t\t\t\t\t\t\t\t<span class=\"elementor-button-text\">en savoir plus<\/span>\n\t\t\t\t\t<\/span>\n\t\t\t\t\t<\/a>\n\t\t\t\t<\/div>\n\t\t\t\t\t\t\t\t<\/div>\n\t\t\t\t<\/div>\n\t\t\t\t<\/div>\n\t\t<div class=\"elementor-element elementor-element-50792e8 e-con-full e-flex e-con e-child\" data-id=\"50792e8\" data-element_type=\"container\" data-e-type=\"container\" data-settings=\"{&quot;background_background&quot;:&quot;classic&quot;}\">\n\t\t\t\t<div class=\"elementor-element elementor-element-f5ba349 sc_fly_static elementor-widget elementor-widget-image\" data-id=\"f5ba349\" data-element_type=\"widget\" data-e-type=\"widget\" data-widget_type=\"image.default\">\n\t\t\t\t<div class=\"elementor-widget-container\">\n\t\t\t\t\t\t\t\t\t\t\t\t\t\t\t<img loading=\"lazy\" decoding=\"async\" width=\"1000\" height=\"667\" src=\"https:\/\/www.footgolf.sport\/wp-content\/uploads\/2024\/11\/united-states-of-america-flag-waving-medium.png\" class=\"attachment-large size-large wp-image-10369\" alt=\"Image du drapeau des \u00c9tats-Unis d&#039;Am\u00e9rique agit\u00e9.\" srcset=\"https:\/\/www.footgolf.sport\/wp-content\/uploads\/2024\/11\/united-states-of-america-flag-waving-medium.png 1000w, https:\/\/www.footgolf.sport\/wp-content\/uploads\/2024\/11\/united-states-of-america-flag-waving-medium-300x200.png 300w, https:\/\/www.footgolf.sport\/wp-content\/uploads\/2024\/11\/united-states-of-america-flag-waving-medium-768x512.png 768w, https:\/\/www.footgolf.sport\/wp-content\/uploads\/2024\/11\/united-states-of-america-flag-waving-medium-370x247.png 370w, https:\/\/www.footgolf.sport\/wp-content\/uploads\/2024\/11\/united-states-of-america-flag-waving-medium-818x546.png 818w, https:\/\/www.footgolf.sport\/wp-content\/uploads\/2024\/11\/united-states-of-america-flag-waving-medium-406x271.png 406w, https:\/\/www.footgolf.sport\/wp-content\/uploads\/2024\/11\/united-states-of-america-flag-waving-medium-500x334.png 500w, https:\/\/www.footgolf.sport\/wp-content\/uploads\/2024\/11\/united-states-of-america-flag-waving-medium-400x267.png 400w, https:\/\/www.footgolf.sport\/wp-content\/uploads\/2024\/11\/united-states-of-america-flag-waving-medium-32x21.png 32w\" sizes=\"(max-width: 1000px) 100vw, 1000px\" \/>\t\t\t\t\t\t\t\t\t\t\t\t\t\t\t<\/div>\n\t\t\t\t<\/div>\n\t\t\t\t<div class=\"elementor-element elementor-element-7c21d7b sc_fly_static elementor-widget elementor-widget-heading\" data-id=\"7c21d7b\" data-element_type=\"widget\" data-e-type=\"widget\" data-widget_type=\"heading.default\">\n\t\t\t\t<div class=\"elementor-widget-container\">\n\t\t\t\t\t<h2 class=\"elementor-heading-title elementor-size-default\">\u00c9tats-Unis<\/h2>\t\t\t\t<\/div>\n\t\t\t\t<\/div>\n\t\t\t\t<div class=\"elementor-element elementor-element-6d3873c sc_fly_static elementor-widget elementor-widget-heading\" data-id=\"6d3873c\" data-element_type=\"widget\" data-e-type=\"widget\" data-widget_type=\"heading.default\">\n\t\t\t\t<div class=\"elementor-widget-container\">\n\t\t\t\t\t<h2 class=\"elementor-heading-title elementor-size-default\">Am\u00e9rique du Nord<\/h2>\t\t\t\t<\/div>\n\t\t\t\t<\/div>\n\t\t\t\t<div class=\"elementor-element elementor-element-595fd29 elementor-align-left elementor-mobile-align-justify sc_fly_static elementor-widget elementor-widget-button\" data-id=\"595fd29\" data-element_type=\"widget\" data-e-type=\"widget\" data-widget_type=\"button.default\">\n\t\t\t\t<div class=\"elementor-widget-container\">\n\t\t\t\t\t\t\t\t\t<div class=\"elementor-button-wrapper\">\n\t\t\t\t\t<a class=\"elementor-button elementor-button-link elementor-size-sm\" href=\"https:\/\/www.footgolf.sport\/fr\/amerique-du-nord\/etats-unis\/\">\n\t\t\t\t\t\t<span class=\"elementor-button-content-wrapper\">\n\t\t\t\t\t\t<span class=\"elementor-button-icon\">\n\t\t\t\t<i aria-hidden=\"true\" class=\"fas fa-arrow-right\"><\/i>\t\t\t<\/span>\n\t\t\t\t\t\t\t\t\t<span class=\"elementor-button-text\">en savoir plus<\/span>\n\t\t\t\t\t<\/span>\n\t\t\t\t\t<\/a>\n\t\t\t\t<\/div>\n\t\t\t\t\t\t\t\t<\/div>\n\t\t\t\t<\/div>\n\t\t\t\t<\/div>\n\t\t\t\t\t<\/div>\n\t\t\t\t<\/div>\n\t\t<div class=\"elementor-element elementor-element-c062b2a e-flex e-con-boxed e-con e-parent\" data-id=\"c062b2a\" data-element_type=\"container\" data-e-type=\"container\">\n\t\t\t\t\t<div class=\"e-con-inner\">\n\t\t\t\t<div class=\"elementor-element elementor-element-038be6c elementor-align-justify elementor-mobile-align-justify sc_fly_static elementor-widget elementor-widget-button\" data-id=\"038be6c\" data-element_type=\"widget\" data-e-type=\"widget\" data-widget_type=\"button.default\">\n\t\t\t\t<div class=\"elementor-widget-container\">\n\t\t\t\t\t\t\t\t\t<div class=\"elementor-button-wrapper\">\n\t\t\t\t\t<a class=\"elementor-button elementor-button-link elementor-size-sm\" href=\"https:\/\/fifg.bluegolf.com\/bluegolf\/fifg24\/poy\/ar1menov\/index.htm\" target=\"_blank\" rel=\"noopener\">\n\t\t\t\t\t\t<span class=\"elementor-button-content-wrapper\">\n\t\t\t\t\t\t<span class=\"elementor-button-icon\">\n\t\t\t\t<i aria-hidden=\"true\" class=\"fas fa-arrow-right\"><\/i>\t\t\t<\/span>\n\t\t\t\t\t\t\t\t\t<span class=\"elementor-button-text\">CLASSEMENT R\u00c9GIONAL - TOUTES CAT\u00c9GORIES<\/span>\n\t\t\t\t\t<\/span>\n\t\t\t\t\t<\/a>\n\t\t\t\t<\/div>\n\t\t\t\t\t\t\t\t<\/div>\n\t\t\t\t<\/div>\n\t\t\t\t\t<\/div>\n\t\t\t\t<\/div>\n\t\t\t\t<\/div>\n\t\t","protected":false},"excerpt":{"rendered":"<p>Nord &#8211; CENTRALAm\u00e9rique et Cara\u00efbesnations Canada Am\u00e9rique du Nord en savoir plus R\u00e9publique dominicaine Am\u00e9rique du Nord en savoir plus&hellip;<\/p>\n","protected":false},"author":1,"featured_media":0,"parent":0,"menu_order":0,"comment_status":"closed","ping_status":"closed","template":"","meta":{"footnotes":""},"class_list":["post-10360","page","type-page","status-publish","hentry"],"_links":{"self":[{"href":"https:\/\/www.footgolf.sport\/fr\/wp-json\/wp\/v2\/pages\/10360","targetHints":{"allow":["GET"]}}],"collection":[{"href":"https:\/\/www.footgolf.sport\/fr\/wp-json\/wp\/v2\/pages"}],"about":[{"href":"https:\/\/www.footgolf.sport\/fr\/wp-json\/wp\/v2\/types\/page"}],"author":[{"embeddable":true,"href":"https:\/\/www.footgolf.sport\/fr\/wp-json\/wp\/v2\/users\/1"}],"replies":[{"embeddable":true,"href":"https:\/\/www.footgolf.sport\/fr\/wp-json\/wp\/v2\/comments?post=10360"}],"version-history":[{"count":5,"href":"https:\/\/www.footgolf.sport\/fr\/wp-json\/wp\/v2\/pages\/10360\/revisions"}],"predecessor-version":[{"id":11158,"href":"https:\/\/www.footgolf.sport\/fr\/wp-json\/wp\/v2\/pages\/10360\/revisions\/11158"}],"wp:attachment":[{"href":"https:\/\/www.footgolf.sport\/fr\/wp-json\/wp\/v2\/media?parent=10360"}],"curies":[{"name":"wp","href":"https:\/\/api.w.org\/{rel}","templated":true}]}}