{"id":9985,"date":"2025-07-30T09:25:07","date_gmt":"2025-07-30T09:25:07","guid":{"rendered":"https:\/\/www.footgolf.sport\/gracias\/"},"modified":"2025-11-14T09:31:26","modified_gmt":"2025-11-14T09:31:26","slug":"gracias","status":"publish","type":"page","link":"https:\/\/www.footgolf.sport\/es\/gracias\/","title":{"rendered":"Gracias"},"content":{"rendered":"\t\t<div data-elementor-type=\"wp-page\" data-elementor-id=\"9985\" class=\"elementor elementor-9985 elementor-9545\" data-elementor-post-type=\"page\">\n\t\t\t\t<div class=\"elementor-element elementor-element-50c9fe1d e-flex e-con-boxed e-con e-parent\" data-id=\"50c9fe1d\" data-element_type=\"container\" data-e-type=\"container\" data-settings=\"{&quot;background_background&quot;:&quot;classic&quot;}\">\n\t\t\t\t\t<div class=\"e-con-inner\">\n\t\t\t\t<div class=\"elementor-element elementor-element-1b295d9f sc_fly_static elementor-widget elementor-widget-heading\" data-id=\"1b295d9f\" data-element_type=\"widget\" data-e-type=\"widget\" data-widget_type=\"heading.default\">\n\t\t\t\t<div class=\"elementor-widget-container\">\n\t\t\t\t\t<h6 class=\"elementor-heading-title elementor-size-default\">Gracias por inscribirte.\n<\/h6>\t\t\t\t<\/div>\n\t\t\t\t<\/div>\n\t\t\t\t<div class=\"elementor-element elementor-element-633ab7c5 sc_fly_static elementor-widget elementor-widget-heading\" data-id=\"633ab7c5\" data-element_type=\"widget\" data-e-type=\"widget\" data-widget_type=\"heading.default\">\n\t\t\t\t<div class=\"elementor-widget-container\">\n\t\t\t\t\t<h1 class=\"elementor-heading-title elementor-size-default\">Nuestro equipo revisar\u00e1 tu solicitud y se pondr\u00e1 en contacto contigo por correo electr\u00f3nico en cuanto se haya aprobado tu afiliaci\u00f3n.\n\n\n\n\n\n<\/h1>\t\t\t\t<\/div>\n\t\t\t\t<\/div>\n\t\t<div class=\"elementor-element elementor-element-3ae516f1 e-con-full e-flex e-con e-child\" data-id=\"3ae516f1\" data-element_type=\"container\" data-e-type=\"container\">\n\t\t\t\t<div class=\"elementor-element elementor-element-43c5c186 elementor-align-center sc_fly_static elementor-widget elementor-widget-button\" data-id=\"43c5c186\" data-element_type=\"widget\" data-e-type=\"widget\" data-widget_type=\"button.default\">\n\t\t\t\t<div class=\"elementor-widget-container\">\n\t\t\t\t\t\t\t\t\t<div class=\"elementor-button-wrapper\">\n\t\t\t\t\t<a class=\"elementor-button elementor-button-link elementor-size-sm\" href=\"\/\">\n\t\t\t\t\t\t<span class=\"elementor-button-content-wrapper\">\n\t\t\t\t\t\t\t\t\t<span class=\"elementor-button-text\">P\u00e1gina de inicio<\/span>\n\t\t\t\t\t<\/span>\n\t\t\t\t\t<\/a>\n\t\t\t\t<\/div>\n\t\t\t\t\t\t\t\t<\/div>\n\t\t\t\t<\/div>\n\t\t\t\t<div class=\"elementor-element elementor-element-3ee9ec elementor-align-center sc_fly_static elementor-widget elementor-widget-button\" data-id=\"3ee9ec\" data-element_type=\"widget\" data-e-type=\"widget\" data-widget_type=\"button.default\">\n\t\t\t\t<div class=\"elementor-widget-container\">\n\t\t\t\t\t\t\t\t\t<div class=\"elementor-button-wrapper\">\n\t\t\t\t\t<a class=\"elementor-button elementor-button-link elementor-size-sm\" href=\"https:\/\/www.footgolf.sport\/es\/ponte-en-contacto-con\/\">\n\t\t\t\t\t\t<span class=\"elementor-button-content-wrapper\">\n\t\t\t\t\t\t\t\t\t<span class=\"elementor-button-text\">Contacta con nosotros<\/span>\n\t\t\t\t\t<\/span>\n\t\t\t\t\t<\/a>\n\t\t\t\t<\/div>\n\t\t\t\t\t\t\t\t<\/div>\n\t\t\t\t<\/div>\n\t\t\t\t<\/div>\n\t\t\t\t\t<\/div>\n\t\t\t\t<\/div>\n\t\t\t\t<\/div>\n\t\t","protected":false},"excerpt":{"rendered":"<p>Gracias por inscribirte. Nuestro equipo revisar\u00e1 tu solicitud y se pondr\u00e1 en contacto contigo por correo electr\u00f3nico en cuanto se&hellip;<\/p>\n","protected":false},"author":990006,"featured_media":0,"parent":0,"menu_order":0,"comment_status":"closed","ping_status":"closed","template":"","meta":{"footnotes":""},"class_list":["post-9985","page","type-page","status-publish","hentry"],"_links":{"self":[{"href":"https:\/\/www.footgolf.sport\/es\/wp-json\/wp\/v2\/pages\/9985","targetHints":{"allow":["GET"]}}],"collection":[{"href":"https:\/\/www.footgolf.sport\/es\/wp-json\/wp\/v2\/pages"}],"about":[{"href":"https:\/\/www.footgolf.sport\/es\/wp-json\/wp\/v2\/types\/page"}],"author":[{"embeddable":true,"href":"https:\/\/www.footgolf.sport\/es\/wp-json\/wp\/v2\/users\/990006"}],"replies":[{"embeddable":true,"href":"https:\/\/www.footgolf.sport\/es\/wp-json\/wp\/v2\/comments?post=9985"}],"version-history":[{"count":3,"href":"https:\/\/www.footgolf.sport\/es\/wp-json\/wp\/v2\/pages\/9985\/revisions"}],"predecessor-version":[{"id":11183,"href":"https:\/\/www.footgolf.sport\/es\/wp-json\/wp\/v2\/pages\/9985\/revisions\/11183"}],"wp:attachment":[{"href":"https:\/\/www.footgolf.sport\/es\/wp-json\/wp\/v2\/media?parent=9985"}],"curies":[{"name":"wp","href":"https:\/\/api.w.org\/{rel}","templated":true}]}}