{"id":11118,"date":"2025-02-05T10:11:56","date_gmt":"2025-02-05T10:11:56","guid":{"rendered":"https:\/\/www.footgolf.sport\/concursos\/"},"modified":"2025-11-14T09:39:13","modified_gmt":"2025-11-14T09:39:13","slug":"concursos","status":"publish","type":"page","link":"https:\/\/www.footgolf.sport\/es\/concursos\/","title":{"rendered":"Concursos"},"content":{"rendered":"\t\t<div data-elementor-type=\"wp-page\" data-elementor-id=\"11118\" class=\"elementor elementor-11118 elementor-8718\" data-elementor-post-type=\"page\">\n\t\t\t\t<div class=\"elementor-element elementor-element-8172fbf e-con-full e-flex e-con e-parent\" data-id=\"8172fbf\" data-element_type=\"container\" data-e-type=\"container\">\n\t\t\t\t<div class=\"elementor-element elementor-element-b44b4dc elementor--h-position-center elementor--v-position-middle sc_fly_static elementor-widget elementor-widget-slides\" data-id=\"b44b4dc\" data-element_type=\"widget\" data-e-type=\"widget\" data-settings=\"{&quot;navigation&quot;:&quot;none&quot;,&quot;transition&quot;:&quot;slide&quot;,&quot;transition_speed&quot;:500}\" data-widget_type=\"slides.default\">\n\t\t\t\t<div class=\"elementor-widget-container\">\n\t\t\t\t\t\t\t\t\t<div class=\"elementor-swiper\">\n\t\t\t\t\t<div class=\"elementor-slides-wrapper elementor-main-swiper swiper\" role=\"region\" aria-roledescription=\"carousel\" aria-label=\"Diapositivas\" dir=\"ltr\" data-animation=\"\">\n\t\t\t\t<div class=\"swiper-wrapper elementor-slides\">\n\t\t\t\t\t\t\t\t\t\t<div class=\"elementor-repeater-item-8c5efd9 swiper-slide\" role=\"group\" aria-roledescription=\"slide\"><div class=\"swiper-slide-bg\" role=\"img\" aria-label=\"71068111_2659490354103726_5601523517406314496_n (1)\"><\/div><div class=\"elementor-background-overlay\"><\/div><div class=\"swiper-slide-inner\" ><div class=\"swiper-slide-contents\"><div class=\"elementor-slide-heading\">Competiciones continentales<\/div><\/div><\/div><\/div>\t\t\t\t<\/div>\n\t\t\t\t\t\t\t<\/div>\n\t\t\t\t<\/div>\n\t\t\t\t\t\t\t\t<\/div>\n\t\t\t\t<\/div>\n\t\t\t\t<\/div>\n\t\t<div class=\"elementor-element elementor-element-330cc80 reveal e-flex e-con-boxed e-con e-parent\" data-id=\"330cc80\" data-element_type=\"container\" data-e-type=\"container\">\n\t\t\t\t\t<div class=\"e-con-inner\">\n\t\t<div class=\"elementor-element elementor-element-fa9e3f8 e-con-full e-flex e-con e-child\" data-id=\"fa9e3f8\" data-element_type=\"container\" data-e-type=\"container\" data-settings=\"{&quot;background_background&quot;:&quot;classic&quot;}\">\n\t\t\t\t<div class=\"elementor-element elementor-element-4cc8c06 sc_fly_static elementor-widget elementor-widget-image\" data-id=\"4cc8c06\" data-element_type=\"widget\" data-e-type=\"widget\" data-widget_type=\"image.default\">\n\t\t\t\t<div class=\"elementor-widget-container\">\n\t\t\t\t\t\t\t\t\t\t\t\t\t\t\t<img fetchpriority=\"high\" decoding=\"async\" width=\"378\" height=\"378\" src=\"https:\/\/www.footgolf.sport\/wp-content\/uploads\/2024\/10\/north_american_FG_trophy_logo.webp\" class=\"attachment-large size-large wp-image-10913\" alt=\"Logotipo del Trofeo Norteamericano de FootGolf, con una pelota estilizada, la forma del trofeo y un mapa.\" srcset=\"https:\/\/www.footgolf.sport\/wp-content\/uploads\/2024\/10\/north_american_FG_trophy_logo.webp 378w, https:\/\/www.footgolf.sport\/wp-content\/uploads\/2024\/10\/north_american_FG_trophy_logo-300x300.webp 300w, https:\/\/www.footgolf.sport\/wp-content\/uploads\/2024\/10\/north_american_FG_trophy_logo-150x150.webp 150w, https:\/\/www.footgolf.sport\/wp-content\/uploads\/2024\/10\/north_american_FG_trophy_logo-370x370.webp 370w, https:\/\/www.footgolf.sport\/wp-content\/uploads\/2024\/10\/north_american_FG_trophy_logo-90x90.webp 90w, https:\/\/www.footgolf.sport\/wp-content\/uploads\/2024\/10\/north_american_FG_trophy_logo-32x32.webp 32w\" sizes=\"(max-width: 378px) 100vw, 378px\" \/>\t\t\t\t\t\t\t\t\t\t\t\t\t\t\t<\/div>\n\t\t\t\t<\/div>\n\t\t\t\t<div class=\"elementor-element elementor-element-aea1660 sc_fly_static elementor-widget elementor-widget-heading\" data-id=\"aea1660\" data-element_type=\"widget\" data-e-type=\"widget\" data-widget_type=\"heading.default\">\n\t\t\t\t<div class=\"elementor-widget-container\">\n\t\t\t\t\t<h2 class=\"elementor-heading-title elementor-size-default\">Norte<br>america<\/h2>\t\t\t\t<\/div>\n\t\t\t\t<\/div>\n\t\t\t\t<div class=\"elementor-element elementor-element-562a8ab elementor-align-left elementor-mobile-align-justify sc_fly_static elementor-widget elementor-widget-button\" data-id=\"562a8ab\" data-element_type=\"widget\" data-e-type=\"widget\" data-widget_type=\"button.default\">\n\t\t\t\t<div class=\"elementor-widget-container\">\n\t\t\t\t\t\t\t\t\t<div class=\"elementor-button-wrapper\">\n\t\t\t\t\t<a class=\"elementor-button elementor-button-link elementor-size-sm\" href=\"https:\/\/fifg.bluegolf.com\/bluegolf\/fifg24\/poy\/r1menov\/index.htm\" target=\"_blank\" rel=\"noopener\">\n\t\t\t\t\t\t<span class=\"elementor-button-content-wrapper\">\n\t\t\t\t\t\t\t\t\t<span class=\"elementor-button-text\">saber m\u00e1s<\/span>\n\t\t\t\t\t<\/span>\n\t\t\t\t\t<\/a>\n\t\t\t\t<\/div>\n\t\t\t\t\t\t\t\t<\/div>\n\t\t\t\t<\/div>\n\t\t\t\t<\/div>\n\t\t<div class=\"elementor-element elementor-element-1a5acdd e-con-full e-flex e-con e-child\" data-id=\"1a5acdd\" data-element_type=\"container\" data-e-type=\"container\" data-settings=\"{&quot;background_background&quot;:&quot;classic&quot;}\">\n\t\t\t\t<div class=\"elementor-element elementor-element-f2a988e sc_fly_static elementor-widget elementor-widget-image\" data-id=\"f2a988e\" data-element_type=\"widget\" data-e-type=\"widget\" data-widget_type=\"image.default\">\n\t\t\t\t<div class=\"elementor-widget-container\">\n\t\t\t\t\t\t\t\t\t\t\t\t\t\t\t<img decoding=\"async\" width=\"362\" height=\"420\" src=\"https:\/\/www.footgolf.sport\/wp-content\/uploads\/2024\/10\/203425637_4352935414759203_3196001056354.webp\" class=\"attachment-large size-large wp-image-10914\" alt=\"Logotipo abstracto con figura e icono de golf.\" srcset=\"https:\/\/www.footgolf.sport\/wp-content\/uploads\/2024\/10\/203425637_4352935414759203_3196001056354.webp 362w, https:\/\/www.footgolf.sport\/wp-content\/uploads\/2024\/10\/203425637_4352935414759203_3196001056354-259x300.webp 259w, https:\/\/www.footgolf.sport\/wp-content\/uploads\/2024\/10\/203425637_4352935414759203_3196001056354-345x400.webp 345w, https:\/\/www.footgolf.sport\/wp-content\/uploads\/2024\/10\/203425637_4352935414759203_3196001056354-28x32.webp 28w\" sizes=\"(max-width: 362px) 100vw, 362px\" \/>\t\t\t\t\t\t\t\t\t\t\t\t\t\t\t<\/div>\n\t\t\t\t<\/div>\n\t\t\t\t<div class=\"elementor-element elementor-element-39e9564 sc_fly_static elementor-widget elementor-widget-heading\" data-id=\"39e9564\" data-element_type=\"widget\" data-e-type=\"widget\" data-widget_type=\"heading.default\">\n\t\t\t\t<div class=\"elementor-widget-container\">\n\t\t\t\t\t<h2 class=\"elementor-heading-title elementor-size-default\">Sur<br>america<\/h2>\t\t\t\t<\/div>\n\t\t\t\t<\/div>\n\t\t\t\t<div class=\"elementor-element elementor-element-05b6053 elementor-align-left elementor-mobile-align-justify sc_fly_static elementor-widget elementor-widget-button\" data-id=\"05b6053\" data-element_type=\"widget\" data-e-type=\"widget\" data-widget_type=\"button.default\">\n\t\t\t\t<div class=\"elementor-widget-container\">\n\t\t\t\t\t\t\t\t\t<div class=\"elementor-button-wrapper\">\n\t\t\t\t\t<a class=\"elementor-button elementor-button-link elementor-size-sm\" href=\"https:\/\/fifg.bluegolf.com\/bluegolf\/fifg24\/poy\/r2men\/index.htm\" target=\"_blank\" rel=\"noopener\">\n\t\t\t\t\t\t<span class=\"elementor-button-content-wrapper\">\n\t\t\t\t\t\t\t\t\t<span class=\"elementor-button-text\">saber m\u00e1s<\/span>\n\t\t\t\t\t<\/span>\n\t\t\t\t\t<\/a>\n\t\t\t\t<\/div>\n\t\t\t\t\t\t\t\t<\/div>\n\t\t\t\t<\/div>\n\t\t\t\t<\/div>\n\t\t<div class=\"elementor-element elementor-element-a8f4c61 e-con-full e-flex e-con e-child\" data-id=\"a8f4c61\" data-element_type=\"container\" data-e-type=\"container\" data-settings=\"{&quot;background_background&quot;:&quot;classic&quot;}\">\n\t\t\t\t<div class=\"elementor-element elementor-element-4d9d2c8 sc_fly_static elementor-widget elementor-widget-image\" data-id=\"4d9d2c8\" data-element_type=\"widget\" data-e-type=\"widget\" data-widget_type=\"image.default\">\n\t\t\t\t<div class=\"elementor-widget-container\">\n\t\t\t\t\t\t\t\t\t\t\t\t\t\t\t<img decoding=\"async\" width=\"358\" height=\"490\" src=\"https:\/\/www.footgolf.sport\/wp-content\/uploads\/2024\/12\/FIFG_footgolf_euro_2024.avif\" class=\"attachment-large size-large wp-image-10917\" alt=\"Logotipo IFOP FootGolf Euro 2024 Turkye rojo, blanco y negro.\" \/>\t\t\t\t\t\t\t\t\t\t\t\t\t\t\t<\/div>\n\t\t\t\t<\/div>\n\t\t\t\t<div class=\"elementor-element elementor-element-0483996 sc_fly_static elementor-widget elementor-widget-heading\" data-id=\"0483996\" data-element_type=\"widget\" data-e-type=\"widget\" data-widget_type=\"heading.default\">\n\t\t\t\t<div class=\"elementor-widget-container\">\n\t\t\t\t\t<h2 class=\"elementor-heading-title elementor-size-default\">Europa<\/h2>\t\t\t\t<\/div>\n\t\t\t\t<\/div>\n\t\t\t\t<div class=\"elementor-element elementor-element-4e81e3e elementor-align-left elementor-mobile-align-justify sc_fly_static elementor-widget elementor-widget-button\" data-id=\"4e81e3e\" data-element_type=\"widget\" data-e-type=\"widget\" data-widget_type=\"button.default\">\n\t\t\t\t<div class=\"elementor-widget-container\">\n\t\t\t\t\t\t\t\t\t<div class=\"elementor-button-wrapper\">\n\t\t\t\t\t<a class=\"elementor-button elementor-button-link elementor-size-sm\" href=\"https:\/\/fifg.bluegolf.com\/bluegolf\/fifg24\/poy\/r3men\/index.htm\" target=\"_blank\" rel=\"noopener\">\n\t\t\t\t\t\t<span class=\"elementor-button-content-wrapper\">\n\t\t\t\t\t\t\t\t\t<span class=\"elementor-button-text\">saber m\u00e1s<\/span>\n\t\t\t\t\t<\/span>\n\t\t\t\t\t<\/a>\n\t\t\t\t<\/div>\n\t\t\t\t\t\t\t\t<\/div>\n\t\t\t\t<\/div>\n\t\t\t\t<\/div>\n\t\t<div class=\"elementor-element elementor-element-b86e6a9 e-con-full e-flex e-con e-child\" data-id=\"b86e6a9\" data-element_type=\"container\" data-e-type=\"container\" data-settings=\"{&quot;background_background&quot;:&quot;classic&quot;}\">\n\t\t\t\t<div class=\"elementor-element elementor-element-feb6f6f sc_fly_static elementor-widget elementor-widget-image\" data-id=\"feb6f6f\" data-element_type=\"widget\" data-e-type=\"widget\" data-widget_type=\"image.default\">\n\t\t\t\t<div class=\"elementor-widget-container\">\n\t\t\t\t\t\t\t\t\t\t\t\t\t\t\t<img loading=\"lazy\" decoding=\"async\" width=\"152\" height=\"140\" src=\"https:\/\/www.footgolf.sport\/wp-content\/uploads\/2024\/10\/FA_FootgolfAsiaCup2019_Logo_Yamaha_Hori_.webp\" class=\"attachment-large size-large wp-image-10916\" alt=\"Gr\u00e1fico de un bal\u00f3n de f\u00fatbol verde, rojo y blanco, una bandera amarilla y naranja y una silueta naranja.\" srcset=\"https:\/\/www.footgolf.sport\/wp-content\/uploads\/2024\/10\/FA_FootgolfAsiaCup2019_Logo_Yamaha_Hori_.webp 152w, https:\/\/www.footgolf.sport\/wp-content\/uploads\/2024\/10\/FA_FootgolfAsiaCup2019_Logo_Yamaha_Hori_-32x29.webp 32w\" sizes=\"(max-width: 152px) 100vw, 152px\" \/>\t\t\t\t\t\t\t\t\t\t\t\t\t\t\t<\/div>\n\t\t\t\t<\/div>\n\t\t\t\t<div class=\"elementor-element elementor-element-b171de4 sc_fly_static elementor-widget elementor-widget-heading\" data-id=\"b171de4\" data-element_type=\"widget\" data-e-type=\"widget\" data-widget_type=\"heading.default\">\n\t\t\t\t<div class=\"elementor-widget-container\">\n\t\t\t\t\t<h2 class=\"elementor-heading-title elementor-size-default\">Asia Pac\u00edfico<\/h2>\t\t\t\t<\/div>\n\t\t\t\t<\/div>\n\t\t\t\t<div class=\"elementor-element elementor-element-4a57dcd elementor-align-left elementor-mobile-align-justify sc_fly_static elementor-widget elementor-widget-button\" data-id=\"4a57dcd\" data-element_type=\"widget\" data-e-type=\"widget\" data-widget_type=\"button.default\">\n\t\t\t\t<div class=\"elementor-widget-container\">\n\t\t\t\t\t\t\t\t\t<div class=\"elementor-button-wrapper\">\n\t\t\t\t\t<a class=\"elementor-button elementor-button-link elementor-size-sm\" href=\"https:\/\/fifg.bluegolf.com\/bluegolf\/fifg24\/poy\/r4men\/index.htm\" target=\"_blank\" rel=\"noopener\">\n\t\t\t\t\t\t<span class=\"elementor-button-content-wrapper\">\n\t\t\t\t\t\t\t\t\t<span class=\"elementor-button-text\">saber m\u00e1s<\/span>\n\t\t\t\t\t<\/span>\n\t\t\t\t\t<\/a>\n\t\t\t\t<\/div>\n\t\t\t\t\t\t\t\t<\/div>\n\t\t\t\t<\/div>\n\t\t\t\t<\/div>\n\t\t\t\t\t<\/div>\n\t\t\t\t<\/div>\n\t\t\t\t<\/div>\n\t\t","protected":false},"excerpt":{"rendered":"<p>Competiciones continentales Norteamerica saber m\u00e1s Suramerica saber m\u00e1s Europa saber m\u00e1s Asia Pac\u00edfico saber m\u00e1s<\/p>\n","protected":false},"author":1,"featured_media":0,"parent":0,"menu_order":0,"comment_status":"closed","ping_status":"closed","template":"","meta":{"footnotes":""},"class_list":["post-11118","page","type-page","status-publish","hentry"],"_links":{"self":[{"href":"https:\/\/www.footgolf.sport\/es\/wp-json\/wp\/v2\/pages\/11118","targetHints":{"allow":["GET"]}}],"collection":[{"href":"https:\/\/www.footgolf.sport\/es\/wp-json\/wp\/v2\/pages"}],"about":[{"href":"https:\/\/www.footgolf.sport\/es\/wp-json\/wp\/v2\/types\/page"}],"author":[{"embeddable":true,"href":"https:\/\/www.footgolf.sport\/es\/wp-json\/wp\/v2\/users\/1"}],"replies":[{"embeddable":true,"href":"https:\/\/www.footgolf.sport\/es\/wp-json\/wp\/v2\/comments?post=11118"}],"version-history":[{"count":3,"href":"https:\/\/www.footgolf.sport\/es\/wp-json\/wp\/v2\/pages\/11118\/revisions"}],"predecessor-version":[{"id":11190,"href":"https:\/\/www.footgolf.sport\/es\/wp-json\/wp\/v2\/pages\/11118\/revisions\/11190"}],"wp:attachment":[{"href":"https:\/\/www.footgolf.sport\/es\/wp-json\/wp\/v2\/media?parent=11118"}],"curies":[{"name":"wp","href":"https:\/\/api.w.org\/{rel}","templated":true}]}}