{"id":10883,"date":"2024-10-08T09:40:09","date_gmt":"2024-10-08T09:40:09","guid":{"rendered":"https:\/\/www.footgolf.sport\/noticias-fifg\/"},"modified":"2025-11-14T22:42:12","modified_gmt":"2025-11-14T22:42:12","slug":"noticias-fifg","status":"publish","type":"page","link":"https:\/\/www.footgolf.sport\/es\/noticias-fifg\/","title":{"rendered":"Noticias Fifg"},"content":{"rendered":"\t\t<div data-elementor-type=\"wp-page\" data-elementor-id=\"10883\" class=\"elementor elementor-10883 elementor-4598\" data-elementor-post-type=\"page\">\n\t\t\t\t<div class=\"elementor-element elementor-element-41f4769 e-con-full e-flex e-con e-parent\" data-id=\"41f4769\" data-element_type=\"container\" data-e-type=\"container\">\n\t\t\t\t<div class=\"elementor-element elementor-element-b27666a elementor-widget__width-initial elementor-absolute sc_fly_static elementor-widget elementor-widget-shortcode\" data-id=\"b27666a\" data-element_type=\"widget\" data-e-type=\"widget\" data-settings=\"{&quot;_position&quot;:&quot;absolute&quot;}\" data-widget_type=\"shortcode.default\">\n\t\t\t\t<div class=\"elementor-widget-container\">\n\t\t\t\t\t\t\t<div class=\"elementor-shortcode\">Germany To Host The Youth World Cup 2026\n<\/div>\n\t\t\t\t\t\t<\/div>\n\t\t\t\t<\/div>\n\t\t\t\t<div class=\"elementor-element elementor-element-30909aa elementor-widget__width-initial elementor-absolute sc_fly_static elementor-widget elementor-widget-shortcode\" data-id=\"30909aa\" data-element_type=\"widget\" data-e-type=\"widget\" data-settings=\"{&quot;_position&quot;:&quot;absolute&quot;}\" data-widget_type=\"shortcode.default\">\n\t\t\t\t<div class=\"elementor-widget-container\">\n\t\t\t\t\t\t\t<div class=\"elementor-shortcode\">About the Selection Process Following the initial bid round, the FIFG Youth Committee and Board carefully reviewed all applications. Unfortunately,&hellip;<\/div>\n\t\t\t\t\t\t<\/div>\n\t\t\t\t<\/div>\n\t\t\t\t<\/div>\n\t\t<div class=\"elementor-element elementor-element-eaea91b e-con-full sc_layouts_hide_on_wide sc_layouts_hide_on_desktop sc_layouts_hide_on_notebook sc_layouts_hide_on_tablet sc_layouts_hide_on_mobile e-flex e-con e-parent\" data-id=\"eaea91b\" data-element_type=\"container\" data-e-type=\"container\">\n\t\t\t\t<div class=\"elementor-element elementor-element-c8089d5 elementor-grid-1 elementor-grid-tablet-1 elementor-grid-mobile-1 elementor-posts--thumbnail-top sc_fly_static elementor-widget elementor-widget-posts\" data-id=\"c8089d5\" data-element_type=\"widget\" data-e-type=\"widget\" data-settings=\"{&quot;classic_columns&quot;:&quot;1&quot;,&quot;classic_columns_tablet&quot;:&quot;1&quot;,&quot;classic_columns_mobile&quot;:&quot;1&quot;,&quot;classic_row_gap&quot;:{&quot;unit&quot;:&quot;px&quot;,&quot;size&quot;:35,&quot;sizes&quot;:[]},&quot;classic_row_gap_tablet&quot;:{&quot;unit&quot;:&quot;px&quot;,&quot;size&quot;:&quot;&quot;,&quot;sizes&quot;:[]},&quot;classic_row_gap_mobile&quot;:{&quot;unit&quot;:&quot;px&quot;,&quot;size&quot;:&quot;&quot;,&quot;sizes&quot;:[]}}\" data-widget_type=\"posts.classic\">\n\t\t\t\t<div class=\"elementor-widget-container\">\n\t\t\t\t\t\t\t<div class=\"elementor-posts-container elementor-posts elementor-posts--skin-classic elementor-grid\" role=\"list\">\n\t\t\t\t<article class=\"elementor-post elementor-grid-item post-9933 post type-post status-publish format-standard has-post-thumbnail hentry category-noticias\" role=\"listitem\">\n\t\t\t\t<a class=\"elementor-post__thumbnail__link\" href=\"https:\/\/www.footgolf.sport\/es\/blog\/si-pude-pasar-de-no-saber-nada-de-footgolf-a-convertirme-en-numero-1-del-mundo-entonces-todo-es-posible\/\" tabindex=\"-1\" >\n\t\t\t<div class=\"elementor-post__thumbnail\"><img fetchpriority=\"high\" decoding=\"async\" width=\"1284\" height=\"1461\" src=\"https:\/\/www.footgolf.sport\/wp-content\/uploads\/2025\/08\/WhatsApp-Image-2025-08-12-at-11.09.48-PM.jpeg\" class=\"attachment-full size-full wp-image-9935\" alt=\"\" srcset=\"https:\/\/www.footgolf.sport\/wp-content\/uploads\/2025\/08\/WhatsApp-Image-2025-08-12-at-11.09.48-PM.jpeg 1284w, https:\/\/www.footgolf.sport\/wp-content\/uploads\/2025\/08\/WhatsApp-Image-2025-08-12-at-11.09.48-PM-264x300.jpeg 264w, https:\/\/www.footgolf.sport\/wp-content\/uploads\/2025\/08\/WhatsApp-Image-2025-08-12-at-11.09.48-PM-900x1024.jpeg 900w, https:\/\/www.footgolf.sport\/wp-content\/uploads\/2025\/08\/WhatsApp-Image-2025-08-12-at-11.09.48-PM-768x874.jpeg 768w, https:\/\/www.footgolf.sport\/wp-content\/uploads\/2025\/08\/WhatsApp-Image-2025-08-12-at-11.09.48-PM-370x421.jpeg 370w, https:\/\/www.footgolf.sport\/wp-content\/uploads\/2025\/08\/WhatsApp-Image-2025-08-12-at-11.09.48-PM-818x931.jpeg 818w, https:\/\/www.footgolf.sport\/wp-content\/uploads\/2025\/08\/WhatsApp-Image-2025-08-12-at-11.09.48-PM-406x462.jpeg 406w, https:\/\/www.footgolf.sport\/wp-content\/uploads\/2025\/08\/WhatsApp-Image-2025-08-12-at-11.09.48-PM-439x500.jpeg 439w, https:\/\/www.footgolf.sport\/wp-content\/uploads\/2025\/08\/WhatsApp-Image-2025-08-12-at-11.09.48-PM-352x400.jpeg 352w, https:\/\/www.footgolf.sport\/wp-content\/uploads\/2025\/08\/WhatsApp-Image-2025-08-12-at-11.09.48-PM-28x32.jpeg 28w\" sizes=\"(max-width: 1284px) 100vw, 1284px\" \/><\/div>\n\t\t<\/a>\n\t\t\t\t<div class=\"elementor-post__text\">\n\t\t\t\t<h3 class=\"elementor-post__title\">\n\t\t\t<a href=\"https:\/\/www.footgolf.sport\/es\/blog\/si-pude-pasar-de-no-saber-nada-de-footgolf-a-convertirme-en-numero-1-del-mundo-entonces-todo-es-posible\/\" >\n\t\t\t\t\u00abSi pude pasar de no saber nada de FootGolf a convertirme en N\u00famero 1 del Mundo, entonces todo es posible\u00bb\t\t\t<\/a>\n\t\t<\/h3>\n\t\t\t\t<div class=\"elementor-post__excerpt\">\n\t\t\t<p>Con s\u00f3lo 17 a\u00f1os, Klaudia Nemcov\u00e1 ha alcanzado el incre\u00edble hito de convertirse en la jugadora de FootGolf n\u00famero uno del mundo. Su trayectoria es inspiradora, no s\u00f3lo por su<\/p>\n\t\t<\/div>\n\t\t\n\t\t<a class=\"elementor-post__read-more\" href=\"https:\/\/www.footgolf.sport\/es\/blog\/si-pude-pasar-de-no-saber-nada-de-footgolf-a-convertirme-en-numero-1-del-mundo-entonces-todo-es-posible\/\" aria-label=\"M\u00e1s informaci\u00f3n sobre \u00abSi pude pasar de no saber nada de FootGolf a convertirme en N\u00famero 1 del Mundo, entonces todo es posible\u00bb\" tabindex=\"-1\" >\n\t\t\tLEER M\u00c1S\t\t<\/a>\n\n\t\t\t\t<\/div>\n\t\t\t\t<\/article>\n\t\t\t\t<\/div>\n\t\t\n\t\t\t\t\t\t<\/div>\n\t\t\t\t<\/div>\n\t\t\t\t<\/div>\n\t\t<div class=\"elementor-element elementor-element-0f1003e e-con-full e-flex e-con e-parent\" data-id=\"0f1003e\" data-element_type=\"container\" data-e-type=\"container\">\n\t\t\t\t<div class=\"elementor-element elementor-element-a2d430c sc_fly_static elementor-widget elementor-widget-image\" data-id=\"a2d430c\" data-element_type=\"widget\" data-e-type=\"widget\" data-widget_type=\"image.default\">\n\t\t\t\t<div class=\"elementor-widget-container\">\n\t\t\t\t\t\t\t\t\t\t\t\t\t\t\t\t<a href=\"https:\/\/www.footgolf.sport\/es\/blog\/el-ifop-aplica-con-exito-un-proyecto-piloto-antidopaje\/\">\n\t\t\t\t\t\t\t<img decoding=\"async\" width=\"1024\" height=\"769\" src=\"https:\/\/www.footgolf.sport\/wp-content\/uploads\/2025\/11\/193053_bd616526f7954862810a04960-1024x769.webp\" class=\"attachment-large size-large wp-image-11436\" alt=\"\" srcset=\"https:\/\/www.footgolf.sport\/wp-content\/uploads\/2025\/11\/193053_bd616526f7954862810a04960-1024x769.webp 1024w, https:\/\/www.footgolf.sport\/wp-content\/uploads\/2025\/11\/193053_bd616526f7954862810a04960-300x225.webp 300w, https:\/\/www.footgolf.sport\/wp-content\/uploads\/2025\/11\/193053_bd616526f7954862810a04960-768x577.webp 768w, https:\/\/www.footgolf.sport\/wp-content\/uploads\/2025\/11\/193053_bd616526f7954862810a04960-1536x1153.webp 1536w, https:\/\/www.footgolf.sport\/wp-content\/uploads\/2025\/11\/193053_bd616526f7954862810a04960-370x278.webp 370w, https:\/\/www.footgolf.sport\/wp-content\/uploads\/2025\/11\/193053_bd616526f7954862810a04960-818x614.webp 818w, https:\/\/www.footgolf.sport\/wp-content\/uploads\/2025\/11\/193053_bd616526f7954862810a04960-406x305.webp 406w, https:\/\/www.footgolf.sport\/wp-content\/uploads\/2025\/11\/193053_bd616526f7954862810a04960-500x375.webp 500w, https:\/\/www.footgolf.sport\/wp-content\/uploads\/2025\/11\/193053_bd616526f7954862810a04960-400x300.webp 400w, https:\/\/www.footgolf.sport\/wp-content\/uploads\/2025\/11\/193053_bd616526f7954862810a04960-32x24.webp 32w, https:\/\/www.footgolf.sport\/wp-content\/uploads\/2025\/11\/193053_bd616526f7954862810a04960.webp 1598w\" sizes=\"(max-width: 1024px) 100vw, 1024px\" \/>\t\t\t\t\t\t\t\t<\/a>\n\t\t\t\t\t\t\t\t\t\t\t\t\t\t\t<\/div>\n\t\t\t\t<\/div>\n\t\t<div class=\"elementor-element elementor-element-2c9eb59 e-transform e-flex e-con-boxed e-con e-child\" data-id=\"2c9eb59\" data-element_type=\"container\" data-e-type=\"container\" data-settings=\"{&quot;position&quot;:&quot;absolute&quot;,&quot;_transform_translateY_effect&quot;:{&quot;unit&quot;:&quot;%&quot;,&quot;size&quot;:-70,&quot;sizes&quot;:[]},&quot;_transform_translateY_effect_tablet&quot;:{&quot;unit&quot;:&quot;%&quot;,&quot;size&quot;:&quot;&quot;,&quot;sizes&quot;:[]},&quot;_transform_translateY_effect_mobile&quot;:{&quot;unit&quot;:&quot;%&quot;,&quot;size&quot;:&quot;&quot;,&quot;sizes&quot;:[]},&quot;_transform_translateX_effect&quot;:{&quot;unit&quot;:&quot;px&quot;,&quot;size&quot;:&quot;&quot;,&quot;sizes&quot;:[]},&quot;_transform_translateX_effect_tablet&quot;:{&quot;unit&quot;:&quot;px&quot;,&quot;size&quot;:&quot;&quot;,&quot;sizes&quot;:[]},&quot;_transform_translateX_effect_mobile&quot;:{&quot;unit&quot;:&quot;px&quot;,&quot;size&quot;:&quot;&quot;,&quot;sizes&quot;:[]}}\">\n\t\t\t\t\t<div class=\"e-con-inner\">\n\t\t\t\t<div class=\"elementor-element elementor-element-6376059 sc_fly_static elementor-widget elementor-widget-button\" data-id=\"6376059\" data-element_type=\"widget\" data-e-type=\"widget\" data-widget_type=\"button.default\">\n\t\t\t\t<div class=\"elementor-widget-container\">\n\t\t\t\t\t\t\t\t\t<div class=\"elementor-button-wrapper\">\n\t\t\t\t\t<a class=\"elementor-button elementor-size-sm\" role=\"button\">\n\t\t\t\t\t\t<span class=\"elementor-button-content-wrapper\">\n\t\t\t\t\t\t\t\t\t<span class=\"elementor-button-text\">FIFG NEWS<\/span>\n\t\t\t\t\t<\/span>\n\t\t\t\t\t<\/a>\n\t\t\t\t<\/div>\n\t\t\t\t\t\t\t\t<\/div>\n\t\t\t\t<\/div>\n\t\t\t\t<div class=\"elementor-element elementor-element-14a60d6 elementor-widget__width-initial sc_fly_static elementor-widget elementor-widget-heading\" data-id=\"14a60d6\" data-element_type=\"widget\" data-e-type=\"widget\" data-widget_type=\"heading.default\">\n\t\t\t\t<div class=\"elementor-widget-container\">\n\t\t\t\t\t<h2 class=\"elementor-heading-title elementor-size-default\"><a href=\"https:\/\/www.footgolf.sport\/es\/blog\/el-ifop-aplica-con-exito-un-proyecto-piloto-antidopaje\/\">El IFOP aplica con \u00e9xito un proyecto piloto antidopaje<\/a><\/h2>\t\t\t\t<\/div>\n\t\t\t\t<\/div>\n\t\t\t\t<div class=\"elementor-element elementor-element-ea8218d elementor-widget__width-initial sc_fly_static elementor-widget elementor-widget-text-editor\" data-id=\"ea8218d\" data-element_type=\"widget\" data-e-type=\"widget\" data-widget_type=\"text-editor.default\">\n\t\t\t\t<div class=\"elementor-widget-container\">\n\t\t\t\t\t\t\t\t\tLa Federaci\u00f3n Internacional de FootGolf (IFOP) se complace en anunciar su asociaci\u00f3n con la Agencia Internacional de Pruebas (ITA ) para una iniciativa innovadora en materia de educaci\u00f3n y pruebas\t\t\t\t\t\t\t\t<\/div>\n\t\t\t\t<\/div>\n\t\t\t\t<div class=\"elementor-element elementor-element-4f7310f sc_fly_static elementor-widget elementor-widget-button\" data-id=\"4f7310f\" data-element_type=\"widget\" data-e-type=\"widget\" data-widget_type=\"button.default\">\n\t\t\t\t<div class=\"elementor-widget-container\">\n\t\t\t\t\t\t\t\t\t<div class=\"elementor-button-wrapper\">\n\t\t\t\t\t<a class=\"elementor-button elementor-button-link elementor-size-sm\" href=\"https:\/\/www.footgolf.sport\/es\/blog\/el-ifop-aplica-con-exito-un-proyecto-piloto-antidopaje\/\">\n\t\t\t\t\t\t<span class=\"elementor-button-content-wrapper\">\n\t\t\t\t\t\t\t\t\t<span class=\"elementor-button-text\">LEER M\u00c1S<\/span>\n\t\t\t\t\t<\/span>\n\t\t\t\t\t<\/a>\n\t\t\t\t<\/div>\n\t\t\t\t\t\t\t\t<\/div>\n\t\t\t\t<\/div>\n\t\t\t\t\t<\/div>\n\t\t\t\t<\/div>\n\t\t\t\t<\/div>\n\t\t<div class=\"elementor-element elementor-element-9b1cd62 e-flex e-con-boxed e-con e-parent\" data-id=\"9b1cd62\" data-element_type=\"container\" data-e-type=\"container\">\n\t\t\t\t\t<div class=\"e-con-inner\">\n\t\t\t\t\t<\/div>\n\t\t\t\t<\/div>\n\t\t\t\t<\/div>\n\t\t","protected":false},"excerpt":{"rendered":"<p>FIFG NEWS El IFOP aplica con \u00e9xito un proyecto piloto antidopaje La Federaci\u00f3n Internacional de FootGolf (IFOP) se complace en&hellip;<\/p>\n","protected":false},"author":1,"featured_media":0,"parent":0,"menu_order":0,"comment_status":"closed","ping_status":"closed","template":"","meta":{"footnotes":""},"class_list":["post-10883","page","type-page","status-publish","hentry"],"_links":{"self":[{"href":"https:\/\/www.footgolf.sport\/es\/wp-json\/wp\/v2\/pages\/10883","targetHints":{"allow":["GET"]}}],"collection":[{"href":"https:\/\/www.footgolf.sport\/es\/wp-json\/wp\/v2\/pages"}],"about":[{"href":"https:\/\/www.footgolf.sport\/es\/wp-json\/wp\/v2\/types\/page"}],"author":[{"embeddable":true,"href":"https:\/\/www.footgolf.sport\/es\/wp-json\/wp\/v2\/users\/1"}],"replies":[{"embeddable":true,"href":"https:\/\/www.footgolf.sport\/es\/wp-json\/wp\/v2\/comments?post=10883"}],"version-history":[{"count":5,"href":"https:\/\/www.footgolf.sport\/es\/wp-json\/wp\/v2\/pages\/10883\/revisions"}],"predecessor-version":[{"id":11456,"href":"https:\/\/www.footgolf.sport\/es\/wp-json\/wp\/v2\/pages\/10883\/revisions\/11456"}],"wp:attachment":[{"href":"https:\/\/www.footgolf.sport\/es\/wp-json\/wp\/v2\/media?parent=10883"}],"curies":[{"name":"wp","href":"https:\/\/api.w.org\/{rel}","templated":true}]}}