{"id":10809,"date":"2018-11-19T09:43:45","date_gmt":"2018-11-19T09:43:45","guid":{"rendered":"https:\/\/www.footgolf.sport\/politica-de-privacidad\/"},"modified":"2025-11-14T08:24:48","modified_gmt":"2025-11-14T08:24:48","slug":"politica-de-privacidad","status":"publish","type":"page","link":"https:\/\/www.footgolf.sport\/es\/politica-de-privacidad\/","title":{"rendered":"Pol\u00edtica de privacidad"},"content":{"rendered":"\t\t<div data-elementor-type=\"wp-post\" data-elementor-id=\"10809\" class=\"elementor elementor-10809 elementor-129\" data-elementor-post-type=\"page\">\n\t\t\t\t\t\t<section class=\"elementor-section elementor-top-section elementor-element elementor-element-3a1d82e0 elementor-section-boxed elementor-section-height-default elementor-section-height-default\" data-id=\"3a1d82e0\" data-element_type=\"section\" data-e-type=\"section\" data-settings=\"{&quot;background_background&quot;:&quot;classic&quot;}\">\n\t\t\t\t\t\t<div class=\"elementor-container elementor-column-gap-extended\">\n\t\t\t\t\t<div class=\"elementor-column elementor-col-100 elementor-top-column elementor-element elementor-element-17d28fcd sc_inner_width_none sc_layouts_column_icons_position_left\" data-id=\"17d28fcd\" data-element_type=\"column\" data-e-type=\"column\">\n\t\t\t<div class=\"elementor-widget-wrap elementor-element-populated\">\n\t\t\t\t\t\t<div class=\"elementor-element elementor-element-79746625 sc_fly_static elementor-widget elementor-widget-text-editor\" data-id=\"79746625\" data-element_type=\"widget\" data-e-type=\"widget\" data-widget_type=\"text-editor.default\">\n\t\t\t\t<div class=\"elementor-widget-container\">\n\t\t\t\t\t\t\t\t\t<h5>POL\u00cdTICA DE LA TIENDA<\/h5><h5>Atenci\u00f3n al cliente<\/h5><p>Soy una secci\u00f3n de atenci\u00f3n al cliente. Soy un lugar estupendo para escribir un largo texto sobre tu empresa y tus servicios y, lo que es m\u00e1s importante, sobre c\u00f3mo ponerse en contacto con tu tienda para hacer consultas. Escribir una pol\u00edtica detallada de atenci\u00f3n al cliente es una forma estupenda de generar confianza y de asegurar a tus clientes que pueden comprar con tranquilidad.  <\/p><p>Soy el segundo p\u00e1rrafo de tu secci\u00f3n de atenci\u00f3n al cliente. Haz clic aqu\u00ed para a\u00f1adir tu propio texto y editarme. Es muy f\u00e1cil. S\u00f3lo tienes que hacer clic en \u00abEditar texto\u00bb o doble clic en m\u00ed para a\u00f1adir detalles sobre tu pol\u00edtica y hacer cambios en el tipo de letra. Soy un lugar estupendo para que cuentes una historia y hagas que tus usuarios sepan un poco m\u00e1s sobre ti.    <\/p><h5>Privacidad y seguridad<\/h5><p>Soy una secci\u00f3n de pol\u00edtica de privacidad y seguridad. Soy un buen lugar para informar a tus clientes sobre c\u00f3mo utilizas, almacenas y proteges su informaci\u00f3n personal. A\u00f1ade detalles como la forma en que utilizas la banca de terceros para verificar el pago, la forma en que recopilas los datos o cu\u00e1ndo te pondr\u00e1s en contacto con los usuarios despu\u00e9s de que su compra se haya completado con \u00e9xito.  <\/p><p>La privacidad de tus usuarios es de suma importancia para tu negocio, as\u00ed que t\u00f3mate el tiempo necesario para redactar una pol\u00edtica precisa y detallada. Utiliza un lenguaje directo para ganarte su confianza y asegurarte de que vuelven a tu sitio. <\/p><h5>Consultas al por mayor<\/h5><p>Soy una secci\u00f3n de consultas para mayoristas. Soy un lugar estupendo para informar a otros minoristas sobre c\u00f3mo pueden vender tus impresionantes productos. Utiliza un lenguaje sencillo y da toda la informaci\u00f3n posible para promocionar tu negocio y llevarlo a la  <\/p><p>\u00a1siguiente nivel!<\/p><p>Soy el segundo p\u00e1rrafo de tu secci\u00f3n de consultas al por mayor. Haz clic aqu\u00ed para a\u00f1adir tu propio texto y editarme. Es muy f\u00e1cil. S\u00f3lo tienes que hacer clic en \u00abEditar texto\u00bb o doble clic en m\u00ed para a\u00f1adir detalles sobre tu pol\u00edtica y hacer cambios en el tipo de letra. Soy un lugar estupendo para que cuentes una historia y hagas que tus usuarios sepan un poco m\u00e1s sobre ti.    <\/p><h5>Formas de pago<\/h5><p>&#8211; Tarjetas de cr\u00e9dito \/ d\u00e9bito<br>&#8211; PAYPAL<\/p><p>&#8211; Pagos sin conexi\u00f3n<\/p>\t\t\t\t\t\t\t\t<\/div>\n\t\t\t\t<\/div>\n\t\t\t\t<div class=\"elementor-element elementor-element-6c97aa68 sc_fly_static elementor-widget elementor-widget-spacer\" data-id=\"6c97aa68\" data-element_type=\"widget\" data-e-type=\"widget\" data-widget_type=\"spacer.default\">\n\t\t\t\t<div class=\"elementor-widget-container\">\n\t\t\t\t\t\t\t<div class=\"elementor-spacer\">\n\t\t\t<div class=\"elementor-spacer-inner\"><\/div>\n\t\t<\/div>\n\t\t\t\t\t\t<\/div>\n\t\t\t\t<\/div>\n\t\t\t\t\t<\/div>\n\t\t<\/div>\n\t\t\t\t\t<\/div>\n\t\t<\/section>\n\t\t\t\t<\/div>\n\t\t","protected":false},"excerpt":{"rendered":"<p>POL\u00cdTICA DE LA TIENDA Atenci\u00f3n al cliente Soy una secci\u00f3n de atenci\u00f3n al cliente. Soy un lugar estupendo para escribir&hellip;<\/p>\n","protected":false},"author":1,"featured_media":0,"parent":0,"menu_order":0,"comment_status":"closed","ping_status":"closed","template":"","meta":{"footnotes":""},"class_list":["post-10809","page","type-page","status-publish","hentry"],"_links":{"self":[{"href":"https:\/\/www.footgolf.sport\/es\/wp-json\/wp\/v2\/pages\/10809","targetHints":{"allow":["GET"]}}],"collection":[{"href":"https:\/\/www.footgolf.sport\/es\/wp-json\/wp\/v2\/pages"}],"about":[{"href":"https:\/\/www.footgolf.sport\/es\/wp-json\/wp\/v2\/types\/page"}],"author":[{"embeddable":true,"href":"https:\/\/www.footgolf.sport\/es\/wp-json\/wp\/v2\/users\/1"}],"replies":[{"embeddable":true,"href":"https:\/\/www.footgolf.sport\/es\/wp-json\/wp\/v2\/comments?post=10809"}],"version-history":[{"count":2,"href":"https:\/\/www.footgolf.sport\/es\/wp-json\/wp\/v2\/pages\/10809\/revisions"}],"predecessor-version":[{"id":10812,"href":"https:\/\/www.footgolf.sport\/es\/wp-json\/wp\/v2\/pages\/10809\/revisions\/10812"}],"wp:attachment":[{"href":"https:\/\/www.footgolf.sport\/es\/wp-json\/wp\/v2\/media?parent=10809"}],"curies":[{"name":"wp","href":"https:\/\/api.w.org\/{rel}","templated":true}]}}