{"id":10497,"date":"2024-11-20T11:42:18","date_gmt":"2024-11-20T11:42:18","guid":{"rendered":"https:\/\/www.footgolf.sport\/presidentes\/"},"modified":"2025-11-14T08:23:14","modified_gmt":"2025-11-14T08:23:14","slug":"presidentes","status":"publish","type":"page","link":"https:\/\/www.footgolf.sport\/es\/presidentes\/","title":{"rendered":"Presidentes"},"content":{"rendered":"\t\t<div data-elementor-type=\"wp-page\" data-elementor-id=\"10497\" class=\"elementor elementor-10497 elementor-7289\" data-elementor-post-type=\"page\">\n\t\t\t\t<div class=\"elementor-element elementor-element-53d2952 e-flex e-con-boxed e-con e-parent\" data-id=\"53d2952\" data-element_type=\"container\" data-e-type=\"container\">\n\t\t\t\t\t<div class=\"e-con-inner\">\n\t\t\t\t<div class=\"elementor-element elementor-element-a38ab7c sc_fly_static elementor-widget elementor-widget-heading\" data-id=\"a38ab7c\" data-element_type=\"widget\" data-e-type=\"widget\" data-widget_type=\"heading.default\">\n\t\t\t\t<div class=\"elementor-widget-container\">\n\t\t\t\t\t<h3 class=\"elementor-heading-title elementor-size-default\">\u00c1rea Presidentes IFOP<\/h3>\t\t\t\t<\/div>\n\t\t\t\t<\/div>\n\t\t\t\t\t<\/div>\n\t\t\t\t<\/div>\n\t\t<div class=\"elementor-element elementor-element-e45487c e-flex e-con-boxed e-con e-parent\" data-id=\"e45487c\" data-element_type=\"container\" data-e-type=\"container\">\n\t\t\t\t\t<div class=\"e-con-inner\">\n\t\t\t\t<div class=\"elementor-element elementor-element-976b481 sc_fly_static elementor-widget elementor-widget-text-editor\" data-id=\"976b481\" data-element_type=\"widget\" data-e-type=\"widget\" data-widget_type=\"text-editor.default\">\n\t\t\t\t<div class=\"elementor-widget-container\">\n\t\t\t\t\t\t\t\t\t<p style=\"font-style: normal; letter-spacing: normal; caret-color: #000000; color: #000000;\" data-start=\"327\" data-end=\"535\">Esta secci\u00f3n es exclusiva para los Presidentes de IFOP. Aqu\u00ed encontrar\u00e1s las \u00faltimas actualizaciones y noticias dedicadas a tu funci\u00f3n, junto con respuestas a las preguntas m\u00e1s frecuentes.   <span style=\"font-size: 16px; font-style: normal; text-align: var(--text-align);\">Con el tiempo, este espacio tambi\u00e9n se convertir\u00e1 en el centro neur\u00e1lgico de las normativas importantes y de la informaci\u00f3n clave de las reuniones de la junta directiva, garantizando que siempre tengas un acceso r\u00e1pido a los recursos que necesitas para dirigir con eficacia.<\/span><\/p><p data-start=\"327\" data-end=\"535\"> <\/p>\t\t\t\t\t\t\t\t<\/div>\n\t\t\t\t<\/div>\n\t\t\t\t\t<\/div>\n\t\t\t\t<\/div>\n\t\t<div class=\"elementor-element elementor-element-de52b41 e-flex e-con-boxed e-con e-parent\" data-id=\"de52b41\" data-element_type=\"container\" data-e-type=\"container\">\n\t\t\t\t\t<div class=\"e-con-inner\">\n\t\t\t\t<div class=\"elementor-element elementor-element-d176917 elementor-toc--minimized-on-tablet sc_fly_static elementor-widget elementor-widget-table-of-contents\" data-id=\"d176917\" data-element_type=\"widget\" data-e-type=\"widget\" data-settings=\"{&quot;headings_by_tags&quot;:[&quot;h3&quot;,&quot;h4&quot;,&quot;h5&quot;],&quot;exclude_headings_by_selector&quot;:[],&quot;no_headings_message&quot;:&quot;No headings were found on this page.&quot;,&quot;marker_view&quot;:&quot;numbers&quot;,&quot;minimize_box&quot;:&quot;yes&quot;,&quot;minimized_on&quot;:&quot;tablet&quot;,&quot;hierarchical_view&quot;:&quot;yes&quot;,&quot;min_height&quot;:{&quot;unit&quot;:&quot;px&quot;,&quot;size&quot;:&quot;&quot;,&quot;sizes&quot;:[]},&quot;min_height_tablet&quot;:{&quot;unit&quot;:&quot;px&quot;,&quot;size&quot;:&quot;&quot;,&quot;sizes&quot;:[]},&quot;min_height_mobile&quot;:{&quot;unit&quot;:&quot;px&quot;,&quot;size&quot;:&quot;&quot;,&quot;sizes&quot;:[]}}\" data-widget_type=\"table-of-contents.default\">\n\t\t\t\t<div class=\"elementor-widget-container\">\n\t\t\t\t\t\t\t\t\t<div class=\"elementor-toc__header\">\n\t\t\t\t\t\t\t\t\t\t<div class=\"elementor-toc__toggle-button elementor-toc__toggle-button--expand\" role=\"button\" tabindex=\"0\" aria-controls=\"elementor-toc__d176917\" aria-expanded=\"true\" aria-label=\"Abrir la tabla de contenidos\"><i aria-hidden=\"true\" class=\"fas fa-chevron-down\"><\/i><\/div>\n\t\t\t\t<div class=\"elementor-toc__toggle-button elementor-toc__toggle-button--collapse\" role=\"button\" tabindex=\"0\" aria-controls=\"elementor-toc__d176917\" aria-expanded=\"true\" aria-label=\"Cerrar la tabla de contenidos\"><i aria-hidden=\"true\" class=\"fas fa-chevron-up\"><\/i><\/div>\n\t\t\t\t\t<\/div>\n\t\t\t\t<div id=\"elementor-toc__d176917\" class=\"elementor-toc__body\">\n\t\t\t<div class=\"elementor-toc__spinner-container\">\n\t\t\t\t<i class=\"elementor-toc__spinner eicon-animation-spin eicon-loading\" aria-hidden=\"true\"><\/i>\t\t\t<\/div>\n\t\t<\/div>\n\t\t\t\t\t\t<\/div>\n\t\t\t\t<\/div>\n\t\t\t\t\t<\/div>\n\t\t\t\t<\/div>\n\t\t<div class=\"elementor-element elementor-element-d5b2619 e-flex e-con-boxed e-con e-parent\" data-id=\"d5b2619\" data-element_type=\"container\" data-e-type=\"container\">\n\t\t\t\t\t<div class=\"e-con-inner\">\n\t\t\t\t<div class=\"elementor-element elementor-element-0daba49 sc_fly_static elementor-widget elementor-widget-heading\" data-id=\"0daba49\" data-element_type=\"widget\" data-e-type=\"widget\" data-widget_type=\"heading.default\">\n\t\t\t\t<div class=\"elementor-widget-container\">\n\t\t\t\t\t<h4 class=\"elementor-heading-title elementor-size-default\">Preguntas frecuentes - Copa del Mundo IFOP Acapulco<\/h4>\t\t\t\t<\/div>\n\t\t\t\t<\/div>\n\t\t\t\t\t<\/div>\n\t\t\t\t<\/div>\n\t\t<div class=\"elementor-element elementor-element-a23599e e-flex e-con-boxed e-con e-parent\" data-id=\"a23599e\" data-element_type=\"container\" data-e-type=\"container\">\n\t\t\t\t\t<div class=\"e-con-inner\">\n\t\t\t\t<div class=\"elementor-element elementor-element-79aebb3 sc_fly_static elementor-widget elementor-widget-text-editor\" data-id=\"79aebb3\" data-element_type=\"widget\" data-e-type=\"widget\" data-widget_type=\"text-editor.default\">\n\t\t\t\t<div class=\"elementor-widget-container\">\n\t\t\t\t\t\t\t\t\t<p>Encuentra respuestas r\u00e1pidas a las preguntas m\u00e1s frecuentes sobre la Copa del Mundo IFOP en Acapulco<\/p>\t\t\t\t\t\t\t\t<\/div>\n\t\t\t\t<\/div>\n\t\t\t\t\t<\/div>\n\t\t\t\t<\/div>\n\t\t<div class=\"elementor-element elementor-element-07385a2 e-flex e-con-boxed e-con e-parent\" data-id=\"07385a2\" data-element_type=\"container\" data-e-type=\"container\">\n\t\t\t\t\t<div class=\"e-con-inner\">\n\t\t\t\t<div class=\"elementor-element elementor-element-99e42df sc_fly_static elementor-widget elementor-widget-heading\" data-id=\"99e42df\" data-element_type=\"widget\" data-e-type=\"widget\" data-widget_type=\"heading.default\">\n\t\t\t\t<div class=\"elementor-widget-container\">\n\t\t\t\t\t<h5 class=\"elementor-heading-title elementor-size-default\">Campos de footgolf<\/h5>\t\t\t\t<\/div>\n\t\t\t\t<\/div>\n\t\t\t\t\t<\/div>\n\t\t\t\t<\/div>\n\t\t<div class=\"elementor-element elementor-element-77e620f e-flex e-con-boxed e-con e-parent\" data-id=\"77e620f\" data-element_type=\"container\" data-e-type=\"container\">\n\t\t\t\t\t<div class=\"e-con-inner\">\n\t\t\t\t<div class=\"elementor-element elementor-element-8af90cd sc_fly_static elementor-widget elementor-widget-text-editor\" data-id=\"8af90cd\" data-element_type=\"widget\" data-e-type=\"widget\" data-widget_type=\"text-editor.default\">\n\t\t\t\t<div class=\"elementor-widget-container\">\n\t\t\t\t\t\t\t\t\t<p>P: \u00bfEn qu\u00e9 campos se jugar\u00e1 la competici\u00f3n individual masculina?<br><strong>R: Sobre Tres vidas y las Dunas de las Tortugas<\/strong><\/p>\t\t\t\t\t\t\t\t<\/div>\n\t\t\t\t<\/div>\n\t\t\t\t\t<\/div>\n\t\t\t\t<\/div>\n\t\t\t\t<\/div>\n\t\t","protected":false},"excerpt":{"rendered":"<p>\u00c1rea Presidentes IFOP Esta secci\u00f3n es exclusiva para los Presidentes de IFOP. Aqu\u00ed encontrar\u00e1s las \u00faltimas actualizaciones y noticias dedicadas&hellip;<\/p>\n","protected":false},"author":1,"featured_media":0,"parent":0,"menu_order":0,"comment_status":"closed","ping_status":"closed","template":"","meta":{"footnotes":""},"class_list":["post-10497","page","type-page","status-publish","hentry"],"_links":{"self":[{"href":"https:\/\/www.footgolf.sport\/es\/wp-json\/wp\/v2\/pages\/10497","targetHints":{"allow":["GET"]}}],"collection":[{"href":"https:\/\/www.footgolf.sport\/es\/wp-json\/wp\/v2\/pages"}],"about":[{"href":"https:\/\/www.footgolf.sport\/es\/wp-json\/wp\/v2\/types\/page"}],"author":[{"embeddable":true,"href":"https:\/\/www.footgolf.sport\/es\/wp-json\/wp\/v2\/users\/1"}],"replies":[{"embeddable":true,"href":"https:\/\/www.footgolf.sport\/es\/wp-json\/wp\/v2\/comments?post=10497"}],"version-history":[{"count":2,"href":"https:\/\/www.footgolf.sport\/es\/wp-json\/wp\/v2\/pages\/10497\/revisions"}],"predecessor-version":[{"id":10502,"href":"https:\/\/www.footgolf.sport\/es\/wp-json\/wp\/v2\/pages\/10497\/revisions\/10502"}],"wp:attachment":[{"href":"https:\/\/www.footgolf.sport\/es\/wp-json\/wp\/v2\/media?parent=10497"}],"curies":[{"name":"wp","href":"https:\/\/api.w.org\/{rel}","templated":true}]}}