{"id":10469,"date":"2024-11-04T13:27:00","date_gmt":"2024-11-04T13:27:00","guid":{"rendered":"https:\/\/www.footgolf.sport\/asia-y-oceania\/"},"modified":"2025-11-14T09:51:38","modified_gmt":"2025-11-14T09:51:38","slug":"asia-y-oceania","status":"publish","type":"page","link":"https:\/\/www.footgolf.sport\/es\/asia-y-oceania\/","title":{"rendered":"Asia y Ocean\u00eda"},"content":{"rendered":"\t\t<div data-elementor-type=\"wp-page\" data-elementor-id=\"10469\" class=\"elementor elementor-10469 elementor-6962\" data-elementor-post-type=\"page\">\n\t\t\t\t<div class=\"elementor-element elementor-element-27d08d9 e-con-full e-flex e-con e-parent\" data-id=\"27d08d9\" data-element_type=\"container\" data-e-type=\"container\">\n\t\t\t\t<div class=\"elementor-element elementor-element-7ad8db9 elementor--h-position-center elementor--v-position-middle sc_fly_static elementor-widget elementor-widget-slides\" data-id=\"7ad8db9\" data-element_type=\"widget\" data-e-type=\"widget\" data-settings=\"{&quot;navigation&quot;:&quot;none&quot;,&quot;transition&quot;:&quot;slide&quot;,&quot;transition_speed&quot;:500}\" data-widget_type=\"slides.default\">\n\t\t\t\t<div class=\"elementor-widget-container\">\n\t\t\t\t\t\t\t\t\t<div class=\"elementor-swiper\">\n\t\t\t\t\t<div class=\"elementor-slides-wrapper elementor-main-swiper swiper\" role=\"region\" aria-roledescription=\"carousel\" aria-label=\"Slides\" dir=\"ltr\" data-animation=\"\">\n\t\t\t\t<div class=\"swiper-wrapper elementor-slides\">\n\t\t\t\t\t\t\t\t\t\t<div class=\"elementor-repeater-item-8c5efd9 swiper-slide\" role=\"group\" aria-roledescription=\"slide\"><div class=\"swiper-slide-bg\" role=\"img\" aria-label=\"Un jugador de FootGolf pateando la pelota desde un foso de arena.\"><\/div><div class=\"elementor-background-overlay\"><\/div><div class=\"swiper-slide-inner\" ><div class=\"swiper-slide-contents\"><div class=\"elementor-slide-heading\">Asia y Ocean\u00eda<\/div><\/div><\/div><\/div>\t\t\t\t<\/div>\n\t\t\t\t\t\t\t<\/div>\n\t\t\t\t<\/div>\n\t\t\t\t\t\t\t\t<\/div>\n\t\t\t\t<\/div>\n\t\t\t\t<\/div>\n\t\t<div class=\"elementor-element elementor-element-b7b079e reveal e-flex e-con-boxed e-con e-parent\" data-id=\"b7b079e\" data-element_type=\"container\" data-e-type=\"container\">\n\t\t\t\t\t<div class=\"e-con-inner\">\n\t\t<div class=\"elementor-element elementor-element-be7c6a6 e-con-full e-flex e-con e-child\" data-id=\"be7c6a6\" data-element_type=\"container\" data-e-type=\"container\" data-settings=\"{&quot;background_background&quot;:&quot;classic&quot;}\">\n\t\t\t\t<div class=\"elementor-element elementor-element-a4cb5d5 sc_fly_static elementor-widget elementor-widget-image\" data-id=\"a4cb5d5\" data-element_type=\"widget\" data-e-type=\"widget\" data-widget_type=\"image.default\">\n\t\t\t\t<div class=\"elementor-widget-container\">\n\t\t\t\t\t\t\t\t\t\t\t\t\t\t\t<img fetchpriority=\"high\" decoding=\"async\" width=\"1000\" height=\"667\" src=\"https:\/\/www.footgolf.sport\/wp-content\/uploads\/2024\/11\/australia-flag-waving-medium.png\" class=\"attachment-large size-large wp-image-10471\" alt=\"Ilustraci\u00f3n de la bandera nacional australiana.\" srcset=\"https:\/\/www.footgolf.sport\/wp-content\/uploads\/2024\/11\/australia-flag-waving-medium.png 1000w, https:\/\/www.footgolf.sport\/wp-content\/uploads\/2024\/11\/australia-flag-waving-medium-300x200.png 300w, https:\/\/www.footgolf.sport\/wp-content\/uploads\/2024\/11\/australia-flag-waving-medium-768x512.png 768w, https:\/\/www.footgolf.sport\/wp-content\/uploads\/2024\/11\/australia-flag-waving-medium-370x247.png 370w, https:\/\/www.footgolf.sport\/wp-content\/uploads\/2024\/11\/australia-flag-waving-medium-818x546.png 818w, https:\/\/www.footgolf.sport\/wp-content\/uploads\/2024\/11\/australia-flag-waving-medium-406x271.png 406w, https:\/\/www.footgolf.sport\/wp-content\/uploads\/2024\/11\/australia-flag-waving-medium-500x334.png 500w, https:\/\/www.footgolf.sport\/wp-content\/uploads\/2024\/11\/australia-flag-waving-medium-400x267.png 400w, https:\/\/www.footgolf.sport\/wp-content\/uploads\/2024\/11\/australia-flag-waving-medium-32x21.png 32w\" sizes=\"(max-width: 1000px) 100vw, 1000px\" \/>\t\t\t\t\t\t\t\t\t\t\t\t\t\t\t<\/div>\n\t\t\t\t<\/div>\n\t\t\t\t<div class=\"elementor-element elementor-element-6bc880e sc_fly_static elementor-widget elementor-widget-heading\" data-id=\"6bc880e\" data-element_type=\"widget\" data-e-type=\"widget\" data-widget_type=\"heading.default\">\n\t\t\t\t<div class=\"elementor-widget-container\">\n\t\t\t\t\t<h2 class=\"elementor-heading-title elementor-size-default\">AUSTRALIA<\/h2>\t\t\t\t<\/div>\n\t\t\t\t<\/div>\n\t\t\t\t<div class=\"elementor-element elementor-element-f2f4527 sc_fly_static elementor-widget elementor-widget-heading\" data-id=\"f2f4527\" data-element_type=\"widget\" data-e-type=\"widget\" data-widget_type=\"heading.default\">\n\t\t\t\t<div class=\"elementor-widget-container\">\n\t\t\t\t\t<h2 class=\"elementor-heading-title elementor-size-default\">OCEAN\u00cdA<\/h2>\t\t\t\t<\/div>\n\t\t\t\t<\/div>\n\t\t\t\t<div class=\"elementor-element elementor-element-a7ba887 elementor-align-left elementor-mobile-align-justify sc_fly_static elementor-widget elementor-widget-button\" data-id=\"a7ba887\" data-element_type=\"widget\" data-e-type=\"widget\" data-widget_type=\"button.default\">\n\t\t\t\t<div class=\"elementor-widget-container\">\n\t\t\t\t\t\t\t\t\t<div class=\"elementor-button-wrapper\">\n\t\t\t\t\t<a class=\"elementor-button elementor-button-link elementor-size-sm\" href=\"https:\/\/www.footgolf.sport\/es\/asia-y-oceania\/australia\/\">\n\t\t\t\t\t\t<span class=\"elementor-button-content-wrapper\">\n\t\t\t\t\t\t<span class=\"elementor-button-icon\">\n\t\t\t\t<i aria-hidden=\"true\" class=\"fas fa-arrow-right\"><\/i>\t\t\t<\/span>\n\t\t\t\t\t\t\t\t\t<span class=\"elementor-button-text\">saber m\u00e1s<\/span>\n\t\t\t\t\t<\/span>\n\t\t\t\t\t<\/a>\n\t\t\t\t<\/div>\n\t\t\t\t\t\t\t\t<\/div>\n\t\t\t\t<\/div>\n\t\t\t\t<\/div>\n\t\t<div class=\"elementor-element elementor-element-a856724 e-con-full e-flex e-con e-child\" data-id=\"a856724\" data-element_type=\"container\" data-e-type=\"container\" data-settings=\"{&quot;background_background&quot;:&quot;classic&quot;}\">\n\t\t\t\t<div class=\"elementor-element elementor-element-a3baffb sc_fly_static elementor-widget elementor-widget-image\" data-id=\"a3baffb\" data-element_type=\"widget\" data-e-type=\"widget\" data-widget_type=\"image.default\">\n\t\t\t\t<div class=\"elementor-widget-container\">\n\t\t\t\t\t\t\t\t\t\t\t\t\t\t\t<img decoding=\"async\" width=\"500\" height=\"333\" src=\"https:\/\/www.footgolf.sport\/wp-content\/uploads\/2024\/11\/china-flag-waving-small.png\" class=\"attachment-large size-large wp-image-10472\" alt=\"Ilustraci\u00f3n de la bandera china.\" srcset=\"https:\/\/www.footgolf.sport\/wp-content\/uploads\/2024\/11\/china-flag-waving-small.png 500w, https:\/\/www.footgolf.sport\/wp-content\/uploads\/2024\/11\/china-flag-waving-small-300x200.png 300w, https:\/\/www.footgolf.sport\/wp-content\/uploads\/2024\/11\/china-flag-waving-small-370x246.png 370w, https:\/\/www.footgolf.sport\/wp-content\/uploads\/2024\/11\/china-flag-waving-small-406x270.png 406w, https:\/\/www.footgolf.sport\/wp-content\/uploads\/2024\/11\/china-flag-waving-small-400x266.png 400w, https:\/\/www.footgolf.sport\/wp-content\/uploads\/2024\/11\/china-flag-waving-small-32x21.png 32w\" sizes=\"(max-width: 500px) 100vw, 500px\" \/>\t\t\t\t\t\t\t\t\t\t\t\t\t\t\t<\/div>\n\t\t\t\t<\/div>\n\t\t\t\t<div class=\"elementor-element elementor-element-24b3145 sc_fly_static elementor-widget elementor-widget-heading\" data-id=\"24b3145\" data-element_type=\"widget\" data-e-type=\"widget\" data-widget_type=\"heading.default\">\n\t\t\t\t<div class=\"elementor-widget-container\">\n\t\t\t\t\t<h2 class=\"elementor-heading-title elementor-size-default\">China<\/h2>\t\t\t\t<\/div>\n\t\t\t\t<\/div>\n\t\t\t\t<div class=\"elementor-element elementor-element-3aa7d17 sc_fly_static elementor-widget elementor-widget-heading\" data-id=\"3aa7d17\" data-element_type=\"widget\" data-e-type=\"widget\" data-widget_type=\"heading.default\">\n\t\t\t\t<div class=\"elementor-widget-container\">\n\t\t\t\t\t<h2 class=\"elementor-heading-title elementor-size-default\">asia<\/h2>\t\t\t\t<\/div>\n\t\t\t\t<\/div>\n\t\t\t\t<div class=\"elementor-element elementor-element-8ef39d2 elementor-align-left elementor-mobile-align-justify sc_fly_static elementor-widget elementor-widget-button\" data-id=\"8ef39d2\" data-element_type=\"widget\" data-e-type=\"widget\" data-widget_type=\"button.default\">\n\t\t\t\t<div class=\"elementor-widget-container\">\n\t\t\t\t\t\t\t\t\t<div class=\"elementor-button-wrapper\">\n\t\t\t\t\t<a class=\"elementor-button elementor-button-link elementor-size-sm\" href=\"https:\/\/www.footgolf.sport\/es\/asia-y-oceania\/china\/\">\n\t\t\t\t\t\t<span class=\"elementor-button-content-wrapper\">\n\t\t\t\t\t\t<span class=\"elementor-button-icon\">\n\t\t\t\t<i aria-hidden=\"true\" class=\"fas fa-arrow-right\"><\/i>\t\t\t<\/span>\n\t\t\t\t\t\t\t\t\t<span class=\"elementor-button-text\">saber m\u00e1s<\/span>\n\t\t\t\t\t<\/span>\n\t\t\t\t\t<\/a>\n\t\t\t\t<\/div>\n\t\t\t\t\t\t\t\t<\/div>\n\t\t\t\t<\/div>\n\t\t\t\t<\/div>\n\t\t<div class=\"elementor-element elementor-element-60852d0 e-con-full e-flex e-con e-child\" data-id=\"60852d0\" data-element_type=\"container\" data-e-type=\"container\" data-settings=\"{&quot;background_background&quot;:&quot;classic&quot;}\">\n\t\t\t\t<div class=\"elementor-element elementor-element-cf301fa sc_fly_static elementor-widget elementor-widget-image\" data-id=\"cf301fa\" data-element_type=\"widget\" data-e-type=\"widget\" data-widget_type=\"image.default\">\n\t\t\t\t<div class=\"elementor-widget-container\">\n\t\t\t\t\t\t\t\t\t\t\t\t\t\t\t<img decoding=\"async\" width=\"1024\" height=\"683\" src=\"https:\/\/www.footgolf.sport\/wp-content\/uploads\/2024\/11\/Flag_of_Chinese_Taipei_for_Olympic_games.svg-1024x683.png\" class=\"attachment-large size-large wp-image-10473\" alt=\"Bandera de Taipei Chino para los Juegos Ol\u00edmpicos.\" srcset=\"https:\/\/www.footgolf.sport\/wp-content\/uploads\/2024\/11\/Flag_of_Chinese_Taipei_for_Olympic_games.svg-1024x683.png 1024w, https:\/\/www.footgolf.sport\/wp-content\/uploads\/2024\/11\/Flag_of_Chinese_Taipei_for_Olympic_games.svg-300x200.png 300w, https:\/\/www.footgolf.sport\/wp-content\/uploads\/2024\/11\/Flag_of_Chinese_Taipei_for_Olympic_games.svg-768x512.png 768w, https:\/\/www.footgolf.sport\/wp-content\/uploads\/2024\/11\/Flag_of_Chinese_Taipei_for_Olympic_games.svg-370x247.png 370w, https:\/\/www.footgolf.sport\/wp-content\/uploads\/2024\/11\/Flag_of_Chinese_Taipei_for_Olympic_games.svg-818x545.png 818w, https:\/\/www.footgolf.sport\/wp-content\/uploads\/2024\/11\/Flag_of_Chinese_Taipei_for_Olympic_games.svg-406x271.png 406w, https:\/\/www.footgolf.sport\/wp-content\/uploads\/2024\/11\/Flag_of_Chinese_Taipei_for_Olympic_games.svg-500x333.png 500w, https:\/\/www.footgolf.sport\/wp-content\/uploads\/2024\/11\/Flag_of_Chinese_Taipei_for_Olympic_games.svg-400x267.png 400w, https:\/\/www.footgolf.sport\/wp-content\/uploads\/2024\/11\/Flag_of_Chinese_Taipei_for_Olympic_games.svg-32x21.png 32w, https:\/\/www.footgolf.sport\/wp-content\/uploads\/2024\/11\/Flag_of_Chinese_Taipei_for_Olympic_games.svg.png 1200w\" sizes=\"(max-width: 1024px) 100vw, 1024px\" \/>\t\t\t\t\t\t\t\t\t\t\t\t\t\t\t<\/div>\n\t\t\t\t<\/div>\n\t\t\t\t<div class=\"elementor-element elementor-element-5888d1e sc_fly_static elementor-widget elementor-widget-heading\" data-id=\"5888d1e\" data-element_type=\"widget\" data-e-type=\"widget\" data-widget_type=\"heading.default\">\n\t\t\t\t<div class=\"elementor-widget-container\">\n\t\t\t\t\t<h2 class=\"elementor-heading-title elementor-size-default\">TAIPEI CHINO<\/h2>\t\t\t\t<\/div>\n\t\t\t\t<\/div>\n\t\t\t\t<div class=\"elementor-element elementor-element-5c294f9 sc_fly_static elementor-widget elementor-widget-heading\" data-id=\"5c294f9\" data-element_type=\"widget\" data-e-type=\"widget\" data-widget_type=\"heading.default\">\n\t\t\t\t<div class=\"elementor-widget-container\">\n\t\t\t\t\t<h2 class=\"elementor-heading-title elementor-size-default\">asia<\/h2>\t\t\t\t<\/div>\n\t\t\t\t<\/div>\n\t\t\t\t<div class=\"elementor-element elementor-element-6d6ec4d elementor-align-left elementor-mobile-align-justify sc_fly_static elementor-widget elementor-widget-button\" data-id=\"6d6ec4d\" data-element_type=\"widget\" data-e-type=\"widget\" data-widget_type=\"button.default\">\n\t\t\t\t<div class=\"elementor-widget-container\">\n\t\t\t\t\t\t\t\t\t<div class=\"elementor-button-wrapper\">\n\t\t\t\t\t<a class=\"elementor-button elementor-button-link elementor-size-sm\" href=\"https:\/\/www.footgolf.sport\/es\/asia-y-oceania\/taipei-chino\/\">\n\t\t\t\t\t\t<span class=\"elementor-button-content-wrapper\">\n\t\t\t\t\t\t<span class=\"elementor-button-icon\">\n\t\t\t\t<i aria-hidden=\"true\" class=\"fas fa-arrow-right\"><\/i>\t\t\t<\/span>\n\t\t\t\t\t\t\t\t\t<span class=\"elementor-button-text\">saber m\u00e1s<\/span>\n\t\t\t\t\t<\/span>\n\t\t\t\t\t<\/a>\n\t\t\t\t<\/div>\n\t\t\t\t\t\t\t\t<\/div>\n\t\t\t\t<\/div>\n\t\t\t\t<\/div>\n\t\t<div class=\"elementor-element elementor-element-db1b908 e-con-full e-flex e-con e-child\" data-id=\"db1b908\" data-element_type=\"container\" data-e-type=\"container\" data-settings=\"{&quot;background_background&quot;:&quot;classic&quot;}\">\n\t\t\t\t<div class=\"elementor-element elementor-element-d28fc55 sc_fly_static elementor-widget elementor-widget-image\" data-id=\"d28fc55\" data-element_type=\"widget\" data-e-type=\"widget\" data-widget_type=\"image.default\">\n\t\t\t\t<div class=\"elementor-widget-container\">\n\t\t\t\t\t\t\t\t\t\t\t\t\t\t\t<img loading=\"lazy\" decoding=\"async\" width=\"1000\" height=\"667\" src=\"https:\/\/www.footgolf.sport\/wp-content\/uploads\/2024\/11\/japan-flag-waving-medium.png\" class=\"attachment-large size-large wp-image-10474\" alt=\"Bandera estilizada de Jap\u00f3n.\" srcset=\"https:\/\/www.footgolf.sport\/wp-content\/uploads\/2024\/11\/japan-flag-waving-medium.png 1000w, https:\/\/www.footgolf.sport\/wp-content\/uploads\/2024\/11\/japan-flag-waving-medium-300x200.png 300w, https:\/\/www.footgolf.sport\/wp-content\/uploads\/2024\/11\/japan-flag-waving-medium-768x512.png 768w, https:\/\/www.footgolf.sport\/wp-content\/uploads\/2024\/11\/japan-flag-waving-medium-370x247.png 370w, https:\/\/www.footgolf.sport\/wp-content\/uploads\/2024\/11\/japan-flag-waving-medium-818x546.png 818w, https:\/\/www.footgolf.sport\/wp-content\/uploads\/2024\/11\/japan-flag-waving-medium-406x271.png 406w, https:\/\/www.footgolf.sport\/wp-content\/uploads\/2024\/11\/japan-flag-waving-medium-500x334.png 500w, https:\/\/www.footgolf.sport\/wp-content\/uploads\/2024\/11\/japan-flag-waving-medium-400x267.png 400w, https:\/\/www.footgolf.sport\/wp-content\/uploads\/2024\/11\/japan-flag-waving-medium-32x21.png 32w\" sizes=\"(max-width: 1000px) 100vw, 1000px\" \/>\t\t\t\t\t\t\t\t\t\t\t\t\t\t\t<\/div>\n\t\t\t\t<\/div>\n\t\t\t\t<div class=\"elementor-element elementor-element-35201a7 sc_fly_static elementor-widget elementor-widget-heading\" data-id=\"35201a7\" data-element_type=\"widget\" data-e-type=\"widget\" data-widget_type=\"heading.default\">\n\t\t\t\t<div class=\"elementor-widget-container\">\n\t\t\t\t\t<h2 class=\"elementor-heading-title elementor-size-default\">Jap\u00f3n<\/h2>\t\t\t\t<\/div>\n\t\t\t\t<\/div>\n\t\t\t\t<div class=\"elementor-element elementor-element-9d6428f sc_fly_static elementor-widget elementor-widget-heading\" data-id=\"9d6428f\" data-element_type=\"widget\" data-e-type=\"widget\" data-widget_type=\"heading.default\">\n\t\t\t\t<div class=\"elementor-widget-container\">\n\t\t\t\t\t<h2 class=\"elementor-heading-title elementor-size-default\">asia<\/h2>\t\t\t\t<\/div>\n\t\t\t\t<\/div>\n\t\t\t\t<div class=\"elementor-element elementor-element-fdbecea elementor-align-left elementor-mobile-align-justify sc_fly_static elementor-widget elementor-widget-button\" data-id=\"fdbecea\" data-element_type=\"widget\" data-e-type=\"widget\" data-widget_type=\"button.default\">\n\t\t\t\t<div class=\"elementor-widget-container\">\n\t\t\t\t\t\t\t\t\t<div class=\"elementor-button-wrapper\">\n\t\t\t\t\t<a class=\"elementor-button elementor-button-link elementor-size-sm\" href=\"https:\/\/www.footgolf.sport\/es\/asia-y-oceania\/japon\/\">\n\t\t\t\t\t\t<span class=\"elementor-button-content-wrapper\">\n\t\t\t\t\t\t<span class=\"elementor-button-icon\">\n\t\t\t\t<i aria-hidden=\"true\" class=\"fas fa-arrow-right\"><\/i>\t\t\t<\/span>\n\t\t\t\t\t\t\t\t\t<span class=\"elementor-button-text\">saber m\u00e1s<\/span>\n\t\t\t\t\t<\/span>\n\t\t\t\t\t<\/a>\n\t\t\t\t<\/div>\n\t\t\t\t\t\t\t\t<\/div>\n\t\t\t\t<\/div>\n\t\t\t\t<\/div>\n\t\t<div class=\"elementor-element elementor-element-b076570 e-con-full e-flex e-con e-child\" data-id=\"b076570\" data-element_type=\"container\" data-e-type=\"container\" data-settings=\"{&quot;background_background&quot;:&quot;classic&quot;}\">\n\t\t\t\t<div class=\"elementor-element elementor-element-9e8110f sc_fly_static elementor-widget elementor-widget-image\" data-id=\"9e8110f\" data-element_type=\"widget\" data-e-type=\"widget\" data-widget_type=\"image.default\">\n\t\t\t\t<div class=\"elementor-widget-container\">\n\t\t\t\t\t\t\t\t\t\t\t\t\t\t\t<img loading=\"lazy\" decoding=\"async\" width=\"1000\" height=\"667\" src=\"https:\/\/www.footgolf.sport\/wp-content\/uploads\/2024\/11\/malaysia-flag-waving-medium.png\" class=\"attachment-large size-large wp-image-10475\" alt=\"Bandera estilizada de Malasia.\" srcset=\"https:\/\/www.footgolf.sport\/wp-content\/uploads\/2024\/11\/malaysia-flag-waving-medium.png 1000w, https:\/\/www.footgolf.sport\/wp-content\/uploads\/2024\/11\/malaysia-flag-waving-medium-300x200.png 300w, https:\/\/www.footgolf.sport\/wp-content\/uploads\/2024\/11\/malaysia-flag-waving-medium-768x512.png 768w, https:\/\/www.footgolf.sport\/wp-content\/uploads\/2024\/11\/malaysia-flag-waving-medium-370x247.png 370w, https:\/\/www.footgolf.sport\/wp-content\/uploads\/2024\/11\/malaysia-flag-waving-medium-818x546.png 818w, https:\/\/www.footgolf.sport\/wp-content\/uploads\/2024\/11\/malaysia-flag-waving-medium-406x271.png 406w, https:\/\/www.footgolf.sport\/wp-content\/uploads\/2024\/11\/malaysia-flag-waving-medium-500x334.png 500w, https:\/\/www.footgolf.sport\/wp-content\/uploads\/2024\/11\/malaysia-flag-waving-medium-400x267.png 400w, https:\/\/www.footgolf.sport\/wp-content\/uploads\/2024\/11\/malaysia-flag-waving-medium-32x21.png 32w\" sizes=\"(max-width: 1000px) 100vw, 1000px\" \/>\t\t\t\t\t\t\t\t\t\t\t\t\t\t\t<\/div>\n\t\t\t\t<\/div>\n\t\t\t\t<div class=\"elementor-element elementor-element-0d82324 sc_fly_static elementor-widget elementor-widget-heading\" data-id=\"0d82324\" data-element_type=\"widget\" data-e-type=\"widget\" data-widget_type=\"heading.default\">\n\t\t\t\t<div class=\"elementor-widget-container\">\n\t\t\t\t\t<h2 class=\"elementor-heading-title elementor-size-default\">MALASIA<\/h2>\t\t\t\t<\/div>\n\t\t\t\t<\/div>\n\t\t\t\t<div class=\"elementor-element elementor-element-1e679b1 sc_fly_static elementor-widget elementor-widget-heading\" data-id=\"1e679b1\" data-element_type=\"widget\" data-e-type=\"widget\" data-widget_type=\"heading.default\">\n\t\t\t\t<div class=\"elementor-widget-container\">\n\t\t\t\t\t<h2 class=\"elementor-heading-title elementor-size-default\">asia<\/h2>\t\t\t\t<\/div>\n\t\t\t\t<\/div>\n\t\t\t\t<div class=\"elementor-element elementor-element-bae2ab5 elementor-align-left elementor-mobile-align-justify sc_fly_static elementor-widget elementor-widget-button\" data-id=\"bae2ab5\" data-element_type=\"widget\" data-e-type=\"widget\" data-widget_type=\"button.default\">\n\t\t\t\t<div class=\"elementor-widget-container\">\n\t\t\t\t\t\t\t\t\t<div class=\"elementor-button-wrapper\">\n\t\t\t\t\t<a class=\"elementor-button elementor-button-link elementor-size-sm\" href=\"https:\/\/www.footgolf.sport\/es\/asia-y-oceania\/malasia\/\">\n\t\t\t\t\t\t<span class=\"elementor-button-content-wrapper\">\n\t\t\t\t\t\t<span class=\"elementor-button-icon\">\n\t\t\t\t<i aria-hidden=\"true\" class=\"fas fa-arrow-right\"><\/i>\t\t\t<\/span>\n\t\t\t\t\t\t\t\t\t<span class=\"elementor-button-text\">saber m\u00e1s<\/span>\n\t\t\t\t\t<\/span>\n\t\t\t\t\t<\/a>\n\t\t\t\t<\/div>\n\t\t\t\t\t\t\t\t<\/div>\n\t\t\t\t<\/div>\n\t\t\t\t<\/div>\n\t\t<div class=\"elementor-element elementor-element-0c7583c e-con-full e-flex e-con e-child\" data-id=\"0c7583c\" data-element_type=\"container\" data-e-type=\"container\" data-settings=\"{&quot;background_background&quot;:&quot;classic&quot;}\">\n\t\t\t\t<div class=\"elementor-element elementor-element-e785e75 sc_fly_static elementor-widget elementor-widget-image\" data-id=\"e785e75\" data-element_type=\"widget\" data-e-type=\"widget\" data-widget_type=\"image.default\">\n\t\t\t\t<div class=\"elementor-widget-container\">\n\t\t\t\t\t\t\t\t\t\t\t\t\t\t\t<img loading=\"lazy\" decoding=\"async\" width=\"1000\" height=\"667\" src=\"https:\/\/www.footgolf.sport\/wp-content\/uploads\/2024\/11\/south-korea-flag-waving-medium.png\" class=\"attachment-large size-large wp-image-10476\" alt=\"Ilustraci\u00f3n de la bandera de Corea del Sur.\" srcset=\"https:\/\/www.footgolf.sport\/wp-content\/uploads\/2024\/11\/south-korea-flag-waving-medium.png 1000w, https:\/\/www.footgolf.sport\/wp-content\/uploads\/2024\/11\/south-korea-flag-waving-medium-300x200.png 300w, https:\/\/www.footgolf.sport\/wp-content\/uploads\/2024\/11\/south-korea-flag-waving-medium-768x512.png 768w, https:\/\/www.footgolf.sport\/wp-content\/uploads\/2024\/11\/south-korea-flag-waving-medium-370x247.png 370w, https:\/\/www.footgolf.sport\/wp-content\/uploads\/2024\/11\/south-korea-flag-waving-medium-818x546.png 818w, https:\/\/www.footgolf.sport\/wp-content\/uploads\/2024\/11\/south-korea-flag-waving-medium-406x271.png 406w, https:\/\/www.footgolf.sport\/wp-content\/uploads\/2024\/11\/south-korea-flag-waving-medium-500x334.png 500w, https:\/\/www.footgolf.sport\/wp-content\/uploads\/2024\/11\/south-korea-flag-waving-medium-400x267.png 400w, https:\/\/www.footgolf.sport\/wp-content\/uploads\/2024\/11\/south-korea-flag-waving-medium-32x21.png 32w\" sizes=\"(max-width: 1000px) 100vw, 1000px\" \/>\t\t\t\t\t\t\t\t\t\t\t\t\t\t\t<\/div>\n\t\t\t\t<\/div>\n\t\t\t\t<div class=\"elementor-element elementor-element-893bbec sc_fly_static elementor-widget elementor-widget-heading\" data-id=\"893bbec\" data-element_type=\"widget\" data-e-type=\"widget\" data-widget_type=\"heading.default\">\n\t\t\t\t<div class=\"elementor-widget-container\">\n\t\t\t\t\t<h2 class=\"elementor-heading-title elementor-size-default\">COREA DEL SUR<\/h2>\t\t\t\t<\/div>\n\t\t\t\t<\/div>\n\t\t\t\t<div class=\"elementor-element elementor-element-21a7049 sc_fly_static elementor-widget elementor-widget-heading\" data-id=\"21a7049\" data-element_type=\"widget\" data-e-type=\"widget\" data-widget_type=\"heading.default\">\n\t\t\t\t<div class=\"elementor-widget-container\">\n\t\t\t\t\t<h2 class=\"elementor-heading-title elementor-size-default\">asia<\/h2>\t\t\t\t<\/div>\n\t\t\t\t<\/div>\n\t\t\t\t<div class=\"elementor-element elementor-element-ad9f4c0 elementor-align-left elementor-mobile-align-justify sc_fly_static elementor-widget elementor-widget-button\" data-id=\"ad9f4c0\" data-element_type=\"widget\" data-e-type=\"widget\" data-widget_type=\"button.default\">\n\t\t\t\t<div class=\"elementor-widget-container\">\n\t\t\t\t\t\t\t\t\t<div class=\"elementor-button-wrapper\">\n\t\t\t\t\t<a class=\"elementor-button elementor-button-link elementor-size-sm\" href=\"https:\/\/www.footgolf.sport\/es\/asia-y-oceania\/corea-del-sur\/\">\n\t\t\t\t\t\t<span class=\"elementor-button-content-wrapper\">\n\t\t\t\t\t\t<span class=\"elementor-button-icon\">\n\t\t\t\t<i aria-hidden=\"true\" class=\"fas fa-arrow-right\"><\/i>\t\t\t<\/span>\n\t\t\t\t\t\t\t\t\t<span class=\"elementor-button-text\">saber m\u00e1s<\/span>\n\t\t\t\t\t<\/span>\n\t\t\t\t\t<\/a>\n\t\t\t\t<\/div>\n\t\t\t\t\t\t\t\t<\/div>\n\t\t\t\t<\/div>\n\t\t\t\t<\/div>\n\t\t\t\t\t<\/div>\n\t\t\t\t<\/div>\n\t\t<div class=\"elementor-element elementor-element-0c70e56 e-flex e-con-boxed e-con e-parent\" data-id=\"0c70e56\" data-element_type=\"container\" data-e-type=\"container\">\n\t\t\t\t\t<div class=\"e-con-inner\">\n\t\t\t\t<div class=\"elementor-element elementor-element-572450e elementor-align-justify elementor-mobile-align-justify sc_fly_static elementor-widget elementor-widget-button\" data-id=\"572450e\" data-element_type=\"widget\" data-e-type=\"widget\" data-widget_type=\"button.default\">\n\t\t\t\t<div class=\"elementor-widget-container\">\n\t\t\t\t\t\t\t\t\t<div class=\"elementor-button-wrapper\">\n\t\t\t\t\t<a class=\"elementor-button elementor-button-link elementor-size-sm\" href=\"https:\/\/fifg.bluegolf.com\/bluegolf\/fifg24\/poy\/ar4men\/index.htm\" target=\"_blank\" rel=\"noopener\">\n\t\t\t\t\t\t<span class=\"elementor-button-content-wrapper\">\n\t\t\t\t\t\t<span class=\"elementor-button-icon\">\n\t\t\t\t<i aria-hidden=\"true\" class=\"fas fa-arrow-right\"><\/i>\t\t\t<\/span>\n\t\t\t\t\t\t\t\t\t<span class=\"elementor-button-text\">CLASIFICACIONES REGIONALES - TODAS LAS CATEGOR\u00cdAS<\/span>\n\t\t\t\t\t<\/span>\n\t\t\t\t\t<\/a>\n\t\t\t\t<\/div>\n\t\t\t\t\t\t\t\t<\/div>\n\t\t\t\t<\/div>\n\t\t\t\t\t<\/div>\n\t\t\t\t<\/div>\n\t\t\t\t<\/div>\n\t\t","protected":false},"excerpt":{"rendered":"<p>Asia y Ocean\u00eda AUSTRALIA OCEAN\u00cdA saber m\u00e1s China asia saber m\u00e1s TAIPEI CHINO asia saber m\u00e1s Jap\u00f3n asia saber m\u00e1s&hellip;<\/p>\n","protected":false},"author":1,"featured_media":0,"parent":0,"menu_order":0,"comment_status":"closed","ping_status":"closed","template":"","meta":{"footnotes":""},"class_list":["post-10469","page","type-page","status-publish","hentry"],"_links":{"self":[{"href":"https:\/\/www.footgolf.sport\/es\/wp-json\/wp\/v2\/pages\/10469","targetHints":{"allow":["GET"]}}],"collection":[{"href":"https:\/\/www.footgolf.sport\/es\/wp-json\/wp\/v2\/pages"}],"about":[{"href":"https:\/\/www.footgolf.sport\/es\/wp-json\/wp\/v2\/types\/page"}],"author":[{"embeddable":true,"href":"https:\/\/www.footgolf.sport\/es\/wp-json\/wp\/v2\/users\/1"}],"replies":[{"embeddable":true,"href":"https:\/\/www.footgolf.sport\/es\/wp-json\/wp\/v2\/comments?post=10469"}],"version-history":[{"count":5,"href":"https:\/\/www.footgolf.sport\/es\/wp-json\/wp\/v2\/pages\/10469\/revisions"}],"predecessor-version":[{"id":11213,"href":"https:\/\/www.footgolf.sport\/es\/wp-json\/wp\/v2\/pages\/10469\/revisions\/11213"}],"wp:attachment":[{"href":"https:\/\/www.footgolf.sport\/es\/wp-json\/wp\/v2\/media?parent=10469"}],"curies":[{"name":"wp","href":"https:\/\/api.w.org\/{rel}","templated":true}]}}