{"id":10383,"date":"2024-11-04T11:54:55","date_gmt":"2024-11-04T11:54:55","guid":{"rendered":"https:\/\/www.footgolf.sport\/america-del-sur\/"},"modified":"2025-11-14T09:46:13","modified_gmt":"2025-11-14T09:46:13","slug":"america-del-sur","status":"publish","type":"page","link":"https:\/\/www.footgolf.sport\/es\/america-del-sur\/","title":{"rendered":"Am\u00e9rica del Sur"},"content":{"rendered":"\t\t<div data-elementor-type=\"wp-page\" data-elementor-id=\"10383\" class=\"elementor elementor-10383 elementor-6871\" data-elementor-post-type=\"page\">\n\t\t\t\t<div class=\"elementor-element elementor-element-4283323 e-con-full e-flex e-con e-parent\" data-id=\"4283323\" data-element_type=\"container\" data-e-type=\"container\">\n\t\t\t\t<div class=\"elementor-element elementor-element-1bd2976 elementor--h-position-center elementor--v-position-middle sc_fly_static elementor-widget elementor-widget-slides\" data-id=\"1bd2976\" data-element_type=\"widget\" data-e-type=\"widget\" data-settings=\"{&quot;navigation&quot;:&quot;none&quot;,&quot;transition&quot;:&quot;slide&quot;,&quot;transition_speed&quot;:500}\" data-widget_type=\"slides.default\">\n\t\t\t\t<div class=\"elementor-widget-container\">\n\t\t\t\t\t\t\t\t\t<div class=\"elementor-swiper\">\n\t\t\t\t\t<div class=\"elementor-slides-wrapper elementor-main-swiper swiper\" role=\"region\" aria-roledescription=\"carousel\" aria-label=\"Slides\" dir=\"ltr\" data-animation=\"\">\n\t\t\t\t<div class=\"swiper-wrapper elementor-slides\">\n\t\t\t\t\t\t\t\t\t\t<div class=\"elementor-repeater-item-8c5efd9 swiper-slide\" role=\"group\" aria-roledescription=\"slide\"><div class=\"swiper-slide-bg\" role=\"img\" aria-label=\"Bal\u00f3n de f\u00fatbol blanco en un campo con una persona a lo lejos.\"><\/div><div class=\"elementor-background-overlay\"><\/div><div class=\"swiper-slide-inner\" ><div class=\"swiper-slide-contents\"><div class=\"elementor-slide-heading\">Am\u00e9rica del Sur<\/div><\/div><\/div><\/div>\t\t\t\t<\/div>\n\t\t\t\t\t\t\t<\/div>\n\t\t\t\t<\/div>\n\t\t\t\t\t\t\t\t<\/div>\n\t\t\t\t<\/div>\n\t\t\t\t<\/div>\n\t\t<div class=\"elementor-element elementor-element-6d5f441 reveal e-flex e-con-boxed e-con e-parent\" data-id=\"6d5f441\" data-element_type=\"container\" data-e-type=\"container\">\n\t\t\t\t\t<div class=\"e-con-inner\">\n\t\t<div class=\"elementor-element elementor-element-b3186d7 e-con-full e-flex e-con e-child\" data-id=\"b3186d7\" data-element_type=\"container\" data-e-type=\"container\" data-settings=\"{&quot;background_background&quot;:&quot;classic&quot;}\">\n\t\t\t\t<div class=\"elementor-element elementor-element-06fd9bb sc_fly_static elementor-widget elementor-widget-image\" data-id=\"06fd9bb\" data-element_type=\"widget\" data-e-type=\"widget\" data-widget_type=\"image.default\">\n\t\t\t\t<div class=\"elementor-widget-container\">\n\t\t\t\t\t\t\t\t\t\t\t\t\t\t\t<img fetchpriority=\"high\" decoding=\"async\" width=\"1000\" height=\"667\" src=\"https:\/\/www.footgolf.sport\/wp-content\/uploads\/2024\/11\/argentina-flag-waving-medium.png\" class=\"attachment-large size-large wp-image-10386\" alt=\"Imagen de la bandera argentina ondeando.\" srcset=\"https:\/\/www.footgolf.sport\/wp-content\/uploads\/2024\/11\/argentina-flag-waving-medium.png 1000w, https:\/\/www.footgolf.sport\/wp-content\/uploads\/2024\/11\/argentina-flag-waving-medium-300x200.png 300w, https:\/\/www.footgolf.sport\/wp-content\/uploads\/2024\/11\/argentina-flag-waving-medium-768x512.png 768w, https:\/\/www.footgolf.sport\/wp-content\/uploads\/2024\/11\/argentina-flag-waving-medium-370x247.png 370w, https:\/\/www.footgolf.sport\/wp-content\/uploads\/2024\/11\/argentina-flag-waving-medium-818x546.png 818w, https:\/\/www.footgolf.sport\/wp-content\/uploads\/2024\/11\/argentina-flag-waving-medium-406x271.png 406w, https:\/\/www.footgolf.sport\/wp-content\/uploads\/2024\/11\/argentina-flag-waving-medium-500x334.png 500w, https:\/\/www.footgolf.sport\/wp-content\/uploads\/2024\/11\/argentina-flag-waving-medium-400x267.png 400w, https:\/\/www.footgolf.sport\/wp-content\/uploads\/2024\/11\/argentina-flag-waving-medium-32x21.png 32w\" sizes=\"(max-width: 1000px) 100vw, 1000px\" \/>\t\t\t\t\t\t\t\t\t\t\t\t\t\t\t<\/div>\n\t\t\t\t<\/div>\n\t\t\t\t<div class=\"elementor-element elementor-element-e1599aa sc_fly_static elementor-widget elementor-widget-heading\" data-id=\"e1599aa\" data-element_type=\"widget\" data-e-type=\"widget\" data-widget_type=\"heading.default\">\n\t\t\t\t<div class=\"elementor-widget-container\">\n\t\t\t\t\t<h2 class=\"elementor-heading-title elementor-size-default\">ARGENTINA<\/h2>\t\t\t\t<\/div>\n\t\t\t\t<\/div>\n\t\t\t\t<div class=\"elementor-element elementor-element-da29967 sc_fly_static elementor-widget elementor-widget-heading\" data-id=\"da29967\" data-element_type=\"widget\" data-e-type=\"widget\" data-widget_type=\"heading.default\">\n\t\t\t\t<div class=\"elementor-widget-container\">\n\t\t\t\t\t<h2 class=\"elementor-heading-title elementor-size-default\">AM\u00c9RICA DEL SUR<\/h2>\t\t\t\t<\/div>\n\t\t\t\t<\/div>\n\t\t\t\t<div class=\"elementor-element elementor-element-6585e6b elementor-align-left elementor-mobile-align-justify sc_fly_static elementor-widget elementor-widget-button\" data-id=\"6585e6b\" data-element_type=\"widget\" data-e-type=\"widget\" data-widget_type=\"button.default\">\n\t\t\t\t<div class=\"elementor-widget-container\">\n\t\t\t\t\t\t\t\t\t<div class=\"elementor-button-wrapper\">\n\t\t\t\t\t<a class=\"elementor-button elementor-button-link elementor-size-sm\" href=\"https:\/\/www.footgolf.sport\/es\/america-del-sur\/argentina\/\">\n\t\t\t\t\t\t<span class=\"elementor-button-content-wrapper\">\n\t\t\t\t\t\t<span class=\"elementor-button-icon\">\n\t\t\t\t<i aria-hidden=\"true\" class=\"fas fa-arrow-right\"><\/i>\t\t\t<\/span>\n\t\t\t\t\t\t\t\t\t<span class=\"elementor-button-text\">saber m\u00e1s<\/span>\n\t\t\t\t\t<\/span>\n\t\t\t\t\t<\/a>\n\t\t\t\t<\/div>\n\t\t\t\t\t\t\t\t<\/div>\n\t\t\t\t<\/div>\n\t\t\t\t<\/div>\n\t\t<div class=\"elementor-element elementor-element-d45342d e-con-full e-flex e-con e-child\" data-id=\"d45342d\" data-element_type=\"container\" data-e-type=\"container\" data-settings=\"{&quot;background_background&quot;:&quot;classic&quot;}\">\n\t\t\t\t<div class=\"elementor-element elementor-element-56d863c sc_fly_static elementor-widget elementor-widget-image\" data-id=\"56d863c\" data-element_type=\"widget\" data-e-type=\"widget\" data-widget_type=\"image.default\">\n\t\t\t\t<div class=\"elementor-widget-container\">\n\t\t\t\t\t\t\t\t\t\t\t\t\t\t\t<img decoding=\"async\" width=\"1000\" height=\"667\" src=\"https:\/\/www.footgolf.sport\/wp-content\/uploads\/2024\/11\/brazil-flag-waving-medium.png\" class=\"attachment-large size-large wp-image-10387\" alt=\"Imagen de la bandera brasile\u00f1a ondeando.\" srcset=\"https:\/\/www.footgolf.sport\/wp-content\/uploads\/2024\/11\/brazil-flag-waving-medium.png 1000w, https:\/\/www.footgolf.sport\/wp-content\/uploads\/2024\/11\/brazil-flag-waving-medium-300x200.png 300w, https:\/\/www.footgolf.sport\/wp-content\/uploads\/2024\/11\/brazil-flag-waving-medium-768x512.png 768w, https:\/\/www.footgolf.sport\/wp-content\/uploads\/2024\/11\/brazil-flag-waving-medium-370x247.png 370w, https:\/\/www.footgolf.sport\/wp-content\/uploads\/2024\/11\/brazil-flag-waving-medium-818x546.png 818w, https:\/\/www.footgolf.sport\/wp-content\/uploads\/2024\/11\/brazil-flag-waving-medium-406x271.png 406w, https:\/\/www.footgolf.sport\/wp-content\/uploads\/2024\/11\/brazil-flag-waving-medium-500x334.png 500w, https:\/\/www.footgolf.sport\/wp-content\/uploads\/2024\/11\/brazil-flag-waving-medium-400x267.png 400w, https:\/\/www.footgolf.sport\/wp-content\/uploads\/2024\/11\/brazil-flag-waving-medium-32x21.png 32w\" sizes=\"(max-width: 1000px) 100vw, 1000px\" \/>\t\t\t\t\t\t\t\t\t\t\t\t\t\t\t<\/div>\n\t\t\t\t<\/div>\n\t\t\t\t<div class=\"elementor-element elementor-element-f42e0ce sc_fly_static elementor-widget elementor-widget-heading\" data-id=\"f42e0ce\" data-element_type=\"widget\" data-e-type=\"widget\" data-widget_type=\"heading.default\">\n\t\t\t\t<div class=\"elementor-widget-container\">\n\t\t\t\t\t<h2 class=\"elementor-heading-title elementor-size-default\">BRASIL<\/h2>\t\t\t\t<\/div>\n\t\t\t\t<\/div>\n\t\t\t\t<div class=\"elementor-element elementor-element-198f157 sc_fly_static elementor-widget elementor-widget-heading\" data-id=\"198f157\" data-element_type=\"widget\" data-e-type=\"widget\" data-widget_type=\"heading.default\">\n\t\t\t\t<div class=\"elementor-widget-container\">\n\t\t\t\t\t<h2 class=\"elementor-heading-title elementor-size-default\">AM\u00c9RICA DEL SUR<\/h2>\t\t\t\t<\/div>\n\t\t\t\t<\/div>\n\t\t\t\t<div class=\"elementor-element elementor-element-6a6a990 elementor-align-left elementor-mobile-align-justify sc_fly_static elementor-widget elementor-widget-button\" data-id=\"6a6a990\" data-element_type=\"widget\" data-e-type=\"widget\" data-widget_type=\"button.default\">\n\t\t\t\t<div class=\"elementor-widget-container\">\n\t\t\t\t\t\t\t\t\t<div class=\"elementor-button-wrapper\">\n\t\t\t\t\t<a class=\"elementor-button elementor-button-link elementor-size-sm\" href=\"https:\/\/www.footgolf.sport\/es\/america-del-sur\/brasil\/\">\n\t\t\t\t\t\t<span class=\"elementor-button-content-wrapper\">\n\t\t\t\t\t\t<span class=\"elementor-button-icon\">\n\t\t\t\t<i aria-hidden=\"true\" class=\"fas fa-arrow-right\"><\/i>\t\t\t<\/span>\n\t\t\t\t\t\t\t\t\t<span class=\"elementor-button-text\">saber m\u00e1s<\/span>\n\t\t\t\t\t<\/span>\n\t\t\t\t\t<\/a>\n\t\t\t\t<\/div>\n\t\t\t\t\t\t\t\t<\/div>\n\t\t\t\t<\/div>\n\t\t\t\t<\/div>\n\t\t<div class=\"elementor-element elementor-element-a7919fa e-con-full e-flex e-con e-child\" data-id=\"a7919fa\" data-element_type=\"container\" data-e-type=\"container\" data-settings=\"{&quot;background_background&quot;:&quot;classic&quot;}\">\n\t\t\t\t<div class=\"elementor-element elementor-element-5607933 sc_fly_static elementor-widget elementor-widget-image\" data-id=\"5607933\" data-element_type=\"widget\" data-e-type=\"widget\" data-widget_type=\"image.default\">\n\t\t\t\t<div class=\"elementor-widget-container\">\n\t\t\t\t\t\t\t\t\t\t\t\t\t\t\t<img decoding=\"async\" width=\"1000\" height=\"667\" src=\"https:\/\/www.footgolf.sport\/wp-content\/uploads\/2024\/11\/bolivia-flag-waving-medium.png\" class=\"attachment-large size-large wp-image-10388\" alt=\"Imagen de la bandera boliviana ondeando.\" srcset=\"https:\/\/www.footgolf.sport\/wp-content\/uploads\/2024\/11\/bolivia-flag-waving-medium.png 1000w, https:\/\/www.footgolf.sport\/wp-content\/uploads\/2024\/11\/bolivia-flag-waving-medium-300x200.png 300w, https:\/\/www.footgolf.sport\/wp-content\/uploads\/2024\/11\/bolivia-flag-waving-medium-768x512.png 768w, https:\/\/www.footgolf.sport\/wp-content\/uploads\/2024\/11\/bolivia-flag-waving-medium-370x247.png 370w, https:\/\/www.footgolf.sport\/wp-content\/uploads\/2024\/11\/bolivia-flag-waving-medium-818x546.png 818w, https:\/\/www.footgolf.sport\/wp-content\/uploads\/2024\/11\/bolivia-flag-waving-medium-406x271.png 406w, https:\/\/www.footgolf.sport\/wp-content\/uploads\/2024\/11\/bolivia-flag-waving-medium-500x334.png 500w, https:\/\/www.footgolf.sport\/wp-content\/uploads\/2024\/11\/bolivia-flag-waving-medium-400x267.png 400w, https:\/\/www.footgolf.sport\/wp-content\/uploads\/2024\/11\/bolivia-flag-waving-medium-32x21.png 32w\" sizes=\"(max-width: 1000px) 100vw, 1000px\" \/>\t\t\t\t\t\t\t\t\t\t\t\t\t\t\t<\/div>\n\t\t\t\t<\/div>\n\t\t\t\t<div class=\"elementor-element elementor-element-69fdcf3 sc_fly_static elementor-widget elementor-widget-heading\" data-id=\"69fdcf3\" data-element_type=\"widget\" data-e-type=\"widget\" data-widget_type=\"heading.default\">\n\t\t\t\t<div class=\"elementor-widget-container\">\n\t\t\t\t\t<h2 class=\"elementor-heading-title elementor-size-default\">BOLIVIA<\/h2>\t\t\t\t<\/div>\n\t\t\t\t<\/div>\n\t\t\t\t<div class=\"elementor-element elementor-element-281aca2 sc_fly_static elementor-widget elementor-widget-heading\" data-id=\"281aca2\" data-element_type=\"widget\" data-e-type=\"widget\" data-widget_type=\"heading.default\">\n\t\t\t\t<div class=\"elementor-widget-container\">\n\t\t\t\t\t<h2 class=\"elementor-heading-title elementor-size-default\">  AM\u00c9RICA DEL SUR<\/h2>\t\t\t\t<\/div>\n\t\t\t\t<\/div>\n\t\t\t\t<div class=\"elementor-element elementor-element-9f78b7b elementor-align-left elementor-mobile-align-justify sc_fly_static elementor-widget elementor-widget-button\" data-id=\"9f78b7b\" data-element_type=\"widget\" data-e-type=\"widget\" data-widget_type=\"button.default\">\n\t\t\t\t<div class=\"elementor-widget-container\">\n\t\t\t\t\t\t\t\t\t<div class=\"elementor-button-wrapper\">\n\t\t\t\t\t<a class=\"elementor-button elementor-button-link elementor-size-sm\" href=\"https:\/\/www.footgolf.sport\/es\/america-del-sur\/bolivia\/\">\n\t\t\t\t\t\t<span class=\"elementor-button-content-wrapper\">\n\t\t\t\t\t\t<span class=\"elementor-button-icon\">\n\t\t\t\t<i aria-hidden=\"true\" class=\"fas fa-arrow-right\"><\/i>\t\t\t<\/span>\n\t\t\t\t\t\t\t\t\t<span class=\"elementor-button-text\">saber m\u00e1s<\/span>\n\t\t\t\t\t<\/span>\n\t\t\t\t\t<\/a>\n\t\t\t\t<\/div>\n\t\t\t\t\t\t\t\t<\/div>\n\t\t\t\t<\/div>\n\t\t\t\t<\/div>\n\t\t<div class=\"elementor-element elementor-element-82cd6a6 e-con-full e-flex e-con e-child\" data-id=\"82cd6a6\" data-element_type=\"container\" data-e-type=\"container\" data-settings=\"{&quot;background_background&quot;:&quot;classic&quot;}\">\n\t\t\t\t<div class=\"elementor-element elementor-element-b01beb5 sc_fly_static elementor-widget elementor-widget-image\" data-id=\"b01beb5\" data-element_type=\"widget\" data-e-type=\"widget\" data-widget_type=\"image.default\">\n\t\t\t\t<div class=\"elementor-widget-container\">\n\t\t\t\t\t\t\t\t\t\t\t\t\t\t\t<img loading=\"lazy\" decoding=\"async\" width=\"1000\" height=\"667\" src=\"https:\/\/www.footgolf.sport\/wp-content\/uploads\/2024\/11\/chile-flag-waving-medium.png\" class=\"attachment-large size-large wp-image-10389\" alt=\"Imagen de la bandera chilena ondeando.\" srcset=\"https:\/\/www.footgolf.sport\/wp-content\/uploads\/2024\/11\/chile-flag-waving-medium.png 1000w, https:\/\/www.footgolf.sport\/wp-content\/uploads\/2024\/11\/chile-flag-waving-medium-300x200.png 300w, https:\/\/www.footgolf.sport\/wp-content\/uploads\/2024\/11\/chile-flag-waving-medium-768x512.png 768w, https:\/\/www.footgolf.sport\/wp-content\/uploads\/2024\/11\/chile-flag-waving-medium-370x247.png 370w, https:\/\/www.footgolf.sport\/wp-content\/uploads\/2024\/11\/chile-flag-waving-medium-818x546.png 818w, https:\/\/www.footgolf.sport\/wp-content\/uploads\/2024\/11\/chile-flag-waving-medium-406x271.png 406w, https:\/\/www.footgolf.sport\/wp-content\/uploads\/2024\/11\/chile-flag-waving-medium-500x334.png 500w, https:\/\/www.footgolf.sport\/wp-content\/uploads\/2024\/11\/chile-flag-waving-medium-400x267.png 400w, https:\/\/www.footgolf.sport\/wp-content\/uploads\/2024\/11\/chile-flag-waving-medium-32x21.png 32w\" sizes=\"(max-width: 1000px) 100vw, 1000px\" \/>\t\t\t\t\t\t\t\t\t\t\t\t\t\t\t<\/div>\n\t\t\t\t<\/div>\n\t\t\t\t<div class=\"elementor-element elementor-element-59c70cd sc_fly_static elementor-widget elementor-widget-heading\" data-id=\"59c70cd\" data-element_type=\"widget\" data-e-type=\"widget\" data-widget_type=\"heading.default\">\n\t\t\t\t<div class=\"elementor-widget-container\">\n\t\t\t\t\t<h2 class=\"elementor-heading-title elementor-size-default\">Chile<\/h2>\t\t\t\t<\/div>\n\t\t\t\t<\/div>\n\t\t\t\t<div class=\"elementor-element elementor-element-eef8bf3 sc_fly_static elementor-widget elementor-widget-heading\" data-id=\"eef8bf3\" data-element_type=\"widget\" data-e-type=\"widget\" data-widget_type=\"heading.default\">\n\t\t\t\t<div class=\"elementor-widget-container\">\n\t\t\t\t\t<h2 class=\"elementor-heading-title elementor-size-default\">  AM\u00c9RICA DEL SUR<\/h2>\t\t\t\t<\/div>\n\t\t\t\t<\/div>\n\t\t\t\t<div class=\"elementor-element elementor-element-15a5042 elementor-align-left elementor-mobile-align-justify sc_fly_static elementor-widget elementor-widget-button\" data-id=\"15a5042\" data-element_type=\"widget\" data-e-type=\"widget\" data-widget_type=\"button.default\">\n\t\t\t\t<div class=\"elementor-widget-container\">\n\t\t\t\t\t\t\t\t\t<div class=\"elementor-button-wrapper\">\n\t\t\t\t\t<a class=\"elementor-button elementor-button-link elementor-size-sm\" href=\"https:\/\/www.footgolf.sport\/es\/america-del-sur\/chile\/\">\n\t\t\t\t\t\t<span class=\"elementor-button-content-wrapper\">\n\t\t\t\t\t\t<span class=\"elementor-button-icon\">\n\t\t\t\t<i aria-hidden=\"true\" class=\"fas fa-arrow-right\"><\/i>\t\t\t<\/span>\n\t\t\t\t\t\t\t\t\t<span class=\"elementor-button-text\">saber m\u00e1s<\/span>\n\t\t\t\t\t<\/span>\n\t\t\t\t\t<\/a>\n\t\t\t\t<\/div>\n\t\t\t\t\t\t\t\t<\/div>\n\t\t\t\t<\/div>\n\t\t\t\t<\/div>\n\t\t<div class=\"elementor-element elementor-element-b7255f6 e-con-full e-flex e-con e-child\" data-id=\"b7255f6\" data-element_type=\"container\" data-e-type=\"container\" data-settings=\"{&quot;background_background&quot;:&quot;classic&quot;}\">\n\t\t\t\t<div class=\"elementor-element elementor-element-eee757b sc_fly_static elementor-widget elementor-widget-image\" data-id=\"eee757b\" data-element_type=\"widget\" data-e-type=\"widget\" data-widget_type=\"image.default\">\n\t\t\t\t<div class=\"elementor-widget-container\">\n\t\t\t\t\t\t\t\t\t\t\t\t\t\t\t<img loading=\"lazy\" decoding=\"async\" width=\"1000\" height=\"667\" src=\"https:\/\/www.footgolf.sport\/wp-content\/uploads\/2024\/11\/paraguay-flag-waving-medium.png\" class=\"attachment-large size-large wp-image-10390\" alt=\"Imagen de la bandera paraguaya ondeando.\" srcset=\"https:\/\/www.footgolf.sport\/wp-content\/uploads\/2024\/11\/paraguay-flag-waving-medium.png 1000w, https:\/\/www.footgolf.sport\/wp-content\/uploads\/2024\/11\/paraguay-flag-waving-medium-300x200.png 300w, https:\/\/www.footgolf.sport\/wp-content\/uploads\/2024\/11\/paraguay-flag-waving-medium-768x512.png 768w, https:\/\/www.footgolf.sport\/wp-content\/uploads\/2024\/11\/paraguay-flag-waving-medium-370x247.png 370w, https:\/\/www.footgolf.sport\/wp-content\/uploads\/2024\/11\/paraguay-flag-waving-medium-818x546.png 818w, https:\/\/www.footgolf.sport\/wp-content\/uploads\/2024\/11\/paraguay-flag-waving-medium-406x271.png 406w, https:\/\/www.footgolf.sport\/wp-content\/uploads\/2024\/11\/paraguay-flag-waving-medium-500x334.png 500w, https:\/\/www.footgolf.sport\/wp-content\/uploads\/2024\/11\/paraguay-flag-waving-medium-400x267.png 400w, https:\/\/www.footgolf.sport\/wp-content\/uploads\/2024\/11\/paraguay-flag-waving-medium-32x21.png 32w\" sizes=\"(max-width: 1000px) 100vw, 1000px\" \/>\t\t\t\t\t\t\t\t\t\t\t\t\t\t\t<\/div>\n\t\t\t\t<\/div>\n\t\t\t\t<div class=\"elementor-element elementor-element-440ab43 sc_fly_static elementor-widget elementor-widget-heading\" data-id=\"440ab43\" data-element_type=\"widget\" data-e-type=\"widget\" data-widget_type=\"heading.default\">\n\t\t\t\t<div class=\"elementor-widget-container\">\n\t\t\t\t\t<h2 class=\"elementor-heading-title elementor-size-default\">PARAGUAY<\/h2>\t\t\t\t<\/div>\n\t\t\t\t<\/div>\n\t\t\t\t<div class=\"elementor-element elementor-element-2a9246f sc_fly_static elementor-widget elementor-widget-heading\" data-id=\"2a9246f\" data-element_type=\"widget\" data-e-type=\"widget\" data-widget_type=\"heading.default\">\n\t\t\t\t<div class=\"elementor-widget-container\">\n\t\t\t\t\t<h2 class=\"elementor-heading-title elementor-size-default\">  AM\u00c9RICA DEL SUR<\/h2>\t\t\t\t<\/div>\n\t\t\t\t<\/div>\n\t\t\t\t<div class=\"elementor-element elementor-element-129a296 elementor-align-left elementor-mobile-align-justify sc_fly_static elementor-widget elementor-widget-button\" data-id=\"129a296\" data-element_type=\"widget\" data-e-type=\"widget\" data-widget_type=\"button.default\">\n\t\t\t\t<div class=\"elementor-widget-container\">\n\t\t\t\t\t\t\t\t\t<div class=\"elementor-button-wrapper\">\n\t\t\t\t\t<a class=\"elementor-button elementor-button-link elementor-size-sm\" href=\"https:\/\/www.footgolf.sport\/es\/america-del-sur\/paraguay\/\">\n\t\t\t\t\t\t<span class=\"elementor-button-content-wrapper\">\n\t\t\t\t\t\t<span class=\"elementor-button-icon\">\n\t\t\t\t<i aria-hidden=\"true\" class=\"fas fa-arrow-right\"><\/i>\t\t\t<\/span>\n\t\t\t\t\t\t\t\t\t<span class=\"elementor-button-text\">saber m\u00e1s<\/span>\n\t\t\t\t\t<\/span>\n\t\t\t\t\t<\/a>\n\t\t\t\t<\/div>\n\t\t\t\t\t\t\t\t<\/div>\n\t\t\t\t<\/div>\n\t\t\t\t<\/div>\n\t\t<div class=\"elementor-element elementor-element-f8cf535 e-con-full e-flex e-con e-child\" data-id=\"f8cf535\" data-element_type=\"container\" data-e-type=\"container\" data-settings=\"{&quot;background_background&quot;:&quot;classic&quot;}\">\n\t\t\t\t<div class=\"elementor-element elementor-element-b847a31 sc_fly_static elementor-widget elementor-widget-image\" data-id=\"b847a31\" data-element_type=\"widget\" data-e-type=\"widget\" data-widget_type=\"image.default\">\n\t\t\t\t<div class=\"elementor-widget-container\">\n\t\t\t\t\t\t\t\t\t\t\t\t\t\t\t<img loading=\"lazy\" decoding=\"async\" width=\"1000\" height=\"667\" src=\"https:\/\/www.footgolf.sport\/wp-content\/uploads\/2024\/11\/uruguay-flag-waving-medium.png\" class=\"attachment-large size-large wp-image-10391\" alt=\"Imagen de la bandera uruguaya ondeando.\" srcset=\"https:\/\/www.footgolf.sport\/wp-content\/uploads\/2024\/11\/uruguay-flag-waving-medium.png 1000w, https:\/\/www.footgolf.sport\/wp-content\/uploads\/2024\/11\/uruguay-flag-waving-medium-300x200.png 300w, https:\/\/www.footgolf.sport\/wp-content\/uploads\/2024\/11\/uruguay-flag-waving-medium-768x512.png 768w, https:\/\/www.footgolf.sport\/wp-content\/uploads\/2024\/11\/uruguay-flag-waving-medium-370x247.png 370w, https:\/\/www.footgolf.sport\/wp-content\/uploads\/2024\/11\/uruguay-flag-waving-medium-818x546.png 818w, https:\/\/www.footgolf.sport\/wp-content\/uploads\/2024\/11\/uruguay-flag-waving-medium-406x271.png 406w, https:\/\/www.footgolf.sport\/wp-content\/uploads\/2024\/11\/uruguay-flag-waving-medium-500x334.png 500w, https:\/\/www.footgolf.sport\/wp-content\/uploads\/2024\/11\/uruguay-flag-waving-medium-400x267.png 400w, https:\/\/www.footgolf.sport\/wp-content\/uploads\/2024\/11\/uruguay-flag-waving-medium-32x21.png 32w\" sizes=\"(max-width: 1000px) 100vw, 1000px\" \/>\t\t\t\t\t\t\t\t\t\t\t\t\t\t\t<\/div>\n\t\t\t\t<\/div>\n\t\t\t\t<div class=\"elementor-element elementor-element-9a2ddbb sc_fly_static elementor-widget elementor-widget-heading\" data-id=\"9a2ddbb\" data-element_type=\"widget\" data-e-type=\"widget\" data-widget_type=\"heading.default\">\n\t\t\t\t<div class=\"elementor-widget-container\">\n\t\t\t\t\t<h2 class=\"elementor-heading-title elementor-size-default\">URUGUAY<\/h2>\t\t\t\t<\/div>\n\t\t\t\t<\/div>\n\t\t\t\t<div class=\"elementor-element elementor-element-66791da sc_fly_static elementor-widget elementor-widget-heading\" data-id=\"66791da\" data-element_type=\"widget\" data-e-type=\"widget\" data-widget_type=\"heading.default\">\n\t\t\t\t<div class=\"elementor-widget-container\">\n\t\t\t\t\t<h2 class=\"elementor-heading-title elementor-size-default\">  AM\u00c9RICA DEL SUR<\/h2>\t\t\t\t<\/div>\n\t\t\t\t<\/div>\n\t\t\t\t<div class=\"elementor-element elementor-element-2ef56d0 elementor-align-left elementor-mobile-align-justify sc_fly_static elementor-widget elementor-widget-button\" data-id=\"2ef56d0\" data-element_type=\"widget\" data-e-type=\"widget\" data-widget_type=\"button.default\">\n\t\t\t\t<div class=\"elementor-widget-container\">\n\t\t\t\t\t\t\t\t\t<div class=\"elementor-button-wrapper\">\n\t\t\t\t\t<a class=\"elementor-button elementor-button-link elementor-size-sm\" href=\"https:\/\/www.footgolf.sport\/es\/america-del-sur\/uruguay\/\">\n\t\t\t\t\t\t<span class=\"elementor-button-content-wrapper\">\n\t\t\t\t\t\t<span class=\"elementor-button-icon\">\n\t\t\t\t<i aria-hidden=\"true\" class=\"fas fa-arrow-right\"><\/i>\t\t\t<\/span>\n\t\t\t\t\t\t\t\t\t<span class=\"elementor-button-text\">saber m\u00e1s<\/span>\n\t\t\t\t\t<\/span>\n\t\t\t\t\t<\/a>\n\t\t\t\t<\/div>\n\t\t\t\t\t\t\t\t<\/div>\n\t\t\t\t<\/div>\n\t\t\t\t<\/div>\n\t\t\t\t\t<\/div>\n\t\t\t\t<\/div>\n\t\t<div class=\"elementor-element elementor-element-c8f5168 e-flex e-con-boxed e-con e-parent\" data-id=\"c8f5168\" data-element_type=\"container\" data-e-type=\"container\">\n\t\t\t\t\t<div class=\"e-con-inner\">\n\t\t\t\t<div class=\"elementor-element elementor-element-9db5652 elementor-align-justify elementor-mobile-align-justify sc_fly_static elementor-widget elementor-widget-button\" data-id=\"9db5652\" data-element_type=\"widget\" data-e-type=\"widget\" data-widget_type=\"button.default\">\n\t\t\t\t<div class=\"elementor-widget-container\">\n\t\t\t\t\t\t\t\t\t<div class=\"elementor-button-wrapper\">\n\t\t\t\t\t<a class=\"elementor-button elementor-button-link elementor-size-sm\" href=\"https:\/\/fifg.bluegolf.com\/bluegolf\/fifg24\/poy\/ar2men\/index.htm\" target=\"_blank\" rel=\"noopener\">\n\t\t\t\t\t\t<span class=\"elementor-button-content-wrapper\">\n\t\t\t\t\t\t<span class=\"elementor-button-icon\">\n\t\t\t\t<i aria-hidden=\"true\" class=\"fas fa-arrow-right\"><\/i>\t\t\t<\/span>\n\t\t\t\t\t\t\t\t\t<span class=\"elementor-button-text\">CLASIFICACIONES REGIONALES - TODAS LAS CATEGOR\u00cdAS<\/span>\n\t\t\t\t\t<\/span>\n\t\t\t\t\t<\/a>\n\t\t\t\t<\/div>\n\t\t\t\t\t\t\t\t<\/div>\n\t\t\t\t<\/div>\n\t\t\t\t\t<\/div>\n\t\t\t\t<\/div>\n\t\t\t\t<\/div>\n\t\t","protected":false},"excerpt":{"rendered":"<p>Am\u00e9rica del Sur ARGENTINA AM\u00c9RICA DEL SUR saber m\u00e1s BRASIL AM\u00c9RICA DEL SUR saber m\u00e1s BOLIVIA AM\u00c9RICA DEL SUR saber&hellip;<\/p>\n","protected":false},"author":1,"featured_media":0,"parent":0,"menu_order":0,"comment_status":"closed","ping_status":"closed","template":"","meta":{"footnotes":""},"class_list":["post-10383","page","type-page","status-publish","hentry"],"_links":{"self":[{"href":"https:\/\/www.footgolf.sport\/es\/wp-json\/wp\/v2\/pages\/10383","targetHints":{"allow":["GET"]}}],"collection":[{"href":"https:\/\/www.footgolf.sport\/es\/wp-json\/wp\/v2\/pages"}],"about":[{"href":"https:\/\/www.footgolf.sport\/es\/wp-json\/wp\/v2\/types\/page"}],"author":[{"embeddable":true,"href":"https:\/\/www.footgolf.sport\/es\/wp-json\/wp\/v2\/users\/1"}],"replies":[{"embeddable":true,"href":"https:\/\/www.footgolf.sport\/es\/wp-json\/wp\/v2\/comments?post=10383"}],"version-history":[{"count":5,"href":"https:\/\/www.footgolf.sport\/es\/wp-json\/wp\/v2\/pages\/10383\/revisions"}],"predecessor-version":[{"id":11204,"href":"https:\/\/www.footgolf.sport\/es\/wp-json\/wp\/v2\/pages\/10383\/revisions\/11204"}],"wp:attachment":[{"href":"https:\/\/www.footgolf.sport\/es\/wp-json\/wp\/v2\/media?parent=10383"}],"curies":[{"name":"wp","href":"https:\/\/api.w.org\/{rel}","templated":true}]}}