{"id":10334,"date":"2024-11-04T11:19:20","date_gmt":"2024-11-04T11:19:20","guid":{"rendered":"https:\/\/www.footgolf.sport\/america-del-norte\/"},"modified":"2025-11-14T09:44:42","modified_gmt":"2025-11-14T09:44:42","slug":"america-del-norte","status":"publish","type":"page","link":"https:\/\/www.footgolf.sport\/es\/america-del-norte\/","title":{"rendered":"Am\u00e9rica del Norte"},"content":{"rendered":"\t\t<div data-elementor-type=\"wp-page\" data-elementor-id=\"10334\" class=\"elementor elementor-10334 elementor-6852\" data-elementor-post-type=\"page\">\n\t\t\t\t<div class=\"elementor-element elementor-element-d0952cf e-con-full e-flex e-con e-parent\" data-id=\"d0952cf\" data-element_type=\"container\" data-e-type=\"container\">\n\t\t\t\t<div class=\"elementor-element elementor-element-7327797 elementor--h-position-center elementor--v-position-middle sc_fly_static elementor-widget elementor-widget-slides\" data-id=\"7327797\" data-element_type=\"widget\" data-e-type=\"widget\" data-settings=\"{&quot;navigation&quot;:&quot;none&quot;,&quot;transition&quot;:&quot;slide&quot;,&quot;transition_speed&quot;:500}\" data-widget_type=\"slides.default\">\n\t\t\t\t<div class=\"elementor-widget-container\">\n\t\t\t\t\t\t\t\t\t<div class=\"elementor-swiper\">\n\t\t\t\t\t<div class=\"elementor-slides-wrapper elementor-main-swiper swiper\" role=\"region\" aria-roledescription=\"carousel\" aria-label=\"Slides\" dir=\"ltr\" data-animation=\"\">\n\t\t\t\t<div class=\"swiper-wrapper elementor-slides\">\n\t\t\t\t\t\t\t\t\t\t<div class=\"elementor-repeater-item-8c5efd9 swiper-slide\" role=\"group\" aria-roledescription=\"slide\"><div class=\"swiper-slide-bg\" role=\"img\" aria-label=\"Un hombre del equipo de EE.UU. en un campo de golf despu\u00e9s de patear la pelota.\"><\/div><div class=\"elementor-background-overlay\"><\/div><div class=\"swiper-slide-inner\" ><div class=\"swiper-slide-contents\"><div class=\"elementor-slide-heading\">Norte - CENTRO<br>Am\u00e9rica y Caribe<br>naciones<\/div><\/div><\/div><\/div>\t\t\t\t<\/div>\n\t\t\t\t\t\t\t<\/div>\n\t\t\t\t<\/div>\n\t\t\t\t\t\t\t\t<\/div>\n\t\t\t\t<\/div>\n\t\t\t\t<\/div>\n\t\t<div class=\"elementor-element elementor-element-5e1d343 reveal e-flex e-con-boxed e-con e-parent\" data-id=\"5e1d343\" data-element_type=\"container\" data-e-type=\"container\">\n\t\t\t\t\t<div class=\"e-con-inner\">\n\t\t<div class=\"elementor-element elementor-element-dc7b5c9 e-con-full e-flex e-con e-child\" data-id=\"dc7b5c9\" data-element_type=\"container\" data-e-type=\"container\" data-settings=\"{&quot;background_background&quot;:&quot;classic&quot;}\">\n\t\t\t\t<div class=\"elementor-element elementor-element-7770695 sc_fly_static elementor-widget elementor-widget-image\" data-id=\"7770695\" data-element_type=\"widget\" data-e-type=\"widget\" data-widget_type=\"image.default\">\n\t\t\t\t<div class=\"elementor-widget-container\">\n\t\t\t\t\t\t\t\t\t\t\t\t\t\t\t<img fetchpriority=\"high\" decoding=\"async\" width=\"1000\" height=\"667\" src=\"https:\/\/www.footgolf.sport\/wp-content\/uploads\/2024\/11\/canada-flag-waving-medium.png\" class=\"attachment-large size-large wp-image-10339\" alt=\"Imagen de la bandera canadiense ondeando.\" srcset=\"https:\/\/www.footgolf.sport\/wp-content\/uploads\/2024\/11\/canada-flag-waving-medium.png 1000w, https:\/\/www.footgolf.sport\/wp-content\/uploads\/2024\/11\/canada-flag-waving-medium-300x200.png 300w, https:\/\/www.footgolf.sport\/wp-content\/uploads\/2024\/11\/canada-flag-waving-medium-768x512.png 768w, https:\/\/www.footgolf.sport\/wp-content\/uploads\/2024\/11\/canada-flag-waving-medium-370x247.png 370w, https:\/\/www.footgolf.sport\/wp-content\/uploads\/2024\/11\/canada-flag-waving-medium-818x546.png 818w, https:\/\/www.footgolf.sport\/wp-content\/uploads\/2024\/11\/canada-flag-waving-medium-406x271.png 406w, https:\/\/www.footgolf.sport\/wp-content\/uploads\/2024\/11\/canada-flag-waving-medium-500x334.png 500w, https:\/\/www.footgolf.sport\/wp-content\/uploads\/2024\/11\/canada-flag-waving-medium-400x267.png 400w, https:\/\/www.footgolf.sport\/wp-content\/uploads\/2024\/11\/canada-flag-waving-medium-32x21.png 32w\" sizes=\"(max-width: 1000px) 100vw, 1000px\" \/>\t\t\t\t\t\t\t\t\t\t\t\t\t\t\t<\/div>\n\t\t\t\t<\/div>\n\t\t\t\t<div class=\"elementor-element elementor-element-7077ad4 sc_fly_static elementor-widget elementor-widget-heading\" data-id=\"7077ad4\" data-element_type=\"widget\" data-e-type=\"widget\" data-widget_type=\"heading.default\">\n\t\t\t\t<div class=\"elementor-widget-container\">\n\t\t\t\t\t<h2 class=\"elementor-heading-title elementor-size-default\">Canad\u00e1<\/h2>\t\t\t\t<\/div>\n\t\t\t\t<\/div>\n\t\t\t\t<div class=\"elementor-element elementor-element-fd025e8 sc_fly_static elementor-widget elementor-widget-heading\" data-id=\"fd025e8\" data-element_type=\"widget\" data-e-type=\"widget\" data-widget_type=\"heading.default\">\n\t\t\t\t<div class=\"elementor-widget-container\">\n\t\t\t\t\t<h2 class=\"elementor-heading-title elementor-size-default\">Norteam\u00e9rica<\/h2>\t\t\t\t<\/div>\n\t\t\t\t<\/div>\n\t\t\t\t<div class=\"elementor-element elementor-element-6d410bc elementor-align-left elementor-mobile-align-justify sc_fly_static elementor-widget elementor-widget-button\" data-id=\"6d410bc\" data-element_type=\"widget\" data-e-type=\"widget\" data-widget_type=\"button.default\">\n\t\t\t\t<div class=\"elementor-widget-container\">\n\t\t\t\t\t\t\t\t\t<div class=\"elementor-button-wrapper\">\n\t\t\t\t\t<a class=\"elementor-button elementor-button-link elementor-size-sm\" href=\"https:\/\/www.footgolf.sport\/es\/america-del-norte\/canada\/\">\n\t\t\t\t\t\t<span class=\"elementor-button-content-wrapper\">\n\t\t\t\t\t\t<span class=\"elementor-button-icon\">\n\t\t\t\t<i aria-hidden=\"true\" class=\"fas fa-arrow-right\"><\/i>\t\t\t<\/span>\n\t\t\t\t\t\t\t\t\t<span class=\"elementor-button-text\">saber m\u00e1s<\/span>\n\t\t\t\t\t<\/span>\n\t\t\t\t\t<\/a>\n\t\t\t\t<\/div>\n\t\t\t\t\t\t\t\t<\/div>\n\t\t\t\t<\/div>\n\t\t\t\t<\/div>\n\t\t<div class=\"elementor-element elementor-element-9697ab6 e-con-full e-flex e-con e-child\" data-id=\"9697ab6\" data-element_type=\"container\" data-e-type=\"container\" data-settings=\"{&quot;background_background&quot;:&quot;classic&quot;}\">\n\t\t\t\t<div class=\"elementor-element elementor-element-a745096 sc_fly_static elementor-widget elementor-widget-image\" data-id=\"a745096\" data-element_type=\"widget\" data-e-type=\"widget\" data-widget_type=\"image.default\">\n\t\t\t\t<div class=\"elementor-widget-container\">\n\t\t\t\t\t\t\t\t\t\t\t\t\t\t\t<img decoding=\"async\" width=\"1000\" height=\"667\" src=\"https:\/\/www.footgolf.sport\/wp-content\/uploads\/2025\/08\/dominican-republic-flag-waving-medium.png\" class=\"attachment-large size-large wp-image-10345\" alt=\"\" srcset=\"https:\/\/www.footgolf.sport\/wp-content\/uploads\/2025\/08\/dominican-republic-flag-waving-medium.png 1000w, https:\/\/www.footgolf.sport\/wp-content\/uploads\/2025\/08\/dominican-republic-flag-waving-medium-300x200.png 300w, https:\/\/www.footgolf.sport\/wp-content\/uploads\/2025\/08\/dominican-republic-flag-waving-medium-768x512.png 768w, https:\/\/www.footgolf.sport\/wp-content\/uploads\/2025\/08\/dominican-republic-flag-waving-medium-370x247.png 370w, https:\/\/www.footgolf.sport\/wp-content\/uploads\/2025\/08\/dominican-republic-flag-waving-medium-818x546.png 818w, https:\/\/www.footgolf.sport\/wp-content\/uploads\/2025\/08\/dominican-republic-flag-waving-medium-406x271.png 406w, https:\/\/www.footgolf.sport\/wp-content\/uploads\/2025\/08\/dominican-republic-flag-waving-medium-500x334.png 500w, https:\/\/www.footgolf.sport\/wp-content\/uploads\/2025\/08\/dominican-republic-flag-waving-medium-400x267.png 400w, https:\/\/www.footgolf.sport\/wp-content\/uploads\/2025\/08\/dominican-republic-flag-waving-medium-32x21.png 32w\" sizes=\"(max-width: 1000px) 100vw, 1000px\" \/>\t\t\t\t\t\t\t\t\t\t\t\t\t\t\t<\/div>\n\t\t\t\t<\/div>\n\t\t\t\t<div class=\"elementor-element elementor-element-d3574df sc_fly_static elementor-widget elementor-widget-heading\" data-id=\"d3574df\" data-element_type=\"widget\" data-e-type=\"widget\" data-widget_type=\"heading.default\">\n\t\t\t\t<div class=\"elementor-widget-container\">\n\t\t\t\t\t<h2 class=\"elementor-heading-title elementor-size-default\">Rep\u00fablica Dominicana<\/h2>\t\t\t\t<\/div>\n\t\t\t\t<\/div>\n\t\t\t\t<div class=\"elementor-element elementor-element-9a74424 sc_fly_static elementor-widget elementor-widget-heading\" data-id=\"9a74424\" data-element_type=\"widget\" data-e-type=\"widget\" data-widget_type=\"heading.default\">\n\t\t\t\t<div class=\"elementor-widget-container\">\n\t\t\t\t\t<h2 class=\"elementor-heading-title elementor-size-default\">Norteam\u00e9rica<\/h2>\t\t\t\t<\/div>\n\t\t\t\t<\/div>\n\t\t\t\t<div class=\"elementor-element elementor-element-bcd4199 elementor-align-left elementor-mobile-align-justify sc_fly_static elementor-widget elementor-widget-button\" data-id=\"bcd4199\" data-element_type=\"widget\" data-e-type=\"widget\" data-widget_type=\"button.default\">\n\t\t\t\t<div class=\"elementor-widget-container\">\n\t\t\t\t\t\t\t\t\t<div class=\"elementor-button-wrapper\">\n\t\t\t\t\t<a class=\"elementor-button elementor-button-link elementor-size-sm\" href=\"https:\/\/www.footgolf.sport\/es\/?page_id=9972\">\n\t\t\t\t\t\t<span class=\"elementor-button-content-wrapper\">\n\t\t\t\t\t\t<span class=\"elementor-button-icon\">\n\t\t\t\t<i aria-hidden=\"true\" class=\"fas fa-arrow-right\"><\/i>\t\t\t<\/span>\n\t\t\t\t\t\t\t\t\t<span class=\"elementor-button-text\">saber m\u00e1s<\/span>\n\t\t\t\t\t<\/span>\n\t\t\t\t\t<\/a>\n\t\t\t\t<\/div>\n\t\t\t\t\t\t\t\t<\/div>\n\t\t\t\t<\/div>\n\t\t\t\t<\/div>\n\t\t<div class=\"elementor-element elementor-element-acd4fb2 e-con-full e-flex e-con e-child\" data-id=\"acd4fb2\" data-element_type=\"container\" data-e-type=\"container\" data-settings=\"{&quot;background_background&quot;:&quot;classic&quot;}\">\n\t\t\t\t<div class=\"elementor-element elementor-element-18408ac sc_fly_static elementor-widget elementor-widget-image\" data-id=\"18408ac\" data-element_type=\"widget\" data-e-type=\"widget\" data-widget_type=\"image.default\">\n\t\t\t\t<div class=\"elementor-widget-container\">\n\t\t\t\t\t\t\t\t\t\t\t\t\t\t\t<img decoding=\"async\" width=\"1000\" height=\"667\" src=\"https:\/\/www.footgolf.sport\/wp-content\/uploads\/2024\/11\/honduras-flag-waving-medium.png\" class=\"attachment-large size-large wp-image-10341\" alt=\"Imagen de la bandera hondure\u00f1a ondeando.\" srcset=\"https:\/\/www.footgolf.sport\/wp-content\/uploads\/2024\/11\/honduras-flag-waving-medium.png 1000w, https:\/\/www.footgolf.sport\/wp-content\/uploads\/2024\/11\/honduras-flag-waving-medium-300x200.png 300w, https:\/\/www.footgolf.sport\/wp-content\/uploads\/2024\/11\/honduras-flag-waving-medium-768x512.png 768w, https:\/\/www.footgolf.sport\/wp-content\/uploads\/2024\/11\/honduras-flag-waving-medium-370x247.png 370w, https:\/\/www.footgolf.sport\/wp-content\/uploads\/2024\/11\/honduras-flag-waving-medium-818x546.png 818w, https:\/\/www.footgolf.sport\/wp-content\/uploads\/2024\/11\/honduras-flag-waving-medium-406x271.png 406w, https:\/\/www.footgolf.sport\/wp-content\/uploads\/2024\/11\/honduras-flag-waving-medium-500x334.png 500w, https:\/\/www.footgolf.sport\/wp-content\/uploads\/2024\/11\/honduras-flag-waving-medium-400x267.png 400w, https:\/\/www.footgolf.sport\/wp-content\/uploads\/2024\/11\/honduras-flag-waving-medium-32x21.png 32w\" sizes=\"(max-width: 1000px) 100vw, 1000px\" \/>\t\t\t\t\t\t\t\t\t\t\t\t\t\t\t<\/div>\n\t\t\t\t<\/div>\n\t\t\t\t<div class=\"elementor-element elementor-element-f07e548 sc_fly_static elementor-widget elementor-widget-heading\" data-id=\"f07e548\" data-element_type=\"widget\" data-e-type=\"widget\" data-widget_type=\"heading.default\">\n\t\t\t\t<div class=\"elementor-widget-container\">\n\t\t\t\t\t<h2 class=\"elementor-heading-title elementor-size-default\">HONDURAS<\/h2>\t\t\t\t<\/div>\n\t\t\t\t<\/div>\n\t\t\t\t<div class=\"elementor-element elementor-element-228ab59 sc_fly_static elementor-widget elementor-widget-heading\" data-id=\"228ab59\" data-element_type=\"widget\" data-e-type=\"widget\" data-widget_type=\"heading.default\">\n\t\t\t\t<div class=\"elementor-widget-container\">\n\t\t\t\t\t<h2 class=\"elementor-heading-title elementor-size-default\">AM\u00c9RICA CENTRAL<\/h2>\t\t\t\t<\/div>\n\t\t\t\t<\/div>\n\t\t\t\t<div class=\"elementor-element elementor-element-1c5ee59 elementor-align-left elementor-mobile-align-justify sc_fly_static elementor-widget elementor-widget-button\" data-id=\"1c5ee59\" data-element_type=\"widget\" data-e-type=\"widget\" data-widget_type=\"button.default\">\n\t\t\t\t<div class=\"elementor-widget-container\">\n\t\t\t\t\t\t\t\t\t<div class=\"elementor-button-wrapper\">\n\t\t\t\t\t<a class=\"elementor-button elementor-button-link elementor-size-sm\" href=\"https:\/\/www.footgolf.sport\/es\/america-del-norte\/honduras\/\">\n\t\t\t\t\t\t<span class=\"elementor-button-content-wrapper\">\n\t\t\t\t\t\t<span class=\"elementor-button-icon\">\n\t\t\t\t<i aria-hidden=\"true\" class=\"fas fa-arrow-right\"><\/i>\t\t\t<\/span>\n\t\t\t\t\t\t\t\t\t<span class=\"elementor-button-text\">saber m\u00e1s<\/span>\n\t\t\t\t\t<\/span>\n\t\t\t\t\t<\/a>\n\t\t\t\t<\/div>\n\t\t\t\t\t\t\t\t<\/div>\n\t\t\t\t<\/div>\n\t\t\t\t<\/div>\n\t\t<div class=\"elementor-element elementor-element-890a83b e-con-full e-flex e-con e-child\" data-id=\"890a83b\" data-element_type=\"container\" data-e-type=\"container\" data-settings=\"{&quot;background_background&quot;:&quot;classic&quot;}\">\n\t\t\t\t<div class=\"elementor-element elementor-element-d6933cf sc_fly_static elementor-widget elementor-widget-image\" data-id=\"d6933cf\" data-element_type=\"widget\" data-e-type=\"widget\" data-widget_type=\"image.default\">\n\t\t\t\t<div class=\"elementor-widget-container\">\n\t\t\t\t\t\t\t\t\t\t\t\t\t\t\t<img loading=\"lazy\" decoding=\"async\" width=\"1000\" height=\"667\" src=\"https:\/\/www.footgolf.sport\/wp-content\/uploads\/2024\/11\/mexico-flag-waving-medium.png\" class=\"attachment-large size-large wp-image-10343\" alt=\"Imagen de la bandera mexicana ondeando.\" srcset=\"https:\/\/www.footgolf.sport\/wp-content\/uploads\/2024\/11\/mexico-flag-waving-medium.png 1000w, https:\/\/www.footgolf.sport\/wp-content\/uploads\/2024\/11\/mexico-flag-waving-medium-300x200.png 300w, https:\/\/www.footgolf.sport\/wp-content\/uploads\/2024\/11\/mexico-flag-waving-medium-768x512.png 768w, https:\/\/www.footgolf.sport\/wp-content\/uploads\/2024\/11\/mexico-flag-waving-medium-370x247.png 370w, https:\/\/www.footgolf.sport\/wp-content\/uploads\/2024\/11\/mexico-flag-waving-medium-818x546.png 818w, https:\/\/www.footgolf.sport\/wp-content\/uploads\/2024\/11\/mexico-flag-waving-medium-406x271.png 406w, https:\/\/www.footgolf.sport\/wp-content\/uploads\/2024\/11\/mexico-flag-waving-medium-500x334.png 500w, https:\/\/www.footgolf.sport\/wp-content\/uploads\/2024\/11\/mexico-flag-waving-medium-400x267.png 400w, https:\/\/www.footgolf.sport\/wp-content\/uploads\/2024\/11\/mexico-flag-waving-medium-32x21.png 32w\" sizes=\"(max-width: 1000px) 100vw, 1000px\" \/>\t\t\t\t\t\t\t\t\t\t\t\t\t\t\t<\/div>\n\t\t\t\t<\/div>\n\t\t\t\t<div class=\"elementor-element elementor-element-276d22f sc_fly_static elementor-widget elementor-widget-heading\" data-id=\"276d22f\" data-element_type=\"widget\" data-e-type=\"widget\" data-widget_type=\"heading.default\">\n\t\t\t\t<div class=\"elementor-widget-container\">\n\t\t\t\t\t<h2 class=\"elementor-heading-title elementor-size-default\">M\u00c9XICO<\/h2>\t\t\t\t<\/div>\n\t\t\t\t<\/div>\n\t\t\t\t<div class=\"elementor-element elementor-element-3800d39 sc_fly_static elementor-widget elementor-widget-heading\" data-id=\"3800d39\" data-element_type=\"widget\" data-e-type=\"widget\" data-widget_type=\"heading.default\">\n\t\t\t\t<div class=\"elementor-widget-container\">\n\t\t\t\t\t<h2 class=\"elementor-heading-title elementor-size-default\">AM\u00c9RICA DEL NORTE<\/h2>\t\t\t\t<\/div>\n\t\t\t\t<\/div>\n\t\t\t\t<div class=\"elementor-element elementor-element-84e9953 elementor-align-left elementor-mobile-align-justify sc_fly_static elementor-widget elementor-widget-button\" data-id=\"84e9953\" data-element_type=\"widget\" data-e-type=\"widget\" data-widget_type=\"button.default\">\n\t\t\t\t<div class=\"elementor-widget-container\">\n\t\t\t\t\t\t\t\t\t<div class=\"elementor-button-wrapper\">\n\t\t\t\t\t<a class=\"elementor-button elementor-button-link elementor-size-sm\" href=\"https:\/\/www.footgolf.sport\/es\/america-del-norte\/mexico\/\">\n\t\t\t\t\t\t<span class=\"elementor-button-content-wrapper\">\n\t\t\t\t\t\t<span class=\"elementor-button-icon\">\n\t\t\t\t<i aria-hidden=\"true\" class=\"fas fa-arrow-right\"><\/i>\t\t\t<\/span>\n\t\t\t\t\t\t\t\t\t<span class=\"elementor-button-text\">saber m\u00e1s<\/span>\n\t\t\t\t\t<\/span>\n\t\t\t\t\t<\/a>\n\t\t\t\t<\/div>\n\t\t\t\t\t\t\t\t<\/div>\n\t\t\t\t<\/div>\n\t\t\t\t<\/div>\n\t\t<div class=\"elementor-element elementor-element-50792e8 e-con-full e-flex e-con e-child\" data-id=\"50792e8\" data-element_type=\"container\" data-e-type=\"container\" data-settings=\"{&quot;background_background&quot;:&quot;classic&quot;}\">\n\t\t\t\t<div class=\"elementor-element elementor-element-f5ba349 sc_fly_static elementor-widget elementor-widget-image\" data-id=\"f5ba349\" data-element_type=\"widget\" data-e-type=\"widget\" data-widget_type=\"image.default\">\n\t\t\t\t<div class=\"elementor-widget-container\">\n\t\t\t\t\t\t\t\t\t\t\t\t\t\t\t<img loading=\"lazy\" decoding=\"async\" width=\"1000\" height=\"667\" src=\"https:\/\/www.footgolf.sport\/wp-content\/uploads\/2024\/11\/united-states-of-america-flag-waving-medium.png\" class=\"attachment-large size-large wp-image-10342\" alt=\"Imagen de la bandera de los Estados Unidos de Am\u00e9rica ondeando.\" srcset=\"https:\/\/www.footgolf.sport\/wp-content\/uploads\/2024\/11\/united-states-of-america-flag-waving-medium.png 1000w, https:\/\/www.footgolf.sport\/wp-content\/uploads\/2024\/11\/united-states-of-america-flag-waving-medium-300x200.png 300w, https:\/\/www.footgolf.sport\/wp-content\/uploads\/2024\/11\/united-states-of-america-flag-waving-medium-768x512.png 768w, https:\/\/www.footgolf.sport\/wp-content\/uploads\/2024\/11\/united-states-of-america-flag-waving-medium-370x247.png 370w, https:\/\/www.footgolf.sport\/wp-content\/uploads\/2024\/11\/united-states-of-america-flag-waving-medium-818x546.png 818w, https:\/\/www.footgolf.sport\/wp-content\/uploads\/2024\/11\/united-states-of-america-flag-waving-medium-406x271.png 406w, https:\/\/www.footgolf.sport\/wp-content\/uploads\/2024\/11\/united-states-of-america-flag-waving-medium-500x334.png 500w, https:\/\/www.footgolf.sport\/wp-content\/uploads\/2024\/11\/united-states-of-america-flag-waving-medium-400x267.png 400w, https:\/\/www.footgolf.sport\/wp-content\/uploads\/2024\/11\/united-states-of-america-flag-waving-medium-32x21.png 32w\" sizes=\"(max-width: 1000px) 100vw, 1000px\" \/>\t\t\t\t\t\t\t\t\t\t\t\t\t\t\t<\/div>\n\t\t\t\t<\/div>\n\t\t\t\t<div class=\"elementor-element elementor-element-7c21d7b sc_fly_static elementor-widget elementor-widget-heading\" data-id=\"7c21d7b\" data-element_type=\"widget\" data-e-type=\"widget\" data-widget_type=\"heading.default\">\n\t\t\t\t<div class=\"elementor-widget-container\">\n\t\t\t\t\t<h2 class=\"elementor-heading-title elementor-size-default\">Estados Unidos<\/h2>\t\t\t\t<\/div>\n\t\t\t\t<\/div>\n\t\t\t\t<div class=\"elementor-element elementor-element-6d3873c sc_fly_static elementor-widget elementor-widget-heading\" data-id=\"6d3873c\" data-element_type=\"widget\" data-e-type=\"widget\" data-widget_type=\"heading.default\">\n\t\t\t\t<div class=\"elementor-widget-container\">\n\t\t\t\t\t<h2 class=\"elementor-heading-title elementor-size-default\">Norteam\u00e9rica<\/h2>\t\t\t\t<\/div>\n\t\t\t\t<\/div>\n\t\t\t\t<div class=\"elementor-element elementor-element-595fd29 elementor-align-left elementor-mobile-align-justify sc_fly_static elementor-widget elementor-widget-button\" data-id=\"595fd29\" data-element_type=\"widget\" data-e-type=\"widget\" data-widget_type=\"button.default\">\n\t\t\t\t<div class=\"elementor-widget-container\">\n\t\t\t\t\t\t\t\t\t<div class=\"elementor-button-wrapper\">\n\t\t\t\t\t<a class=\"elementor-button elementor-button-link elementor-size-sm\" href=\"https:\/\/www.footgolf.sport\/es\/america-del-norte\/estados-unidos\/\">\n\t\t\t\t\t\t<span class=\"elementor-button-content-wrapper\">\n\t\t\t\t\t\t<span class=\"elementor-button-icon\">\n\t\t\t\t<i aria-hidden=\"true\" class=\"fas fa-arrow-right\"><\/i>\t\t\t<\/span>\n\t\t\t\t\t\t\t\t\t<span class=\"elementor-button-text\">saber m\u00e1s<\/span>\n\t\t\t\t\t<\/span>\n\t\t\t\t\t<\/a>\n\t\t\t\t<\/div>\n\t\t\t\t\t\t\t\t<\/div>\n\t\t\t\t<\/div>\n\t\t\t\t<\/div>\n\t\t\t\t\t<\/div>\n\t\t\t\t<\/div>\n\t\t<div class=\"elementor-element elementor-element-c062b2a e-flex e-con-boxed e-con e-parent\" data-id=\"c062b2a\" data-element_type=\"container\" data-e-type=\"container\">\n\t\t\t\t\t<div class=\"e-con-inner\">\n\t\t\t\t<div class=\"elementor-element elementor-element-038be6c elementor-align-justify elementor-mobile-align-justify sc_fly_static elementor-widget elementor-widget-button\" data-id=\"038be6c\" data-element_type=\"widget\" data-e-type=\"widget\" data-widget_type=\"button.default\">\n\t\t\t\t<div class=\"elementor-widget-container\">\n\t\t\t\t\t\t\t\t\t<div class=\"elementor-button-wrapper\">\n\t\t\t\t\t<a class=\"elementor-button elementor-button-link elementor-size-sm\" href=\"https:\/\/fifg.bluegolf.com\/bluegolf\/fifg24\/poy\/ar1menov\/index.htm\" target=\"_blank\" rel=\"noopener\">\n\t\t\t\t\t\t<span class=\"elementor-button-content-wrapper\">\n\t\t\t\t\t\t<span class=\"elementor-button-icon\">\n\t\t\t\t<i aria-hidden=\"true\" class=\"fas fa-arrow-right\"><\/i>\t\t\t<\/span>\n\t\t\t\t\t\t\t\t\t<span class=\"elementor-button-text\">CLASIFICACIONES REGIONALES - TODAS LAS CATEGOR\u00cdAS<\/span>\n\t\t\t\t\t<\/span>\n\t\t\t\t\t<\/a>\n\t\t\t\t<\/div>\n\t\t\t\t\t\t\t\t<\/div>\n\t\t\t\t<\/div>\n\t\t\t\t\t<\/div>\n\t\t\t\t<\/div>\n\t\t\t\t<\/div>\n\t\t","protected":false},"excerpt":{"rendered":"<p>Norte &#8211; CENTROAm\u00e9rica y Caribenaciones Canad\u00e1 Norteam\u00e9rica saber m\u00e1s Rep\u00fablica Dominicana Norteam\u00e9rica saber m\u00e1s HONDURAS AM\u00c9RICA CENTRAL saber m\u00e1s M\u00c9XICO&hellip;<\/p>\n","protected":false},"author":1,"featured_media":0,"parent":0,"menu_order":0,"comment_status":"closed","ping_status":"closed","template":"","meta":{"footnotes":""},"class_list":["post-10334","page","type-page","status-publish","hentry"],"_links":{"self":[{"href":"https:\/\/www.footgolf.sport\/es\/wp-json\/wp\/v2\/pages\/10334","targetHints":{"allow":["GET"]}}],"collection":[{"href":"https:\/\/www.footgolf.sport\/es\/wp-json\/wp\/v2\/pages"}],"about":[{"href":"https:\/\/www.footgolf.sport\/es\/wp-json\/wp\/v2\/types\/page"}],"author":[{"embeddable":true,"href":"https:\/\/www.footgolf.sport\/es\/wp-json\/wp\/v2\/users\/1"}],"replies":[{"embeddable":true,"href":"https:\/\/www.footgolf.sport\/es\/wp-json\/wp\/v2\/comments?post=10334"}],"version-history":[{"count":5,"href":"https:\/\/www.footgolf.sport\/es\/wp-json\/wp\/v2\/pages\/10334\/revisions"}],"predecessor-version":[{"id":11200,"href":"https:\/\/www.footgolf.sport\/es\/wp-json\/wp\/v2\/pages\/10334\/revisions\/11200"}],"wp:attachment":[{"href":"https:\/\/www.footgolf.sport\/es\/wp-json\/wp\/v2\/media?parent=10334"}],"curies":[{"name":"wp","href":"https:\/\/api.w.org\/{rel}","templated":true}]}}