{"id":4808,"date":"2026-04-03T17:58:35","date_gmt":"2026-04-03T17:58:35","guid":{"rendered":"https:\/\/www.footgolf.sport\/acapulcoworldcup2026\/?page_id=4808"},"modified":"2026-04-03T18:00:30","modified_gmt":"2026-04-03T18:00:30","slug":"germany","status":"publish","type":"page","link":"https:\/\/www.footgolf.sport\/acapulcoworldcup2026\/team-roster\/germany\/","title":{"rendered":"Germany"},"content":{"rendered":"\t\t<div data-elementor-type=\"wp-page\" data-elementor-id=\"4808\" class=\"elementor elementor-4808\" data-elementor-post-type=\"page\">\n\t\t\t\t<div class=\"elementor-element elementor-element-fa184ec e-flex e-con-boxed e-con e-parent\" data-id=\"fa184ec\" data-element_type=\"container\" data-e-type=\"container\">\n\t\t\t\t\t<div class=\"e-con-inner\">\n\t\t\t\t<div class=\"elementor-element elementor-element-53f897d elementor-align-center sc_fly_static elementor-widget elementor-widget-global elementor-global-3925 elementor-widget-button\" data-id=\"53f897d\" data-element_type=\"widget\" data-e-type=\"widget\" data-widget_type=\"button.default\">\n\t\t\t\t<div class=\"elementor-widget-container\">\n\t\t\t\t\t\t\t\t\t<div class=\"elementor-button-wrapper\">\n\t\t\t\t\t<a class=\"elementor-button elementor-button-link elementor-size-sm\" href=\"https:\/\/www.footgolf.sport\/acapulcoworldcup2026\/individual-roster\/\">\n\t\t\t\t\t\t<span class=\"elementor-button-content-wrapper\">\n\t\t\t\t\t\t\t\t\t<span class=\"elementor-button-text\">&lt; Back<\/span>\n\t\t\t\t\t<\/span>\n\t\t\t\t\t<\/a>\n\t\t\t\t<\/div>\n\t\t\t\t\t\t\t\t<\/div>\n\t\t\t\t<\/div>\n\t\t\t\t<div class=\"elementor-element elementor-element-8b5c4bf sc_fly_static elementor-invisible elementor-widget elementor-widget-heading\" data-id=\"8b5c4bf\" data-element_type=\"widget\" data-e-type=\"widget\" data-settings=\"{&quot;motion_fx_motion_fx_scrolling&quot;:&quot;yes&quot;,&quot;_animation&quot;:&quot;fadeInUp&quot;,&quot;motion_fx_devices&quot;:[&quot;desktop&quot;,&quot;laptop&quot;,&quot;tablet&quot;,&quot;mobile&quot;]}\" data-widget_type=\"heading.default\">\n\t\t\t\t<div class=\"elementor-widget-container\">\n\t\t\t\t\t<h2 class=\"elementor-heading-title elementor-size-default\">Germany<\/h2>\t\t\t\t<\/div>\n\t\t\t\t<\/div>\n\t\t\t\t<div class=\"elementor-element elementor-element-0183ea0 elementor-widget-divider--view-line sc_fly_static elementor-widget elementor-widget-divider\" data-id=\"0183ea0\" data-element_type=\"widget\" data-e-type=\"widget\" data-widget_type=\"divider.default\">\n\t\t\t\t<div class=\"elementor-widget-container\">\n\t\t\t\t\t\t\t<div class=\"elementor-divider\">\n\t\t\t<span class=\"elementor-divider-separator\">\n\t\t\t\t\t\t<\/span>\n\t\t<\/div>\n\t\t\t\t\t\t<\/div>\n\t\t\t\t<\/div>\n\t\t\t\t<div class=\"elementor-element elementor-element-2061dfc sc_fly_static elementor-invisible elementor-widget elementor-widget-heading\" data-id=\"2061dfc\" data-element_type=\"widget\" data-e-type=\"widget\" data-settings=\"{&quot;motion_fx_motion_fx_scrolling&quot;:&quot;yes&quot;,&quot;_animation&quot;:&quot;fadeInUp&quot;,&quot;motion_fx_devices&quot;:[&quot;desktop&quot;,&quot;laptop&quot;,&quot;tablet&quot;,&quot;mobile&quot;]}\" data-widget_type=\"heading.default\">\n\t\t\t\t<div class=\"elementor-widget-container\">\n\t\t\t\t\t<h2 class=\"elementor-heading-title elementor-size-default\"><a href=\"https:\/\/www.footgolf.sport\/south-america\/argentina\/\" target=\"_blank\">Fifg Member<\/a><\/h2>\t\t\t\t<\/div>\n\t\t\t\t<\/div>\n\t\t\t\t\t<\/div>\n\t\t\t\t<\/div>\n\t\t<div class=\"elementor-element elementor-element-32c50e4 e-flex e-con-boxed e-con e-parent\" data-id=\"32c50e4\" data-element_type=\"container\" data-e-type=\"container\">\n\t\t\t\t\t<div class=\"e-con-inner\">\n\t\t\t\t<div class=\"elementor-element elementor-element-9d4e77e sc_fly_static elementor-widget elementor-widget-image\" data-id=\"9d4e77e\" data-element_type=\"widget\" data-e-type=\"widget\" data-widget_type=\"image.default\">\n\t\t\t\t<div class=\"elementor-widget-container\">\n\t\t\t\t\t\t\t\t\t\t\t\t\t\t\t\t<a href=\"https:\/\/www.footgolf.sport\/europe\/germany\/\" target=\"_blank\">\n\t\t\t\t\t\t\t<img fetchpriority=\"high\" decoding=\"async\" width=\"374\" height=\"380\" src=\"https:\/\/www.footgolf.sport\/acapulcoworldcup2026\/wp-content\/uploads\/sites\/7\/2026\/03\/FootGolf-germany.png\" class=\"attachment-full size-full wp-image-4655\" alt=\"\" srcset=\"https:\/\/www.footgolf.sport\/acapulcoworldcup2026\/wp-content\/uploads\/sites\/7\/2026\/03\/FootGolf-germany.png 374w, https:\/\/www.footgolf.sport\/acapulcoworldcup2026\/wp-content\/uploads\/sites\/7\/2026\/03\/FootGolf-germany-295x300.png 295w, https:\/\/www.footgolf.sport\/acapulcoworldcup2026\/wp-content\/uploads\/sites\/7\/2026\/03\/FootGolf-germany-370x376.png 370w, https:\/\/www.footgolf.sport\/acapulcoworldcup2026\/wp-content\/uploads\/sites\/7\/2026\/03\/FootGolf-germany-90x90.png 90w, https:\/\/www.footgolf.sport\/acapulcoworldcup2026\/wp-content\/uploads\/sites\/7\/2026\/03\/FootGolf-germany-32x32.png 32w\" sizes=\"(max-width: 374px) 100vw, 374px\" \/>\t\t\t\t\t\t\t\t<\/a>\n\t\t\t\t\t\t\t\t\t\t\t\t\t\t\t<\/div>\n\t\t\t\t<\/div>\n\t\t\t\t<div class=\"elementor-element elementor-element-47bfba7 sc_fly_static elementor-widget elementor-widget-image\" data-id=\"47bfba7\" data-element_type=\"widget\" data-e-type=\"widget\" data-widget_type=\"image.default\">\n\t\t\t\t<div class=\"elementor-widget-container\">\n\t\t\t\t\t\t\t\t\t\t\t\t\t\t\t<img decoding=\"async\" width=\"357\" height=\"381\" src=\"https:\/\/www.footgolf.sport\/acapulcoworldcup2026\/wp-content\/uploads\/sites\/7\/2025\/11\/BirdsAsset-1-1.svg\" class=\"attachment-full size-full wp-image-285\" alt=\"\" \/>\t\t\t\t\t\t\t\t\t\t\t\t\t\t\t<\/div>\n\t\t\t\t<\/div>\n\t\t\t\t<div class=\"elementor-element elementor-element-a71ae83 sc_fly_static elementor-widget elementor-widget-image\" data-id=\"a71ae83\" data-element_type=\"widget\" data-e-type=\"widget\" data-widget_type=\"image.default\">\n\t\t\t\t<div class=\"elementor-widget-container\">\n\t\t\t\t\t\t\t\t\t\t\t\t\t\t\t\t<a href=\"https:\/\/footgolf.sport\/\" target=\"_blank\" rel=\"noopener\">\n\t\t\t\t\t\t\t<img decoding=\"async\" width=\"208\" height=\"161\" src=\"https:\/\/www.footgolf.sport\/acapulcoworldcup2026\/wp-content\/uploads\/sites\/7\/2025\/10\/FIFG_2024_logo_alt_CMYK-2-1.svg\" class=\"attachment-full size-full wp-image-59\" alt=\"\" \/>\t\t\t\t\t\t\t\t<\/a>\n\t\t\t\t\t\t\t\t\t\t\t\t\t\t\t<\/div>\n\t\t\t\t<\/div>\n\t\t\t\t\t<\/div>\n\t\t\t\t<\/div>\n\t\t<div class=\"elementor-element elementor-element-99aacbf e-flex e-con-boxed elementor-invisible e-con e-parent\" data-id=\"99aacbf\" data-element_type=\"container\" data-e-type=\"container\" data-settings=\"{&quot;animation&quot;:&quot;fadeInUp&quot;}\">\n\t\t\t\t\t<div class=\"e-con-inner\">\n\t\t<div class=\"elementor-element elementor-element-f610559 e-con-full e-flex e-con e-child\" data-id=\"f610559\" data-element_type=\"container\" data-e-type=\"container\" data-settings=\"{&quot;background_background&quot;:&quot;classic&quot;}\">\n\t\t\t\t<div class=\"elementor-element elementor-element-2d17f33 sc_fly_static elementor-widget elementor-widget-image\" data-id=\"2d17f33\" data-element_type=\"widget\" data-e-type=\"widget\" data-widget_type=\"image.default\">\n\t\t\t\t<div class=\"elementor-widget-container\">\n\t\t\t\t\t\t\t\t\t\t\t\t\t\t\t<img loading=\"lazy\" decoding=\"async\" width=\"44\" height=\"52\" src=\"https:\/\/www.footgolf.sport\/acapulcoworldcup2026\/wp-content\/uploads\/sites\/7\/2026\/01\/Group-2.svg\" class=\"attachment-large size-large wp-image-1533\" alt=\"\" \/>\t\t\t\t\t\t\t\t\t\t\t\t\t\t\t<\/div>\n\t\t\t\t<\/div>\n\t\t\t\t<div class=\"elementor-element elementor-element-4fca8e3 sc_fly_static elementor-widget elementor-widget-heading\" data-id=\"4fca8e3\" data-element_type=\"widget\" data-e-type=\"widget\" data-settings=\"{&quot;motion_fx_motion_fx_scrolling&quot;:&quot;yes&quot;,&quot;motion_fx_devices&quot;:[&quot;desktop&quot;,&quot;laptop&quot;,&quot;tablet&quot;,&quot;mobile&quot;]}\" data-widget_type=\"heading.default\">\n\t\t\t\t<div class=\"elementor-widget-container\">\n\t\t\t\t\t<h2 class=\"elementor-heading-title elementor-size-default\">MEN CATEGORY<\/h2>\t\t\t\t<\/div>\n\t\t\t\t<\/div>\n\t\t\t\t<div class=\"elementor-element elementor-element-21580fc sc_fly_static elementor-widget elementor-widget-image\" data-id=\"21580fc\" data-element_type=\"widget\" data-e-type=\"widget\" data-widget_type=\"image.default\">\n\t\t\t\t<div class=\"elementor-widget-container\">\n\t\t\t\t\t\t\t\t\t\t\t\t\t\t\t<img loading=\"lazy\" decoding=\"async\" width=\"67\" height=\"42\" src=\"https:\/\/www.footgolf.sport\/acapulcoworldcup2026\/wp-content\/uploads\/sites\/7\/2026\/01\/Capa-1.svg\" class=\"attachment-large size-large wp-image-1524\" alt=\"\" \/>\t\t\t\t\t\t\t\t\t\t\t\t\t\t\t<\/div>\n\t\t\t\t<\/div>\n\t\t\t\t<\/div>\n\t\t<div class=\"elementor-element elementor-element-5fdff35 e-con-full e-flex e-con e-child\" data-id=\"5fdff35\" data-element_type=\"container\" data-e-type=\"container\" data-settings=\"{&quot;background_background&quot;:&quot;classic&quot;}\">\n\t\t<div class=\"elementor-element elementor-element-5494e96 e-grid e-con-boxed e-con e-child\" data-id=\"5494e96\" data-element_type=\"container\" data-e-type=\"container\">\n\t\t\t\t\t<div class=\"e-con-inner\">\n\t\t\t\t<div class=\"elementor-element elementor-element-db9335c elementor-widget__width-initial name-player-section sc_fly_static elementor-widget elementor-widget-heading\" data-id=\"db9335c\" data-element_type=\"widget\" data-e-type=\"widget\" data-widget_type=\"heading.default\">\n\t\t\t\t<div class=\"elementor-widget-container\">\n\t\t\t\t\t<h2 class=\"elementor-heading-title elementor-size-default\">David Maximilian \u0160ibila<\/h2>\t\t\t\t<\/div>\n\t\t\t\t<\/div>\n\t\t\t\t\t<\/div>\n\t\t\t\t<\/div>\n\t\t\t\t<\/div>\n\t\t<div class=\"elementor-element elementor-element-9a1ddbf e-con-full e-flex e-con e-child\" data-id=\"9a1ddbf\" data-element_type=\"container\" data-e-type=\"container\" data-settings=\"{&quot;background_background&quot;:&quot;classic&quot;}\">\n\t\t\t\t<\/div>\n\t\t\t\t\t<\/div>\n\t\t\t\t<\/div>\n\t\t<div class=\"elementor-element elementor-element-9a6899f e-flex e-con-boxed elementor-invisible e-con e-parent\" data-id=\"9a6899f\" data-element_type=\"container\" data-e-type=\"container\" data-settings=\"{&quot;animation&quot;:&quot;fadeInUp&quot;}\">\n\t\t\t\t\t<div class=\"e-con-inner\">\n\t\t<div class=\"elementor-element elementor-element-7c37317 e-con-full e-flex e-con e-child\" data-id=\"7c37317\" data-element_type=\"container\" data-e-type=\"container\" data-settings=\"{&quot;background_background&quot;:&quot;classic&quot;}\">\n\t\t\t\t<div class=\"elementor-element elementor-element-1f9e738 sc_fly_static elementor-widget elementor-widget-image\" data-id=\"1f9e738\" data-element_type=\"widget\" data-e-type=\"widget\" data-widget_type=\"image.default\">\n\t\t\t\t<div class=\"elementor-widget-container\">\n\t\t\t\t\t\t\t\t\t\t\t\t\t\t\t<img loading=\"lazy\" decoding=\"async\" width=\"44\" height=\"52\" src=\"https:\/\/www.footgolf.sport\/acapulcoworldcup2026\/wp-content\/uploads\/sites\/7\/2026\/01\/Group-2.svg\" class=\"attachment-large size-large wp-image-1533\" alt=\"\" \/>\t\t\t\t\t\t\t\t\t\t\t\t\t\t\t<\/div>\n\t\t\t\t<\/div>\n\t\t\t\t<div class=\"elementor-element elementor-element-c95b403 sc_fly_static elementor-widget elementor-widget-heading\" data-id=\"c95b403\" data-element_type=\"widget\" data-e-type=\"widget\" data-settings=\"{&quot;motion_fx_motion_fx_scrolling&quot;:&quot;yes&quot;,&quot;motion_fx_devices&quot;:[&quot;desktop&quot;,&quot;laptop&quot;,&quot;tablet&quot;,&quot;mobile&quot;]}\" data-widget_type=\"heading.default\">\n\t\t\t\t<div class=\"elementor-widget-container\">\n\t\t\t\t\t<h2 class=\"elementor-heading-title elementor-size-default\">SENIOR MEN CATEGORY<\/h2>\t\t\t\t<\/div>\n\t\t\t\t<\/div>\n\t\t\t\t<div class=\"elementor-element elementor-element-17c0f12 sc_fly_static elementor-widget elementor-widget-image\" data-id=\"17c0f12\" data-element_type=\"widget\" data-e-type=\"widget\" data-widget_type=\"image.default\">\n\t\t\t\t<div class=\"elementor-widget-container\">\n\t\t\t\t\t\t\t\t\t\t\t\t\t\t\t<img loading=\"lazy\" decoding=\"async\" width=\"67\" height=\"42\" src=\"https:\/\/www.footgolf.sport\/acapulcoworldcup2026\/wp-content\/uploads\/sites\/7\/2026\/01\/Capa-1.svg\" class=\"attachment-large size-large wp-image-1524\" alt=\"\" \/>\t\t\t\t\t\t\t\t\t\t\t\t\t\t\t<\/div>\n\t\t\t\t<\/div>\n\t\t\t\t<\/div>\n\t\t<div class=\"elementor-element elementor-element-e9bd7eb e-con-full e-flex e-con e-child\" data-id=\"e9bd7eb\" data-element_type=\"container\" data-e-type=\"container\" data-settings=\"{&quot;background_background&quot;:&quot;classic&quot;}\">\n\t\t<div class=\"elementor-element elementor-element-50206f0 e-grid e-con-boxed e-con e-child\" data-id=\"50206f0\" data-element_type=\"container\" data-e-type=\"container\">\n\t\t\t\t\t<div class=\"e-con-inner\">\n\t\t\t\t<div class=\"elementor-element elementor-element-5fa4451 elementor-widget__width-initial name-player-section sc_fly_static elementor-widget elementor-widget-heading\" data-id=\"5fa4451\" data-element_type=\"widget\" data-e-type=\"widget\" data-widget_type=\"heading.default\">\n\t\t\t\t<div class=\"elementor-widget-container\">\n\t\t\t\t\t<h2 class=\"elementor-heading-title elementor-size-default\">Boris \u0160ibila<\/h2>\t\t\t\t<\/div>\n\t\t\t\t<\/div>\n\t\t\t\t<div class=\"elementor-element elementor-element-e3f1aec elementor-widget__width-initial name-player-section sc_fly_static elementor-widget elementor-widget-heading\" data-id=\"e3f1aec\" data-element_type=\"widget\" data-e-type=\"widget\" data-widget_type=\"heading.default\">\n\t\t\t\t<div class=\"elementor-widget-container\">\n\t\t\t\t\t<h2 class=\"elementor-heading-title elementor-size-default\">Silvio M\u00fcller<\/h2>\t\t\t\t<\/div>\n\t\t\t\t<\/div>\n\t\t\t\t\t<\/div>\n\t\t\t\t<\/div>\n\t\t\t\t<\/div>\n\t\t<div class=\"elementor-element elementor-element-83a8cc9 e-con-full e-flex e-con e-child\" data-id=\"83a8cc9\" data-element_type=\"container\" data-e-type=\"container\" data-settings=\"{&quot;background_background&quot;:&quot;classic&quot;}\">\n\t\t\t\t<\/div>\n\t\t\t\t\t<\/div>\n\t\t\t\t<\/div>\n\t\t<div class=\"elementor-element elementor-element-d4bb3ae e-flex e-con-boxed elementor-invisible e-con e-parent\" data-id=\"d4bb3ae\" data-element_type=\"container\" data-e-type=\"container\" data-settings=\"{&quot;animation&quot;:&quot;fadeInUp&quot;}\">\n\t\t\t\t\t<div class=\"e-con-inner\">\n\t\t<div class=\"elementor-element elementor-element-7193880 e-con-full e-flex e-con e-child\" data-id=\"7193880\" data-element_type=\"container\" data-e-type=\"container\" data-settings=\"{&quot;background_background&quot;:&quot;classic&quot;}\">\n\t\t\t\t<div class=\"elementor-element elementor-element-a3d0760 sc_fly_static elementor-widget elementor-widget-image\" data-id=\"a3d0760\" data-element_type=\"widget\" data-e-type=\"widget\" data-widget_type=\"image.default\">\n\t\t\t\t<div class=\"elementor-widget-container\">\n\t\t\t\t\t\t\t\t\t\t\t\t\t\t\t<img loading=\"lazy\" decoding=\"async\" width=\"44\" height=\"52\" src=\"https:\/\/www.footgolf.sport\/acapulcoworldcup2026\/wp-content\/uploads\/sites\/7\/2026\/01\/Group-2.svg\" class=\"attachment-large size-large wp-image-1533\" alt=\"\" \/>\t\t\t\t\t\t\t\t\t\t\t\t\t\t\t<\/div>\n\t\t\t\t<\/div>\n\t\t\t\t<div class=\"elementor-element elementor-element-d02cc44 sc_fly_static elementor-widget elementor-widget-heading\" data-id=\"d02cc44\" data-element_type=\"widget\" data-e-type=\"widget\" data-settings=\"{&quot;motion_fx_motion_fx_scrolling&quot;:&quot;yes&quot;,&quot;motion_fx_devices&quot;:[&quot;desktop&quot;,&quot;laptop&quot;,&quot;tablet&quot;,&quot;mobile&quot;]}\" data-widget_type=\"heading.default\">\n\t\t\t\t<div class=\"elementor-widget-container\">\n\t\t\t\t\t<h2 class=\"elementor-heading-title elementor-size-default\">SENIOR MEN PLUS CATEGORY<\/h2>\t\t\t\t<\/div>\n\t\t\t\t<\/div>\n\t\t\t\t<div class=\"elementor-element elementor-element-5634026 sc_fly_static elementor-widget elementor-widget-image\" data-id=\"5634026\" data-element_type=\"widget\" data-e-type=\"widget\" data-widget_type=\"image.default\">\n\t\t\t\t<div class=\"elementor-widget-container\">\n\t\t\t\t\t\t\t\t\t\t\t\t\t\t\t<img loading=\"lazy\" decoding=\"async\" width=\"67\" height=\"42\" src=\"https:\/\/www.footgolf.sport\/acapulcoworldcup2026\/wp-content\/uploads\/sites\/7\/2026\/01\/Capa-1.svg\" class=\"attachment-large size-large wp-image-1524\" alt=\"\" \/>\t\t\t\t\t\t\t\t\t\t\t\t\t\t\t<\/div>\n\t\t\t\t<\/div>\n\t\t\t\t<\/div>\n\t\t<div class=\"elementor-element elementor-element-abcb143 e-con-full e-flex e-con e-child\" data-id=\"abcb143\" data-element_type=\"container\" data-e-type=\"container\" data-settings=\"{&quot;background_background&quot;:&quot;classic&quot;}\">\n\t\t<div class=\"elementor-element elementor-element-c86340e e-grid e-con-boxed e-con e-child\" data-id=\"c86340e\" data-element_type=\"container\" data-e-type=\"container\">\n\t\t\t\t\t<div class=\"e-con-inner\">\n\t\t\t\t<div class=\"elementor-element elementor-element-c528455 elementor-widget__width-initial name-player-section sc_fly_static elementor-widget elementor-widget-heading\" data-id=\"c528455\" data-element_type=\"widget\" data-e-type=\"widget\" data-widget_type=\"heading.default\">\n\t\t\t\t<div class=\"elementor-widget-container\">\n\t\t\t\t\t<h2 class=\"elementor-heading-title elementor-size-default\">Rene Schmitt<\/h2>\t\t\t\t<\/div>\n\t\t\t\t<\/div>\n\t\t\t\t\t<\/div>\n\t\t\t\t<\/div>\n\t\t\t\t<\/div>\n\t\t<div class=\"elementor-element elementor-element-d114a8a e-con-full e-flex e-con e-child\" data-id=\"d114a8a\" data-element_type=\"container\" data-e-type=\"container\" data-settings=\"{&quot;background_background&quot;:&quot;classic&quot;}\">\n\t\t\t\t<\/div>\n\t\t\t\t\t<\/div>\n\t\t\t\t<\/div>\n\t\t<div class=\"elementor-element elementor-element-d88bff5 e-flex e-con-boxed e-con e-parent\" data-id=\"d88bff5\" data-element_type=\"container\" data-e-type=\"container\">\n\t\t\t\t\t<div class=\"e-con-inner\">\n\t\t\t\t<div class=\"elementor-element elementor-element-626bbdc sc_fly_static elementor-widget elementor-widget-spacer\" data-id=\"626bbdc\" data-element_type=\"widget\" data-e-type=\"widget\" data-widget_type=\"spacer.default\">\n\t\t\t\t<div class=\"elementor-widget-container\">\n\t\t\t\t\t\t\t<div class=\"elementor-spacer\">\n\t\t\t<div class=\"elementor-spacer-inner\"><\/div>\n\t\t<\/div>\n\t\t\t\t\t\t<\/div>\n\t\t\t\t<\/div>\n\t\t\t\t\t<\/div>\n\t\t\t\t<\/div>\n\t\t\t\t<\/div>\n\t\t","protected":false},"excerpt":{"rendered":"<p>&lt; Back Fifg Member MEN CATEGORY David Maximilian \u0160ibila SENIOR MEN CATEGORY Boris \u0160ibila Silvio M\u00fcller SENIOR MEN PLUS CATEGORY&hellip;<\/p>\n","protected":false},"author":990087,"featured_media":0,"parent":1615,"menu_order":0,"comment_status":"closed","ping_status":"closed","template":"elementor_header_footer","meta":{"footnotes":""},"class_list":["post-4808","page","type-page","status-publish","hentry"],"_links":{"self":[{"href":"https:\/\/www.footgolf.sport\/acapulcoworldcup2026\/wp-json\/wp\/v2\/pages\/4808","targetHints":{"allow":["GET"]}}],"collection":[{"href":"https:\/\/www.footgolf.sport\/acapulcoworldcup2026\/wp-json\/wp\/v2\/pages"}],"about":[{"href":"https:\/\/www.footgolf.sport\/acapulcoworldcup2026\/wp-json\/wp\/v2\/types\/page"}],"author":[{"embeddable":true,"href":"https:\/\/www.footgolf.sport\/acapulcoworldcup2026\/wp-json\/wp\/v2\/users\/990087"}],"replies":[{"embeddable":true,"href":"https:\/\/www.footgolf.sport\/acapulcoworldcup2026\/wp-json\/wp\/v2\/comments?post=4808"}],"version-history":[{"count":4,"href":"https:\/\/www.footgolf.sport\/acapulcoworldcup2026\/wp-json\/wp\/v2\/pages\/4808\/revisions"}],"predecessor-version":[{"id":4812,"href":"https:\/\/www.footgolf.sport\/acapulcoworldcup2026\/wp-json\/wp\/v2\/pages\/4808\/revisions\/4812"}],"up":[{"embeddable":true,"href":"https:\/\/www.footgolf.sport\/acapulcoworldcup2026\/wp-json\/wp\/v2\/pages\/1615"}],"wp:attachment":[{"href":"https:\/\/www.footgolf.sport\/acapulcoworldcup2026\/wp-json\/wp\/v2\/media?parent=4808"}],"curies":[{"name":"wp","href":"https:\/\/api.w.org\/{rel}","templated":true}]}}